{"id":173170,"date":"2025-02-25T06:52:04","date_gmt":"2025-02-25T06:52:04","guid":{"rendered":"https:\/\/nexgendecors.com\/en\/product\/star-hotel-single-bed-sheet-80-thread-count-pure-cotton-satin-bed-cover-white-cotton-hotel-bed-cover-linen-wholesale\/"},"modified":"2025-02-25T06:52:27","modified_gmt":"2025-02-25T06:52:27","slug":"star-hotel-single-bed-sheet-80-thread-count-pure-cotton-satin-bed-cover-white-cotton-hotel-bed-cover-linen-wholesale","status":"publish","type":"product","link":"https:\/\/nexgendecors.com\/es\/product\/star-hotel-single-bed-sheet-80-thread-count-pure-cotton-satin-bed-cover-white-cotton-hotel-bed-cover-linen-wholesale\/","title":{"rendered":"S\u00e1bana individual de hotel Star, de sat\u00e9n de algod\u00f3n puro de 80 hilos, funda de cama de hotel de algod\u00f3n blanco, ropa de cama al por mayor"},"content":{"rendered":"","protected":false},"excerpt":{"rendered":"","protected":false},"featured_media":173169,"comment_status":"open","ping_status":"closed","template":"","meta":[],"product_brand":[],"product_cat":[30926,30952,30954,30956],"product_tag":[],"class_list":{"0":"post-173170","1":"product","2":"type-product","3":"status-publish","4":"has-post-thumbnail","6":"product_cat-bedding","7":"product_cat-hotel-blanket-cover","8":"product_cat-hotel-pillows-and-covers","9":"product_cat-mattress-cover","11":"first","12":"instock","13":"taxable","14":"shipping-taxable","15":"purchasable","16":"product-type-simple"},"_links":{"self":[{"href":"https:\/\/nexgendecors.com\/es\/wp-json\/wp\/v2\/product\/173170","targetHints":{"allow":["GET"]}}],"collection":[{"href":"https:\/\/nexgendecors.com\/es\/wp-json\/wp\/v2\/product"}],"about":[{"href":"https:\/\/nexgendecors.com\/es\/wp-json\/wp\/v2\/types\/product"}],"replies":[{"embeddable":true,"href":"https:\/\/nexgendecors.com\/es\/wp-json\/wp\/v2\/comments?post=173170"}],"version-history":[{"count":0,"href":"https:\/\/nexgendecors.com\/es\/wp-json\/wp\/v2\/product\/173170\/revisions"}],"wp:featuredmedia":[{"embeddable":true,"href":"https:\/\/nexgendecors.com\/es\/wp-json\/wp\/v2\/media\/173169"}],"wp:attachment":[{"href":"https:\/\/nexgendecors.com\/es\/wp-json\/wp\/v2\/media?parent=173170"}],"wp:term":[{"taxonomy":"product_brand","embeddable":true,"href":"https:\/\/nexgendecors.com\/es\/wp-json\/wp\/v2\/product_brand?post=173170"},{"taxonomy":"product_cat","embeddable":true,"href":"https:\/\/nexgendecors.com\/es\/wp-json\/wp\/v2\/product_cat?post=173170"},{"taxonomy":"product_tag","embeddable":true,"href":"https:\/\/nexgendecors.com\/es\/wp-json\/wp\/v2\/product_tag?post=173170"}],"curies":[{"name":"wp","href":"https:\/\/api.w.org\/{rel}","templated":true}]}}