{"id":173285,"date":"2025-02-25T07:23:44","date_gmt":"2025-02-25T07:23:44","guid":{"rendered":"https:\/\/nexgendecors.com\/en\/product\/comfortable-mattress-queen-king-bedroom-spring-mattress-queen-size-soft-mattress\/"},"modified":"2025-04-12T16:18:48","modified_gmt":"2025-04-12T16:18:48","slug":"comfortable-mattress-queen-king-bedroom-spring-mattress-queen-size-soft-mattress","status":"publish","type":"product","link":"https:\/\/nexgendecors.com\/es\/product\/comfortable-mattress-queen-king-bedroom-spring-mattress-queen-size-soft-mattress\/","title":{"rendered":"C\u00f3modo colch\u00f3n tama\u00f1o queen king para dormitorio, colch\u00f3n de resortes, colch\u00f3n tama\u00f1o queen suave."},"content":{"rendered":"<ul>\n<li><strong>lugar de origen : <\/strong> Jiangsu, China<\/li>\n<li><strong>nombre de marca: <\/strong> Villancico<\/li>\n<li><strong>N\u00famero de modelo: <\/strong> Cubrecolch\u00f3n<\/li>\n<li><strong>material : <\/strong> 100% Algod\u00f3n<\/li>\n<li><strong>caracter\u00edstica : <\/strong> Permeable al aire, anti\u00e1caros, antibacterias, antitirones, impermeable<\/li>\n<li><strong>T\u00e9cnicas: <\/strong> tejido<\/li>\n<li><strong>patr\u00f3n : <\/strong> Celebridades<\/li>\n<li><strong>solicitud : <\/strong> Hogar, Hospital, Hotel<\/li>\n<li><strong>est\u00e1_personalizado : <\/strong> S\u00ed<\/li>\n<li><strong>recuento de tela: <\/strong> 40<\/li>\n<li><strong>forma : <\/strong> Esterilla plegable<\/li>\n<li><strong>n\u00famero de hilos: <\/strong> 200TC<\/li>\n<li><strong>Estilo : <\/strong> Plano<\/li>\n<li><strong>Patr\u00f3n : <\/strong> te\u00f1ido liso<\/li>\n<li><strong>Grupo de edad: <\/strong> Adultos<\/li>\n<li><strong>Tipo de empresa: <\/strong> Fabricante<\/li>\n<li><strong>Certificaci\u00f3n : <\/strong> ISO9001, ISO14001, OHSAS18001<\/li>\n<li><strong>Color : <\/strong> Blanco<\/li>\n<li><strong>Funci\u00f3n : <\/strong> cubrecolch\u00f3n, cubrecolch\u00f3n<\/li>\n<li><strong>Relleno: <\/strong> plum\u00f3n de pato, pluma de pato<\/li>\n<li><strong>Embalaje: <\/strong> Bolsa de PVC con cremallera<\/li>\n<li><strong>Logotipo : <\/strong> Disponible<\/li>\n<\/ul>","protected":false},"excerpt":{"rendered":"<p>lugar de origen : Jiangsu, China marca : Carol n\u00famero de modelo : Colch\u00f3n Topper material : 100% Algod\u00f3n caracter\u00edstica<\/p>","protected":false},"featured_media":173284,"comment_status":"open","ping_status":"closed","template":"","meta":[],"product_brand":[],"product_cat":[30926,30951,30957],"product_tag":[],"class_list":{"0":"post-173285","1":"product","2":"type-product","3":"status-publish","4":"has-post-thumbnail","6":"product_cat-bedding","7":"product_cat-hotel-bedding","8":"product_cat-hotel-mattress-set","10":"first","11":"instock","12":"taxable","13":"shipping-taxable","14":"purchasable","15":"product-type-variable"},"_links":{"self":[{"href":"https:\/\/nexgendecors.com\/es\/wp-json\/wp\/v2\/product\/173285","targetHints":{"allow":["GET"]}}],"collection":[{"href":"https:\/\/nexgendecors.com\/es\/wp-json\/wp\/v2\/product"}],"about":[{"href":"https:\/\/nexgendecors.com\/es\/wp-json\/wp\/v2\/types\/product"}],"replies":[{"embeddable":true,"href":"https:\/\/nexgendecors.com\/es\/wp-json\/wp\/v2\/comments?post=173285"}],"version-history":[{"count":0,"href":"https:\/\/nexgendecors.com\/es\/wp-json\/wp\/v2\/product\/173285\/revisions"}],"wp:featuredmedia":[{"embeddable":true,"href":"https:\/\/nexgendecors.com\/es\/wp-json\/wp\/v2\/media\/173284"}],"wp:attachment":[{"href":"https:\/\/nexgendecors.com\/es\/wp-json\/wp\/v2\/media?parent=173285"}],"wp:term":[{"taxonomy":"product_brand","embeddable":true,"href":"https:\/\/nexgendecors.com\/es\/wp-json\/wp\/v2\/product_brand?post=173285"},{"taxonomy":"product_cat","embeddable":true,"href":"https:\/\/nexgendecors.com\/es\/wp-json\/wp\/v2\/product_cat?post=173285"},{"taxonomy":"product_tag","embeddable":true,"href":"https:\/\/nexgendecors.com\/es\/wp-json\/wp\/v2\/product_tag?post=173285"}],"curies":[{"name":"wp","href":"https:\/\/api.w.org\/{rel}","templated":true}]}}