{"id":173337,"date":"2025-02-25T07:26:06","date_gmt":"2025-02-25T07:26:06","guid":{"rendered":"https:\/\/nexgendecors.com\/en\/product\/breathable-washable-soft-cotton-mattress-protector-bed-coverprotectors-quilted-fitted-mattress-pad\/"},"modified":"2025-04-06T10:25:07","modified_gmt":"2025-04-06T10:25:07","slug":"breathable-washable-soft-cotton-mattress-protector-bed-coverprotectors-quilted-fitted-mattress-pad","status":"publish","type":"product","link":"https:\/\/nexgendecors.com\/es\/product\/breathable-washable-soft-cotton-mattress-protector-bed-coverprotectors-quilted-fitted-mattress-pad\/","title":{"rendered":"Transpirable Lavable Algod\u00f3n Suave Protector de Colch\u00f3n Cubre&amp;protectores Acolchado Cubrecolch\u00f3n Ajustable"},"content":{"rendered":"<ul>\n<li><strong>lugar de origen : <\/strong> Jiangsu, China<\/li>\n<li><strong>nombre de marca: <\/strong> kelin<\/li>\n<li><strong>material : <\/strong> 100% Algod\u00f3n<\/li>\n<li><strong>caracter\u00edstica : <\/strong> Anti-static, Anti Dust Mite<\/li>\n<li><strong>T\u00e9cnicas: <\/strong> tejido<\/li>\n<li><strong>patr\u00f3n : <\/strong> S\u00f3lido<\/li>\n<li><strong>solicitud : <\/strong> Hotel, Home, Hospital<\/li>\n<li><strong>est\u00e1_personalizado : <\/strong> S\u00ed<\/li>\n<li><strong>recuento de tela: <\/strong> 60<\/li>\n<li><strong>forma : <\/strong> Esterilla plegable<\/li>\n<li><strong>n\u00famero de hilos: <\/strong> 200TC<\/li>\n<li><strong>estaci\u00f3n : <\/strong> Para toda la temporada<\/li>\n<li><strong>Nombre del producto : <\/strong> Mattress Topper<\/li>\n<li><strong>Estilo : <\/strong> Plano<\/li>\n<li><strong>Patr\u00f3n : <\/strong> te\u00f1ido liso<\/li>\n<li><strong>Grupo de edad: <\/strong> Adultos<\/li>\n<li><strong>Company Type : <\/strong> Fabricante<\/li>\n<li><strong>Color : <\/strong> Blanco<\/li>\n<li><strong>Embalaje: <\/strong> vacuum pack<\/li>\n<li><strong>Relleno: <\/strong> 100% cotton Fiber<\/li>\n<li><strong>Dise\u00f1o : <\/strong> Custom Made Color<\/li>\n<li><strong>Feeling : <\/strong> Skin-care<\/li>\n<\/ul>","protected":false},"excerpt":{"rendered":"<p>lugar de origen : Jiangsu, China marca : kelin material : 100% Algod\u00f3n caracter\u00edstica : Antiest\u00e1tico, Anti\u00e1caros<\/p>","protected":false},"featured_media":173336,"comment_status":"open","ping_status":"closed","template":"","meta":[],"product_brand":[],"product_cat":[30926,30951,30957,30956],"product_tag":[],"class_list":{"0":"post-173337","1":"product","2":"type-product","3":"status-publish","4":"has-post-thumbnail","6":"product_cat-bedding","7":"product_cat-hotel-bedding","8":"product_cat-hotel-mattress-set","9":"product_cat-mattress-cover","11":"first","12":"instock","13":"taxable","14":"shipping-taxable","15":"purchasable","16":"product-type-variable"},"_links":{"self":[{"href":"https:\/\/nexgendecors.com\/es\/wp-json\/wp\/v2\/product\/173337","targetHints":{"allow":["GET"]}}],"collection":[{"href":"https:\/\/nexgendecors.com\/es\/wp-json\/wp\/v2\/product"}],"about":[{"href":"https:\/\/nexgendecors.com\/es\/wp-json\/wp\/v2\/types\/product"}],"replies":[{"embeddable":true,"href":"https:\/\/nexgendecors.com\/es\/wp-json\/wp\/v2\/comments?post=173337"}],"version-history":[{"count":0,"href":"https:\/\/nexgendecors.com\/es\/wp-json\/wp\/v2\/product\/173337\/revisions"}],"wp:featuredmedia":[{"embeddable":true,"href":"https:\/\/nexgendecors.com\/es\/wp-json\/wp\/v2\/media\/173336"}],"wp:attachment":[{"href":"https:\/\/nexgendecors.com\/es\/wp-json\/wp\/v2\/media?parent=173337"}],"wp:term":[{"taxonomy":"product_brand","embeddable":true,"href":"https:\/\/nexgendecors.com\/es\/wp-json\/wp\/v2\/product_brand?post=173337"},{"taxonomy":"product_cat","embeddable":true,"href":"https:\/\/nexgendecors.com\/es\/wp-json\/wp\/v2\/product_cat?post=173337"},{"taxonomy":"product_tag","embeddable":true,"href":"https:\/\/nexgendecors.com\/es\/wp-json\/wp\/v2\/product_tag?post=173337"}],"curies":[{"name":"wp","href":"https:\/\/api.w.org\/{rel}","templated":true}]}}