{"id":173354,"date":"2025-02-25T07:35:08","date_gmt":"2025-02-25T07:35:08","guid":{"rendered":"https:\/\/nexgendecors.com\/en\/product\/hot-sale-4pcs-thick-flannel-fleece-velvet-duvet-cover-soft-solid-color-queen-king-size-winter-bedding-set-for-home\/"},"modified":"2025-04-06T10:25:25","modified_gmt":"2025-04-06T10:25:25","slug":"hot-sale-4pcs-thick-flannel-fleece-velvet-duvet-cover-soft-solid-color-queen-king-size-winter-bedding-set-for-home","status":"publish","type":"product","link":"https:\/\/nexgendecors.com\/es\/product\/hot-sale-4pcs-thick-flannel-fleece-velvet-duvet-cover-soft-solid-color-queen-king-size-winter-bedding-set-for-home\/","title":{"rendered":"Gran oferta de 4 fundas de edred\u00f3n de franela gruesa de terciopelo y terciopelo, suave, de color s\u00f3lido, tama\u00f1o Queen y King, juego de cama de invierno para el hogar."},"content":{"rendered":"<ul>\n<li><strong>tipo de patr\u00f3n: <\/strong> S\u00f3lido<\/li>\n<li><strong>est\u00e1_personalizado : <\/strong> S\u00ed<\/li>\n<li><strong>Tipo de ropa de cama para bodas: <\/strong> Kit de boda de cuatro piezas<\/li>\n<li><strong>densidad de la tela: <\/strong> 133&#215;72<\/li>\n<li><strong>recuento de tela: <\/strong> 60<\/li>\n<li><strong>Grado de solidez del color: <\/strong> Normas nacionales<\/li>\n<li><strong>n\u00famero de hilos: <\/strong> 400TC<\/li>\n<li><strong>Calificaci\u00f3n : <\/strong> Calidad<\/li>\n<li><strong>Tama\u00f1o de la aplicaci\u00f3n: <\/strong> 1.0m 3.3 feet, 2.5m 8 feet, 1.2m 4 feet, 2.0m 6.6 feet, 1.5m 5 feet, 1.8m 6 feet<\/li>\n<li><strong>estaci\u00f3n : <\/strong> Caer<\/li>\n<li><strong>tipo : <\/strong> Juegos de s\u00e1banas, fundas de almohada y fundas n\u00f3rdicas<\/li>\n<li><strong>usar : <\/strong> Hogar<\/li>\n<li><strong>material : <\/strong> Fibra de poli\u00e9ster 100%<\/li>\n<li><strong>relleno: <\/strong> Poli\u00e9ster<\/li>\n<li><strong>patr\u00f3n : <\/strong> Impreso<\/li>\n<li><strong>estilo : <\/strong> Moderno<\/li>\n<li><strong>Cantidad : <\/strong> 4 piezas<\/li>\n<li><strong>T\u00e9cnicas: <\/strong> de punto<\/li>\n<li><strong>caracter\u00edstica : <\/strong> No desechable<\/li>\n<li><strong>lugar de origen : <\/strong> Zhejiang, China<\/li>\n<li><strong>nombre de marca: <\/strong> Shande<\/li>\n<li><strong>N\u00famero de modelo: <\/strong> B-01<\/li>\n<li><strong>Nombre del producto : <\/strong> Velvet Bedding Set<\/li>\n<li><strong>Material : <\/strong> 100% Polyester Fibre, Microfiber<\/li>\n<li><strong>Tama\u00f1o : <\/strong> personalizado<\/li>\n<li><strong>color : <\/strong> Muchos colores pueden estar disponibles<\/li>\n<li><strong>Ventaja : <\/strong> soft<\/li>\n<li><strong>muestra : <\/strong> disponible<\/li>\n<\/ul>","protected":false},"excerpt":{"rendered":"<p>Tipo de patr\u00f3n: S\u00f3lido Se puede personalizar: S\u00ed Tipo de ropa de cama para bodas: Kit de cuatro piezas para bodas Densidad de la tela: 133 \u00d7 72 Recuento de telas<\/p>","protected":false},"featured_media":173353,"comment_status":"open","ping_status":"closed","template":"","meta":[],"product_brand":[],"product_cat":[30926,30816,30951,30953],"product_tag":[],"class_list":{"0":"post-173354","1":"product","2":"type-product","3":"status-publish","4":"has-post-thumbnail","6":"product_cat-bedding","7":"product_cat-blankets","8":"product_cat-hotel-bedding","9":"product_cat-hotel-sheet-linen","11":"first","12":"instock","13":"taxable","14":"shipping-taxable","15":"purchasable","16":"product-type-variable"},"_links":{"self":[{"href":"https:\/\/nexgendecors.com\/es\/wp-json\/wp\/v2\/product\/173354","targetHints":{"allow":["GET"]}}],"collection":[{"href":"https:\/\/nexgendecors.com\/es\/wp-json\/wp\/v2\/product"}],"about":[{"href":"https:\/\/nexgendecors.com\/es\/wp-json\/wp\/v2\/types\/product"}],"replies":[{"embeddable":true,"href":"https:\/\/nexgendecors.com\/es\/wp-json\/wp\/v2\/comments?post=173354"}],"version-history":[{"count":0,"href":"https:\/\/nexgendecors.com\/es\/wp-json\/wp\/v2\/product\/173354\/revisions"}],"wp:featuredmedia":[{"embeddable":true,"href":"https:\/\/nexgendecors.com\/es\/wp-json\/wp\/v2\/media\/173353"}],"wp:attachment":[{"href":"https:\/\/nexgendecors.com\/es\/wp-json\/wp\/v2\/media?parent=173354"}],"wp:term":[{"taxonomy":"product_brand","embeddable":true,"href":"https:\/\/nexgendecors.com\/es\/wp-json\/wp\/v2\/product_brand?post=173354"},{"taxonomy":"product_cat","embeddable":true,"href":"https:\/\/nexgendecors.com\/es\/wp-json\/wp\/v2\/product_cat?post=173354"},{"taxonomy":"product_tag","embeddable":true,"href":"https:\/\/nexgendecors.com\/es\/wp-json\/wp\/v2\/product_tag?post=173354"}],"curies":[{"name":"wp","href":"https:\/\/api.w.org\/{rel}","templated":true}]}}