{"id":173463,"date":"2025-02-25T07:36:08","date_gmt":"2025-02-25T07:36:08","guid":{"rendered":"https:\/\/nexgendecors.com\/en\/product\/new-design-quilted-water-proof-hypoallergenic-bed-bug-mattress-cover-anti-dust-be-mattress-protector\/"},"modified":"2025-02-25T07:36:21","modified_gmt":"2025-02-25T07:36:21","slug":"nuevo-diseno-acolchado-impermeable-hipoalergenico-chinches-colchon-cubierta-antipolvo-protector-de-colchon","status":"publish","type":"product","link":"https:\/\/nexgendecors.com\/es\/product\/nuevo-diseno-acolchado-impermeable-hipoalergenico-chinches-colchon-cubierta-antipolvo-protector-de-colchon\/","title":{"rendered":"Nuevo dise\u00f1o acolchado a prueba de agua hipoalerg\u00e9nico Bed Bug Colch\u00f3n Cubierta Anti Polvo Be Protector de colch\u00f3n"},"content":{"rendered":"<ul>\n<li><strong>tipo : <\/strong> Tapete de cama<\/li>\n<li><strong>recuento de tela: <\/strong> 40<\/li>\n<li><strong>forma : <\/strong> Tapete de mahjong<\/li>\n<li><strong>altura : <\/strong> 15 a 17 pulgadas<\/li>\n<li><strong>n\u00famero de hilos: <\/strong> 300 hilos<\/li>\n<li><strong>Producto : <\/strong> Almohadilla protectora de cama<\/li>\n<li><strong>Calificaci\u00f3n : <\/strong> Grado A<\/li>\n<li><strong>estaci\u00f3n : <\/strong> Cada d\u00eda<\/li>\n<li><strong>material : <\/strong> 35% bamb\u00fa, 60% poli\u00e9ster<\/li>\n<li><strong>estilo : <\/strong> jacquard<\/li>\n<li><strong>patr\u00f3n : <\/strong> Acolchado<\/li>\n<li><strong>T\u00e9cnicas: <\/strong> de punto<\/li>\n<li><strong>grupo de edad: <\/strong> Adultos<\/li>\n<li><strong>caracter\u00edstica : <\/strong> Impermeable, desechable, antitirones, anti\u00e1caros, permeable al aire, antibacteriano, ign\u00edfugo<\/li>\n<li><strong>solicitud : <\/strong> Hogar, Hotel, Hospital<\/li>\n<li><strong>lugar de origen : <\/strong> Zhejiang, China<\/li>\n<li><strong>nombre de marca: <\/strong> Shande<\/li>\n<li><strong>N\u00famero de modelo: <\/strong> B-01<\/li>\n<li><strong>Nombre del producto : <\/strong> Protector de colch\u00f3n de bamb\u00fa<\/li>\n<li><strong>Material : <\/strong> 35% bamb\u00fa, 60% poli\u00e9ster<\/li>\n<li><strong>Cantidad m\u00ednima de pedido: <\/strong> 100 juegos<\/li>\n<li><strong>Tama\u00f1o : <\/strong> personalizado<\/li>\n<li><strong>color : <\/strong> Muchos colores pueden estar disponibles<\/li>\n<li><strong>Ventaja : <\/strong> Suave y c\u00f3modo<\/li>\n<li><strong>muestra : <\/strong> disponible<\/li>\n<\/ul>","protected":false},"excerpt":{"rendered":"<p>tipo : Cama Mat tela contar : 40 forma : Mahjong Altura del felpudo : 15 a 17 pulgadas N\u00famero de hilos<\/p>","protected":false},"featured_media":173462,"comment_status":"open","ping_status":"closed","template":"","meta":[],"product_brand":[],"product_cat":[30926,30951,30956],"product_tag":[],"class_list":{"0":"post-173463","1":"product","2":"type-product","3":"status-publish","4":"has-post-thumbnail","6":"product_cat-bedding","7":"product_cat-hotel-bedding","8":"product_cat-mattress-cover","10":"first","11":"instock","12":"taxable","13":"shipping-taxable","14":"purchasable","15":"product-type-variable"},"_links":{"self":[{"href":"https:\/\/nexgendecors.com\/es\/wp-json\/wp\/v2\/product\/173463","targetHints":{"allow":["GET"]}}],"collection":[{"href":"https:\/\/nexgendecors.com\/es\/wp-json\/wp\/v2\/product"}],"about":[{"href":"https:\/\/nexgendecors.com\/es\/wp-json\/wp\/v2\/types\/product"}],"replies":[{"embeddable":true,"href":"https:\/\/nexgendecors.com\/es\/wp-json\/wp\/v2\/comments?post=173463"}],"version-history":[{"count":0,"href":"https:\/\/nexgendecors.com\/es\/wp-json\/wp\/v2\/product\/173463\/revisions"}],"wp:featuredmedia":[{"embeddable":true,"href":"https:\/\/nexgendecors.com\/es\/wp-json\/wp\/v2\/media\/173462"}],"wp:attachment":[{"href":"https:\/\/nexgendecors.com\/es\/wp-json\/wp\/v2\/media?parent=173463"}],"wp:term":[{"taxonomy":"product_brand","embeddable":true,"href":"https:\/\/nexgendecors.com\/es\/wp-json\/wp\/v2\/product_brand?post=173463"},{"taxonomy":"product_cat","embeddable":true,"href":"https:\/\/nexgendecors.com\/es\/wp-json\/wp\/v2\/product_cat?post=173463"},{"taxonomy":"product_tag","embeddable":true,"href":"https:\/\/nexgendecors.com\/es\/wp-json\/wp\/v2\/product_tag?post=173463"}],"curies":[{"name":"wp","href":"https:\/\/api.w.org\/{rel}","templated":true}]}}