{"id":173623,"date":"2025-02-25T07:56:29","date_gmt":"2025-02-25T07:56:29","guid":{"rendered":"https:\/\/nexgendecors.com\/en\/product\/customize-faux-silk-pillowcase-for-bedroom-soft-reversible-plain-pillow-covers-natural-silk-pillow-case\/"},"modified":"2025-04-06T10:26:28","modified_gmt":"2025-04-06T10:26:28","slug":"funda-de-almohada-de-seda-sintetica-personalizada-para-dormitorio-suave-reversible-lisa-de-seda-natural","status":"publish","type":"product","link":"https:\/\/nexgendecors.com\/es\/product\/funda-de-almohada-de-seda-sintetica-personalizada-para-dormitorio-suave-reversible-lisa-de-seda-natural\/","title":{"rendered":"Funda de almohada de seda sint\u00e9tica personalizada para dormitorio, suave, reversible, lisa, de seda natural."},"content":{"rendered":"<ul>\n<li><strong>lugar de origen : <\/strong> Zhejiang, China<\/li>\n<li><strong>nombre de marca: <\/strong> BRILL\u00d3<\/li>\n<li><strong>N\u00famero de modelo: <\/strong> SD-90<\/li>\n<li><strong>caracter\u00edstica : <\/strong> usable, sostenible<\/li>\n<li><strong>T\u00e9cnicas: <\/strong> de punto<\/li>\n<li><strong>patr\u00f3n : <\/strong> Festival, S\u00f3lido<\/li>\n<li><strong>usar : <\/strong> Hotel, casa, oficina<\/li>\n<li><strong>est\u00e1_personalizado : <\/strong> S\u00ed<\/li>\n<li><strong>Grado de solidez del color: <\/strong> Normas nacionales<\/li>\n<li><strong>material : <\/strong> Seda<\/li>\n<li><strong>Nombre del producto : <\/strong> Funda de almohada de seda satinada Queen<\/li>\n<li><strong>Palabras clave: <\/strong> Funda de coj\u00edn<\/li>\n<li><strong>Color : <\/strong> Personalizado<\/li>\n<li><strong>Logotipo : <\/strong> Personalizado<\/li>\n<li><strong>Caracter\u00edstica : <\/strong> ecol\u00f3gico<\/li>\n<li><strong>Fabricante de equipos originales: <\/strong> OEM disponible<\/li>\n<li><strong>Embalaje: <\/strong> Embalaje personalizado<\/li>\n<li><strong>Patr\u00f3n log\u00edstico: <\/strong> Expreso, Mar, Tierra, Aire<\/li>\n<li><strong>PAGO : <\/strong> Garant\u00eda comercial bancaria, PayPal y Western Union<\/li>\n<li><strong>Cantidad m\u00ednima de pedido: <\/strong> 100 piezas<\/li>\n<\/ul>","protected":false},"excerpt":{"rendered":"<p>Lugar de origen: Zhejiang, China Nombre de la marca: SHINED N\u00famero de modelo: SD -90 Caracter\u00edstica: Port\u00e1til, T\u00e9cnicas sostenibles<\/p>","protected":false},"featured_media":173621,"comment_status":"open","ping_status":"closed","template":"","meta":[],"product_brand":[],"product_cat":[30926,30951,30954],"product_tag":[],"class_list":{"0":"post-173623","1":"product","2":"type-product","3":"status-publish","4":"has-post-thumbnail","6":"product_cat-bedding","7":"product_cat-hotel-bedding","8":"product_cat-hotel-pillows-and-covers","10":"first","11":"instock","12":"taxable","13":"shipping-taxable","14":"purchasable","15":"product-type-variable"},"_links":{"self":[{"href":"https:\/\/nexgendecors.com\/es\/wp-json\/wp\/v2\/product\/173623","targetHints":{"allow":["GET"]}}],"collection":[{"href":"https:\/\/nexgendecors.com\/es\/wp-json\/wp\/v2\/product"}],"about":[{"href":"https:\/\/nexgendecors.com\/es\/wp-json\/wp\/v2\/types\/product"}],"replies":[{"embeddable":true,"href":"https:\/\/nexgendecors.com\/es\/wp-json\/wp\/v2\/comments?post=173623"}],"version-history":[{"count":0,"href":"https:\/\/nexgendecors.com\/es\/wp-json\/wp\/v2\/product\/173623\/revisions"}],"wp:featuredmedia":[{"embeddable":true,"href":"https:\/\/nexgendecors.com\/es\/wp-json\/wp\/v2\/media\/173621"}],"wp:attachment":[{"href":"https:\/\/nexgendecors.com\/es\/wp-json\/wp\/v2\/media?parent=173623"}],"wp:term":[{"taxonomy":"product_brand","embeddable":true,"href":"https:\/\/nexgendecors.com\/es\/wp-json\/wp\/v2\/product_brand?post=173623"},{"taxonomy":"product_cat","embeddable":true,"href":"https:\/\/nexgendecors.com\/es\/wp-json\/wp\/v2\/product_cat?post=173623"},{"taxonomy":"product_tag","embeddable":true,"href":"https:\/\/nexgendecors.com\/es\/wp-json\/wp\/v2\/product_tag?post=173623"}],"curies":[{"name":"wp","href":"https:\/\/api.w.org\/{rel}","templated":true}]}}