{"id":173694,"date":"2025-02-25T07:57:49","date_gmt":"2025-02-25T07:57:49","guid":{"rendered":"https:\/\/nexgendecors.com\/en\/product\/hotel-luxury-organic-bamboo-pillowcase-envelope-closure-bamboo-pillow-case-pillow-protector-cover-for-bed-pillow\/"},"modified":"2025-04-06T10:26:40","modified_gmt":"2025-04-06T10:26:40","slug":"hotel-luxury-organic-bamboo-pillowcase-envelope-closure-bamboo-pillow-case-pillow-protector-cover-for-bed-pillow","status":"publish","type":"product","link":"https:\/\/nexgendecors.com\/es\/product\/hotel-luxury-organic-bamboo-pillowcase-envelope-closure-bamboo-pillow-case-pillow-protector-cover-for-bed-pillow\/","title":{"rendered":"Funda de almohada de bamb\u00fa org\u00e1nico de lujo para hotel, con cierre de sobre, funda protectora para almohada de cama."},"content":{"rendered":"<ul>\n<li><strong>lugar de origen : <\/strong> Zhejiang, China<\/li>\n<li><strong>nombre de marca: <\/strong> Shande<\/li>\n<li><strong>N\u00famero de modelo: <\/strong> ZT-01<\/li>\n<li><strong>caracter\u00edstica : <\/strong> Anti-static, Anti Dust Mite, Musical, stain Resistant<\/li>\n<li><strong>T\u00e9cnicas: <\/strong> tejido<\/li>\n<li><strong>patr\u00f3n : <\/strong> S\u00f3lido<\/li>\n<li><strong>usar : <\/strong> Hotel, Home, Hospital<\/li>\n<li><strong>est\u00e1_personalizado : <\/strong> S\u00ed<\/li>\n<li><strong>Grado de solidez del color: <\/strong> Normas nacionales<\/li>\n<li><strong>material : <\/strong> BAMBOO<\/li>\n<li><strong>Nombre del producto : <\/strong> Bamboo pillowcase<\/li>\n<li><strong>Material : <\/strong> Bamboo<\/li>\n<li><strong>Logotipo : <\/strong> Custom Logo Accepted<\/li>\n<li><strong>Tama\u00f1o : <\/strong> Tama\u00f1o personalizado<\/li>\n<li><strong>Color : <\/strong> Multicolor<\/li>\n<li><strong>Uso: <\/strong> Hogar<\/li>\n<\/ul>","protected":false},"excerpt":{"rendered":"<p>lugar de origen : Zhejiang, China marca : SHANDE n\u00famero de modelo : ZT-01 caracter\u00edstica : Antiest\u00e1tico, Anti\u00e1caros,<\/p>","protected":false},"featured_media":173693,"comment_status":"open","ping_status":"closed","template":"","meta":[],"product_brand":[],"product_cat":[30926,30951,30954],"product_tag":[],"class_list":{"0":"post-173694","1":"product","2":"type-product","3":"status-publish","4":"has-post-thumbnail","6":"product_cat-bedding","7":"product_cat-hotel-bedding","8":"product_cat-hotel-pillows-and-covers","10":"first","11":"instock","12":"taxable","13":"shipping-taxable","14":"purchasable","15":"product-type-variable"},"_links":{"self":[{"href":"https:\/\/nexgendecors.com\/es\/wp-json\/wp\/v2\/product\/173694","targetHints":{"allow":["GET"]}}],"collection":[{"href":"https:\/\/nexgendecors.com\/es\/wp-json\/wp\/v2\/product"}],"about":[{"href":"https:\/\/nexgendecors.com\/es\/wp-json\/wp\/v2\/types\/product"}],"replies":[{"embeddable":true,"href":"https:\/\/nexgendecors.com\/es\/wp-json\/wp\/v2\/comments?post=173694"}],"version-history":[{"count":0,"href":"https:\/\/nexgendecors.com\/es\/wp-json\/wp\/v2\/product\/173694\/revisions"}],"wp:featuredmedia":[{"embeddable":true,"href":"https:\/\/nexgendecors.com\/es\/wp-json\/wp\/v2\/media\/173693"}],"wp:attachment":[{"href":"https:\/\/nexgendecors.com\/es\/wp-json\/wp\/v2\/media?parent=173694"}],"wp:term":[{"taxonomy":"product_brand","embeddable":true,"href":"https:\/\/nexgendecors.com\/es\/wp-json\/wp\/v2\/product_brand?post=173694"},{"taxonomy":"product_cat","embeddable":true,"href":"https:\/\/nexgendecors.com\/es\/wp-json\/wp\/v2\/product_cat?post=173694"},{"taxonomy":"product_tag","embeddable":true,"href":"https:\/\/nexgendecors.com\/es\/wp-json\/wp\/v2\/product_tag?post=173694"}],"curies":[{"name":"wp","href":"https:\/\/api.w.org\/{rel}","templated":true}]}}