{"id":173717,"date":"2025-02-25T07:58:29","date_gmt":"2025-02-25T07:58:29","guid":{"rendered":"https:\/\/nexgendecors.com\/en\/product\/new-arrival-customize-luxury-100-real-satin-silk-cooling-eye-mask-pillow-case-with-zipper\/"},"modified":"2025-04-06T10:26:52","modified_gmt":"2025-04-06T10:26:52","slug":"new-arrival-customize-luxury-100-real-satin-silk-cooling-eye-mask-pillow-case-with-zipper","status":"publish","type":"product","link":"https:\/\/nexgendecors.com\/es\/product\/new-arrival-customize-luxury-100-real-satin-silk-cooling-eye-mask-pillow-case-with-zipper\/","title":{"rendered":"Funda de almohada para antifaz refrescante de seda satinada aut\u00e9ntica 100%, personalizable, con cremallera."},"content":{"rendered":"<ul>\n<li><strong>lugar de origen : <\/strong> Zhejiang, China<\/li>\n<li><strong>nombre de marca: <\/strong> Shande<\/li>\n<li><strong>N\u00famero de modelo: <\/strong> ZT-01<\/li>\n<li><strong>caracter\u00edstica : <\/strong> Anti-static, Anti Dust Mite, Musical, stain Resistant<\/li>\n<li><strong>T\u00e9cnicas: <\/strong> tejido<\/li>\n<li><strong>patr\u00f3n : <\/strong> S\u00f3lido<\/li>\n<li><strong>usar : <\/strong> Hotel, Home, Hospital<\/li>\n<li><strong>est\u00e1_personalizado : <\/strong> S\u00ed<\/li>\n<li><strong>Grado de solidez del color: <\/strong> Normas nacionales<\/li>\n<li><strong>material : <\/strong> Seda<\/li>\n<li><strong>Nombre del producto : <\/strong> mulberry silk sleep eye mask and pillow case set<\/li>\n<li><strong>Color : <\/strong> Personalizado<\/li>\n<li><strong>Material : <\/strong> Seda<\/li>\n<li><strong>Uso: <\/strong> Hogar<\/li>\n<\/ul>","protected":false},"excerpt":{"rendered":"<p>lugar de origen : Zhejiang, China marca : SHANDE n\u00famero de modelo : ZT-01 caracter\u00edstica : Antiest\u00e1tico, Anti\u00e1caros,<\/p>","protected":false},"featured_media":173716,"comment_status":"open","ping_status":"closed","template":"","meta":[],"product_brand":[],"product_cat":[30926,30951,30954],"product_tag":[],"class_list":{"0":"post-173717","1":"product","2":"type-product","3":"status-publish","4":"has-post-thumbnail","6":"product_cat-bedding","7":"product_cat-hotel-bedding","8":"product_cat-hotel-pillows-and-covers","10":"first","11":"instock","12":"taxable","13":"shipping-taxable","14":"purchasable","15":"product-type-variable"},"_links":{"self":[{"href":"https:\/\/nexgendecors.com\/es\/wp-json\/wp\/v2\/product\/173717","targetHints":{"allow":["GET"]}}],"collection":[{"href":"https:\/\/nexgendecors.com\/es\/wp-json\/wp\/v2\/product"}],"about":[{"href":"https:\/\/nexgendecors.com\/es\/wp-json\/wp\/v2\/types\/product"}],"replies":[{"embeddable":true,"href":"https:\/\/nexgendecors.com\/es\/wp-json\/wp\/v2\/comments?post=173717"}],"version-history":[{"count":0,"href":"https:\/\/nexgendecors.com\/es\/wp-json\/wp\/v2\/product\/173717\/revisions"}],"wp:featuredmedia":[{"embeddable":true,"href":"https:\/\/nexgendecors.com\/es\/wp-json\/wp\/v2\/media\/173716"}],"wp:attachment":[{"href":"https:\/\/nexgendecors.com\/es\/wp-json\/wp\/v2\/media?parent=173717"}],"wp:term":[{"taxonomy":"product_brand","embeddable":true,"href":"https:\/\/nexgendecors.com\/es\/wp-json\/wp\/v2\/product_brand?post=173717"},{"taxonomy":"product_cat","embeddable":true,"href":"https:\/\/nexgendecors.com\/es\/wp-json\/wp\/v2\/product_cat?post=173717"},{"taxonomy":"product_tag","embeddable":true,"href":"https:\/\/nexgendecors.com\/es\/wp-json\/wp\/v2\/product_tag?post=173717"}],"curies":[{"name":"wp","href":"https:\/\/api.w.org\/{rel}","templated":true}]}}