{"id":173824,"date":"2025-02-25T08:00:20","date_gmt":"2025-02-25T08:00:20","guid":{"rendered":"https:\/\/nexgendecors.com\/en\/product\/luxury-silk-satin-hotel-bedding-sets-queen-size-6-piece-pillow-case-set-bed-sheet-duvet-cover-bedding-set\/"},"modified":"2025-02-25T08:02:02","modified_gmt":"2025-02-25T08:02:02","slug":"luxury-silk-satin-hotel-bedding-sets-queen-size-6-piece-pillow-case-set-bed-sheet-duvet-cover-bedding-set","status":"publish","type":"product","link":"https:\/\/nexgendecors.com\/es\/product\/luxury-silk-satin-hotel-bedding-sets-queen-size-6-piece-pillow-case-set-bed-sheet-duvet-cover-bedding-set\/","title":{"rendered":"Juegos de cama de hotel de sat\u00e9n de seda de lujo tama\u00f1o queen, juego de 6 piezas con funda de almohada, s\u00e1bana y funda de edred\u00f3n."},"content":{"rendered":"<ul>\n<li><strong>lugar de origen : <\/strong> Zhejiang, China<\/li>\n<li><strong>nombre de marca: <\/strong> Shande<\/li>\n<li><strong>N\u00famero de modelo: <\/strong> SD-57<\/li>\n<li><strong>material : <\/strong> Silk \/ Linen<\/li>\n<li><strong>caracter\u00edstica : <\/strong> Antiest\u00e1tico<\/li>\n<li><strong>T\u00e9cnicas: <\/strong> tejido<\/li>\n<li><strong>estilo : <\/strong> Europa<\/li>\n<li><strong>cantidad : <\/strong> 6 piezas<\/li>\n<li><strong>Relleno: <\/strong> NO<\/li>\n<li><strong>patr\u00f3n : <\/strong> S\u00f3lido<\/li>\n<li><strong>solicitud : <\/strong> Hotel, Hogar, Boda<\/li>\n<li><strong>est\u00e1_personalizado : <\/strong> S\u00ed<\/li>\n<li><strong>densidad de la tela: <\/strong> 128&#215;70<\/li>\n<li><strong>recuento de tela: <\/strong> 20<\/li>\n<li><strong>Grado de solidez del color: <\/strong> Normas nacionales<\/li>\n<li><strong>peso : <\/strong> 1-1,5 kilogramos<\/li>\n<li><strong>Nombre del producto : <\/strong> Silk satin duvet cover set<\/li>\n<li><strong>Material : <\/strong> polyester sati<\/li>\n<li><strong>Tama\u00f1o : <\/strong> personalizado<\/li>\n<li><strong>color : <\/strong> Muchos colores pueden estar disponibles<\/li>\n<li><strong>Ventaja : <\/strong> Silky Smooth<\/li>\n<li><strong>muestra : <\/strong> disponible<\/li>\n<\/ul>","protected":false},"excerpt":{"rendered":"<p>Lugar de origen: Zhejiang, China Nombre de la marca: SHANDE N\u00famero de modelo: SD-57 Material: Seda \/ Lino Caracter\u00edstica<\/p>","protected":false},"featured_media":173822,"comment_status":"open","ping_status":"closed","template":"","meta":[],"product_brand":[],"product_cat":[30926,30951,30952,30953],"product_tag":[],"class_list":{"0":"post-173824","1":"product","2":"type-product","3":"status-publish","4":"has-post-thumbnail","6":"product_cat-bedding","7":"product_cat-hotel-bedding","8":"product_cat-hotel-blanket-cover","9":"product_cat-hotel-sheet-linen","11":"first","12":"instock","13":"taxable","14":"shipping-taxable","15":"purchasable","16":"product-type-variable"},"_links":{"self":[{"href":"https:\/\/nexgendecors.com\/es\/wp-json\/wp\/v2\/product\/173824","targetHints":{"allow":["GET"]}}],"collection":[{"href":"https:\/\/nexgendecors.com\/es\/wp-json\/wp\/v2\/product"}],"about":[{"href":"https:\/\/nexgendecors.com\/es\/wp-json\/wp\/v2\/types\/product"}],"replies":[{"embeddable":true,"href":"https:\/\/nexgendecors.com\/es\/wp-json\/wp\/v2\/comments?post=173824"}],"version-history":[{"count":0,"href":"https:\/\/nexgendecors.com\/es\/wp-json\/wp\/v2\/product\/173824\/revisions"}],"wp:featuredmedia":[{"embeddable":true,"href":"https:\/\/nexgendecors.com\/es\/wp-json\/wp\/v2\/media\/173822"}],"wp:attachment":[{"href":"https:\/\/nexgendecors.com\/es\/wp-json\/wp\/v2\/media?parent=173824"}],"wp:term":[{"taxonomy":"product_brand","embeddable":true,"href":"https:\/\/nexgendecors.com\/es\/wp-json\/wp\/v2\/product_brand?post=173824"},{"taxonomy":"product_cat","embeddable":true,"href":"https:\/\/nexgendecors.com\/es\/wp-json\/wp\/v2\/product_cat?post=173824"},{"taxonomy":"product_tag","embeddable":true,"href":"https:\/\/nexgendecors.com\/es\/wp-json\/wp\/v2\/product_tag?post=173824"}],"curies":[{"name":"wp","href":"https:\/\/api.w.org\/{rel}","templated":true}]}}