{"id":174215,"date":"2025-02-25T08:05:30","date_gmt":"2025-02-25T08:05:30","guid":{"rendered":"https:\/\/nexgendecors.com\/en\/product\/queen-size-bed-skirt-customizable-anti-wrinkle-woven-ruffles-for-all-seasons-6-pc-set-for-bedroom-home-hotel-or-wedding\/"},"modified":"2025-04-06T10:27:37","modified_gmt":"2025-04-06T10:27:37","slug":"falda-de-cama-tamano-queen-personalizable-con-volantes-tejidos-antiarrugas-para-todas-las-estaciones-juego-de-6-piezas-para-dormitorio-hogar-hotel-o-boda","status":"publish","type":"product","link":"https:\/\/nexgendecors.com\/es\/product\/falda-de-cama-tamano-queen-personalizable-con-volantes-tejidos-antiarrugas-para-todas-las-estaciones-juego-de-6-piezas-para-dormitorio-hogar-hotel-o-boda\/","title":{"rendered":"Fald\u00f3n de Cama Queen Size Personalizable Antiarrugas Tejido de Volantes para Todas las Estaciones Juego de 6 Piezas para Dormitorio Casa Hotel o Boda"},"content":{"rendered":"<ul>\n<li><strong>lugar de origen : <\/strong> Zhejiang, China<\/li>\n<li><strong>nombre de marca: <\/strong> Shande<\/li>\n<li><strong>N\u00famero de modelo: <\/strong> SD-57<\/li>\n<li><strong>material : <\/strong> 100%Polyester<\/li>\n<li><strong>caracter\u00edstica : <\/strong> Antiest\u00e1tico<\/li>\n<li><strong>T\u00e9cnicas: <\/strong> tejido<\/li>\n<li><strong>estilo : <\/strong> Europa<\/li>\n<li><strong>cantidad : <\/strong> 6 piezas<\/li>\n<li><strong>patr\u00f3n : <\/strong> Europa<\/li>\n<li><strong>solicitud : <\/strong> Hotel, Hogar, Boda<\/li>\n<li><strong>est\u00e1_personalizado : <\/strong> S\u00ed<\/li>\n<li><strong>densidad de la tela: <\/strong> \/<\/li>\n<li><strong>recuento de tela: <\/strong> 20<\/li>\n<li><strong>Grado de solidez del color: <\/strong> 4<\/li>\n<li><strong>n\u00famero de hilos: <\/strong> 128&#215;70<\/li>\n<li><strong>peso : <\/strong> 1-1,5 kilogramos<\/li>\n<li><strong>Nombre del producto : <\/strong> falda de cama<\/li>\n<li><strong>Material : <\/strong> poli\u00e9ster<\/li>\n<li><strong>Cantidad m\u00ednima de pedido: <\/strong> 50 juegos<\/li>\n<li><strong>Tama\u00f1o : <\/strong> personalizado<\/li>\n<li><strong>color : <\/strong> Muchos colores pueden estar disponibles<\/li>\n<li><strong>Ventaja : <\/strong> sensaci\u00f3n de algod\u00f3n suave<\/li>\n<li><strong>muestra : <\/strong> disponible<\/li>\n<li><strong>Tiempo de muestra: : <\/strong> 3~5 d\u00edas<\/li>\n<li><strong>Espacio de la habitaci\u00f3n: <\/strong> Dormitorio<\/li>\n<li><strong>Funci\u00f3n : <\/strong> Anti\u00e1caros<\/li>\n<\/ul>","protected":false},"excerpt":{"rendered":"<p>lugar de origen : Zhejiang, China marca : SHANDE n\u00famero de modelo : SD-57 material : 100%Poli\u00e9ster caracter\u00edstica : Antiest\u00e1tico<\/p>","protected":false},"featured_media":174214,"comment_status":"open","ping_status":"closed","template":"","meta":[],"product_brand":[],"product_cat":[30926,30951,30956],"product_tag":[],"class_list":{"0":"post-174215","1":"product","2":"type-product","3":"status-publish","4":"has-post-thumbnail","6":"product_cat-bedding","7":"product_cat-hotel-bedding","8":"product_cat-mattress-cover","10":"first","11":"instock","12":"taxable","13":"shipping-taxable","14":"purchasable","15":"product-type-variable"},"_links":{"self":[{"href":"https:\/\/nexgendecors.com\/es\/wp-json\/wp\/v2\/product\/174215","targetHints":{"allow":["GET"]}}],"collection":[{"href":"https:\/\/nexgendecors.com\/es\/wp-json\/wp\/v2\/product"}],"about":[{"href":"https:\/\/nexgendecors.com\/es\/wp-json\/wp\/v2\/types\/product"}],"replies":[{"embeddable":true,"href":"https:\/\/nexgendecors.com\/es\/wp-json\/wp\/v2\/comments?post=174215"}],"version-history":[{"count":0,"href":"https:\/\/nexgendecors.com\/es\/wp-json\/wp\/v2\/product\/174215\/revisions"}],"wp:featuredmedia":[{"embeddable":true,"href":"https:\/\/nexgendecors.com\/es\/wp-json\/wp\/v2\/media\/174214"}],"wp:attachment":[{"href":"https:\/\/nexgendecors.com\/es\/wp-json\/wp\/v2\/media?parent=174215"}],"wp:term":[{"taxonomy":"product_brand","embeddable":true,"href":"https:\/\/nexgendecors.com\/es\/wp-json\/wp\/v2\/product_brand?post=174215"},{"taxonomy":"product_cat","embeddable":true,"href":"https:\/\/nexgendecors.com\/es\/wp-json\/wp\/v2\/product_cat?post=174215"},{"taxonomy":"product_tag","embeddable":true,"href":"https:\/\/nexgendecors.com\/es\/wp-json\/wp\/v2\/product_tag?post=174215"}],"curies":[{"name":"wp","href":"https:\/\/api.w.org\/{rel}","templated":true}]}}