{"id":174344,"date":"2025-02-25T08:07:49","date_gmt":"2025-02-25T08:07:49","guid":{"rendered":"https:\/\/nexgendecors.com\/en\/product\/european-style-luxury-hotel-duvet-cover-set-home-microfiber-quilt-cover-bed-sheet-bedding-set\/"},"modified":"2025-04-06T10:28:13","modified_gmt":"2025-04-06T10:28:13","slug":"european-style-luxury-hotel-duvet-cover-set-home-microfiber-quilt-cover-bed-sheet-bedding-set","status":"publish","type":"product","link":"https:\/\/nexgendecors.com\/es\/product\/european-style-luxury-hotel-duvet-cover-set-home-microfiber-quilt-cover-bed-sheet-bedding-set\/","title":{"rendered":"Hotel de lujo de estilo europeo Funda n\u00f3rdica Inicio Microfibra Funda n\u00f3rdica S\u00e1bana Ropa de cama Set"},"content":{"rendered":"<ul>\n<li><strong>est\u00e1_personalizado : <\/strong> S\u00ed<\/li>\n<li><strong>Tipo de ropa de cama para bodas: <\/strong> Kit de boda de cuatro piezas<\/li>\n<li><strong>densidad de la tela: <\/strong> 128&#215;68<\/li>\n<li><strong>recuento de tela: <\/strong> 40<\/li>\n<li><strong>Grado de solidez del color: <\/strong> Normas nacionales<\/li>\n<li><strong>n\u00famero de hilos: <\/strong> 300 hilos<\/li>\n<li><strong>N\u00famero de piezas: <\/strong> 3<\/li>\n<li><strong>Calificaci\u00f3n : <\/strong> Grado A<\/li>\n<li><strong>Tama\u00f1o de la aplicaci\u00f3n: <\/strong> 1,0 m 3,3 pies, 2,5 m 8 pies, 2,8 m 9 pies, 1,2 m 4 pies, 2,0 m 6,6 pies, 1,35 m 4,5 pies, 1,5 m 5 pies, 1,8 m 6 pies, 2,2 m 7 pies<\/li>\n<li><strong>estaci\u00f3n : <\/strong> Para toda la temporada<\/li>\n<li><strong>tipo : <\/strong> Juegos de s\u00e1banas, fundas de almohada y fundas n\u00f3rdicas<\/li>\n<li><strong>usar : <\/strong> Inicio, Hotel<\/li>\n<li><strong>material : <\/strong> 100% Algod\u00f3n<\/li>\n<li><strong>patr\u00f3n : <\/strong> Impreso<\/li>\n<li><strong>estilo : <\/strong> Moderno<\/li>\n<li><strong>Cantidad : <\/strong> 4 piezas<\/li>\n<li><strong>T\u00e9cnicas: <\/strong> de punto<\/li>\n<li><strong>caracter\u00edstica : <\/strong> No desechable<\/li>\n<li><strong>lugar de origen : <\/strong> Zhejiang, China<\/li>\n<li><strong>nombre de marca: <\/strong> BRILL\u00d3<\/li>\n<li><strong>N\u00famero de modelo: <\/strong> B-01<\/li>\n<li><strong>Nombre del producto : <\/strong> Juego de cama estampado<\/li>\n<li><strong>Palabras clave: <\/strong> juego de cama<\/li>\n<li><strong>Color : <\/strong> Personalizado<\/li>\n<li><strong>Logotipo : <\/strong> Personalizado<\/li>\n<li><strong>Caracter\u00edstica : <\/strong> ecol\u00f3gico<\/li>\n<li><strong>Fabricante de equipos originales: <\/strong> OEM disponible<\/li>\n<li><strong>Embalaje: <\/strong> Embalaje personalizado<\/li>\n<li><strong>Patr\u00f3n log\u00edstico: <\/strong> Expreso, Mar, Tierra, Aire<\/li>\n<li><strong>PAGO : <\/strong> Garant\u00eda comercial bancaria, PayPal y Western Union<\/li>\n<\/ul>","protected":false},"excerpt":{"rendered":"<p>is_customized : S\u00ed Ropa de cama de boda Tipo : Boda Kit de cuatro piezas densidad del tejido : 128\u00d768 recuento del tejido : 40 solidez del color<\/p>","protected":false},"featured_media":174343,"comment_status":"open","ping_status":"closed","template":"","meta":[],"product_brand":[],"product_cat":[30926,30951,30952,30953],"product_tag":[],"class_list":{"0":"post-174344","1":"product","2":"type-product","3":"status-publish","4":"has-post-thumbnail","6":"product_cat-bedding","7":"product_cat-hotel-bedding","8":"product_cat-hotel-blanket-cover","9":"product_cat-hotel-sheet-linen","11":"first","12":"instock","13":"taxable","14":"shipping-taxable","15":"purchasable","16":"product-type-variable"},"_links":{"self":[{"href":"https:\/\/nexgendecors.com\/es\/wp-json\/wp\/v2\/product\/174344","targetHints":{"allow":["GET"]}}],"collection":[{"href":"https:\/\/nexgendecors.com\/es\/wp-json\/wp\/v2\/product"}],"about":[{"href":"https:\/\/nexgendecors.com\/es\/wp-json\/wp\/v2\/types\/product"}],"replies":[{"embeddable":true,"href":"https:\/\/nexgendecors.com\/es\/wp-json\/wp\/v2\/comments?post=174344"}],"version-history":[{"count":0,"href":"https:\/\/nexgendecors.com\/es\/wp-json\/wp\/v2\/product\/174344\/revisions"}],"wp:featuredmedia":[{"embeddable":true,"href":"https:\/\/nexgendecors.com\/es\/wp-json\/wp\/v2\/media\/174343"}],"wp:attachment":[{"href":"https:\/\/nexgendecors.com\/es\/wp-json\/wp\/v2\/media?parent=174344"}],"wp:term":[{"taxonomy":"product_brand","embeddable":true,"href":"https:\/\/nexgendecors.com\/es\/wp-json\/wp\/v2\/product_brand?post=174344"},{"taxonomy":"product_cat","embeddable":true,"href":"https:\/\/nexgendecors.com\/es\/wp-json\/wp\/v2\/product_cat?post=174344"},{"taxonomy":"product_tag","embeddable":true,"href":"https:\/\/nexgendecors.com\/es\/wp-json\/wp\/v2\/product_tag?post=174344"}],"curies":[{"name":"wp","href":"https:\/\/api.w.org\/{rel}","templated":true}]}}