{"id":174509,"date":"2025-02-25T08:12:59","date_gmt":"2025-02-25T08:12:59","guid":{"rendered":"https:\/\/nexgendecors.com\/en\/product\/wholesale-100-cotton-tc300-knitted-pillowcase-plain-weave-for-home-use-for-hotels-and-bulk-orders-2\/"},"modified":"2025-04-06T10:28:49","modified_gmt":"2025-04-06T10:28:49","slug":"wholesale-100-cotton-tc300-knitted-pillowcase-plain-weave-for-home-use-for-hotels-and-bulk-orders-2","status":"publish","type":"product","link":"https:\/\/nexgendecors.com\/es\/product\/wholesale-100-cotton-tc300-knitted-pillowcase-plain-weave-for-home-use-for-hotels-and-bulk-orders-2\/","title":{"rendered":"Funda de almohada de punto de algod\u00f3n TC300 100%, de tejido liso, para uso dom\u00e9stico, hoteles y pedidos al por mayor."},"content":{"rendered":"<ul>\n<li><strong>lugar de origen : <\/strong> Zhejiang, China<\/li>\n<li><strong>nombre de marca: <\/strong> Shande<\/li>\n<li><strong>N\u00famero de modelo: <\/strong> P-01<\/li>\n<li><strong>caracter\u00edstica : <\/strong> wearable<\/li>\n<li><strong>T\u00e9cnicas: <\/strong> de punto<\/li>\n<li><strong>usar : <\/strong> Hotel, Home<\/li>\n<li><strong>est\u00e1_personalizado : <\/strong> S\u00ed<\/li>\n<li><strong>Grado de solidez del color: <\/strong> Normas nacionales<\/li>\n<li><strong>material : <\/strong> 100% Algod\u00f3n<\/li>\n<li><strong>Nombre del producto : <\/strong> Pillowcase<\/li>\n<li><strong>Color : <\/strong> Personalizado<\/li>\n<li><strong>Logotipo : <\/strong> Personalizado<\/li>\n<li><strong>Fabricante de equipos originales: <\/strong> OEM disponible<\/li>\n<li><strong>Embalaje: <\/strong> Embalaje personalizado<\/li>\n<li><strong>Patr\u00f3n log\u00edstico: <\/strong> Expreso, Mar, Tierra, Aire<\/li>\n<li><strong>PAGO : <\/strong> Garant\u00eda comercial bancaria, PayPal y Western Union<\/li>\n<\/ul>","protected":false},"excerpt":{"rendered":"<p>Lugar de origen: Zhejiang, China Nombre de la marca: Shande N\u00famero de modelo: P-01 Caracter\u00edstica: port\u00e1til T\u00e9cnicas: tejido<\/p>","protected":false},"featured_media":174507,"comment_status":"open","ping_status":"closed","template":"","meta":[],"product_brand":[],"product_cat":[30926,30951,30954],"product_tag":[],"class_list":{"0":"post-174509","1":"product","2":"type-product","3":"status-publish","4":"has-post-thumbnail","6":"product_cat-bedding","7":"product_cat-hotel-bedding","8":"product_cat-hotel-pillows-and-covers","10":"first","11":"instock","12":"taxable","13":"shipping-taxable","14":"purchasable","15":"product-type-variable"},"_links":{"self":[{"href":"https:\/\/nexgendecors.com\/es\/wp-json\/wp\/v2\/product\/174509","targetHints":{"allow":["GET"]}}],"collection":[{"href":"https:\/\/nexgendecors.com\/es\/wp-json\/wp\/v2\/product"}],"about":[{"href":"https:\/\/nexgendecors.com\/es\/wp-json\/wp\/v2\/types\/product"}],"replies":[{"embeddable":true,"href":"https:\/\/nexgendecors.com\/es\/wp-json\/wp\/v2\/comments?post=174509"}],"version-history":[{"count":0,"href":"https:\/\/nexgendecors.com\/es\/wp-json\/wp\/v2\/product\/174509\/revisions"}],"wp:featuredmedia":[{"embeddable":true,"href":"https:\/\/nexgendecors.com\/es\/wp-json\/wp\/v2\/media\/174507"}],"wp:attachment":[{"href":"https:\/\/nexgendecors.com\/es\/wp-json\/wp\/v2\/media?parent=174509"}],"wp:term":[{"taxonomy":"product_brand","embeddable":true,"href":"https:\/\/nexgendecors.com\/es\/wp-json\/wp\/v2\/product_brand?post=174509"},{"taxonomy":"product_cat","embeddable":true,"href":"https:\/\/nexgendecors.com\/es\/wp-json\/wp\/v2\/product_cat?post=174509"},{"taxonomy":"product_tag","embeddable":true,"href":"https:\/\/nexgendecors.com\/es\/wp-json\/wp\/v2\/product_tag?post=174509"}],"curies":[{"name":"wp","href":"https:\/\/api.w.org\/{rel}","templated":true}]}}