{"id":174754,"date":"2025-02-25T16:23:30","date_gmt":"2025-02-25T16:23:30","guid":{"rendered":"https:\/\/nexgendecors.com\/en\/product\/wholesale-large-sand-free-stripe-cotton-soft-custom-size-beach-towel\/"},"modified":"2025-04-06T10:30:23","modified_gmt":"2025-04-06T10:30:23","slug":"wholesale-large-sand-free-stripe-cotton-soft-custom-size-beach-towel","status":"publish","type":"product","link":"https:\/\/nexgendecors.com\/es\/product\/wholesale-large-sand-free-stripe-cotton-soft-custom-size-beach-towel\/","title":{"rendered":"Toalla de playa grande de algod\u00f3n suave a rayas sin arena, tama\u00f1o personalizado, venta al por mayor"},"content":{"rendered":"<ul>\n<li><strong>lugar de origen : <\/strong> Jiangsu, China<\/li>\n<li><strong>nombre de marca: <\/strong> TEXTIL GENERAL<\/li>\n<li><strong>N\u00famero de modelo: <\/strong> JRRR19<\/li>\n<li><strong>material : <\/strong> Algod\u00f3n<\/li>\n<li><strong>caracter\u00edstica : <\/strong> Excelente capacidad de absorci\u00f3n y alta durabilidad.<\/li>\n<li><strong>T\u00e9cnicas: <\/strong> tejido<\/li>\n<li><strong>forma : <\/strong> Rect\u00e1ngulo<\/li>\n<li><strong>Usar : <\/strong> Hotel<\/li>\n<li><strong>patr\u00f3n : <\/strong> A rayas<\/li>\n<li><strong>Estaci\u00f3n : <\/strong> Summer<\/li>\n<li><strong>Nombre del producto : <\/strong> beach towel<\/li>\n<li><strong>Material : <\/strong> 100% Algod\u00f3n<\/li>\n<li><strong>Patr\u00f3n : <\/strong> YARN DYED<\/li>\n<li><strong>Estilo : <\/strong> Stripe<\/li>\n<li><strong>Hilo: <\/strong> 16S\/21S\/32S<\/li>\n<li><strong>Tama\u00f1o : <\/strong> 70*140cm<\/li>\n<li><strong>Cantidad m\u00ednima de pedido: <\/strong> 500 piezas<\/li>\n<li><strong>Tiempo de producci\u00f3n : <\/strong> 7-20 days<\/li>\n<li><strong>Uso: <\/strong> playa, regalo, hotel, spa, resort, club, avi\u00f3n, hospital<\/li>\n<li><strong>Tipo : <\/strong> beach towel\/pool towel<\/li>\n<\/ul>","protected":false},"excerpt":{"rendered":"<p>Lugar de origen: Jiangsu, China Nombre de la marca: GENERAL TEXTILE N\u00famero de modelo: JRRR19 Material: Algod\u00f3n Caracter\u00edstica:<\/p>","protected":false},"featured_media":174753,"comment_status":"open","ping_status":"closed","template":"","meta":[],"product_brand":[],"product_cat":[30927,30937],"product_tag":[],"class_list":{"0":"post-174754","1":"product","2":"type-product","3":"status-publish","4":"has-post-thumbnail","6":"product_cat-bath","7":"product_cat-hotel-towels","9":"first","10":"instock","11":"taxable","12":"shipping-taxable","13":"purchasable","14":"product-type-variable"},"_links":{"self":[{"href":"https:\/\/nexgendecors.com\/es\/wp-json\/wp\/v2\/product\/174754","targetHints":{"allow":["GET"]}}],"collection":[{"href":"https:\/\/nexgendecors.com\/es\/wp-json\/wp\/v2\/product"}],"about":[{"href":"https:\/\/nexgendecors.com\/es\/wp-json\/wp\/v2\/types\/product"}],"replies":[{"embeddable":true,"href":"https:\/\/nexgendecors.com\/es\/wp-json\/wp\/v2\/comments?post=174754"}],"version-history":[{"count":0,"href":"https:\/\/nexgendecors.com\/es\/wp-json\/wp\/v2\/product\/174754\/revisions"}],"wp:featuredmedia":[{"embeddable":true,"href":"https:\/\/nexgendecors.com\/es\/wp-json\/wp\/v2\/media\/174753"}],"wp:attachment":[{"href":"https:\/\/nexgendecors.com\/es\/wp-json\/wp\/v2\/media?parent=174754"}],"wp:term":[{"taxonomy":"product_brand","embeddable":true,"href":"https:\/\/nexgendecors.com\/es\/wp-json\/wp\/v2\/product_brand?post=174754"},{"taxonomy":"product_cat","embeddable":true,"href":"https:\/\/nexgendecors.com\/es\/wp-json\/wp\/v2\/product_cat?post=174754"},{"taxonomy":"product_tag","embeddable":true,"href":"https:\/\/nexgendecors.com\/es\/wp-json\/wp\/v2\/product_tag?post=174754"}],"curies":[{"name":"wp","href":"https:\/\/api.w.org\/{rel}","templated":true}]}}