{"id":174779,"date":"2025-02-25T16:24:22","date_gmt":"2025-02-25T16:24:22","guid":{"rendered":"https:\/\/nexgendecors.com\/en\/product\/100-terry-cotton-hotel-jacquard-bath-mat-with-super-quality\/"},"modified":"2025-04-06T10:30:48","modified_gmt":"2025-04-06T10:30:48","slug":"100-terry-cotton-hotel-jacquard-bath-mat-with-super-quality","status":"publish","type":"product","link":"https:\/\/nexgendecors.com\/es\/product\/100-terry-cotton-hotel-jacquard-bath-mat-with-super-quality\/","title":{"rendered":"Alfombra de ba\u00f1o de hotel de algod\u00f3n jacquard 100% de gran calidad"},"content":{"rendered":"<ul>\n<li><strong>T\u00e9cnicas: <\/strong> MACHINE MADE<\/li>\n<li><strong>patr\u00f3n : <\/strong> Print<\/li>\n<li><strong>estilo de dise\u00f1o: <\/strong> CLASSIC, Morden Luxury<\/li>\n<li><strong>material : <\/strong> Algod\u00f3n<\/li>\n<li><strong>caracter\u00edstica : <\/strong> Sostenible, abastecido<\/li>\n<li><strong>lugar de origen : <\/strong> Jiangsu, China<\/li>\n<li><strong>nombre de marca: <\/strong> General Textile<\/li>\n<li><strong>N\u00famero de modelo: <\/strong> JRES116<\/li>\n<li><strong>Nombre del producto : <\/strong> Hotel math mat<\/li>\n<li><strong>Material : <\/strong> Algod\u00f3n 100%<\/li>\n<li><strong>T\u00e9cnica: <\/strong> Wovean<\/li>\n<li><strong>Hilo: <\/strong> 32 S<\/li>\n<li><strong>Tama\u00f1o : <\/strong> 50X80cm<\/li>\n<li><strong>Peso : <\/strong> 400G<\/li>\n<li><strong>El tiempo de entrega : <\/strong> 10 days<\/li>\n<li><strong>Terms of Payment : <\/strong> 30% deposit by T\/T<\/li>\n<li><strong>Color : <\/strong> white, black<\/li>\n<li><strong>Logotipo : <\/strong> Jacquard  design<\/li>\n<li><strong>Comprador comercial: <\/strong> TV Shopping, Department Stores, Super Markets, hotels, E-commerce Stores, Gifts Stores<\/li>\n<li><strong>Estaci\u00f3n : <\/strong> Para toda la temporada<\/li>\n<li><strong>Selecci\u00f3n del espacio de la habitaci\u00f3n: <\/strong> No soporte<\/li>\n<li><strong>Selecci\u00f3n de ocasi\u00f3n: <\/strong> No soporte<\/li>\n<li><strong>Selecci\u00f3n de vacaciones: <\/strong> No soporte<\/li>\n<li><strong>Estilo : <\/strong> New Classical\/Post-modern<\/li>\n<\/ul>","protected":false},"excerpt":{"rendered":"<p>T\u00e9cnicas: HECHO A M\u00c1QUINA Patr\u00f3n: Estampado Estilo de dise\u00f1o: CL\u00c1SICO, Lujo moderno Material: Algod\u00f3n Caracter\u00edstica: Sostenible, Almacenado<\/p>","protected":false},"featured_media":174778,"comment_status":"open","ping_status":"closed","template":"","meta":[],"product_brand":[],"product_cat":[30927,30937],"product_tag":[],"class_list":{"0":"post-174779","1":"product","2":"type-product","3":"status-publish","4":"has-post-thumbnail","6":"product_cat-bath","7":"product_cat-hotel-towels","9":"first","10":"instock","11":"taxable","12":"shipping-taxable","13":"purchasable","14":"product-type-variable"},"_links":{"self":[{"href":"https:\/\/nexgendecors.com\/es\/wp-json\/wp\/v2\/product\/174779","targetHints":{"allow":["GET"]}}],"collection":[{"href":"https:\/\/nexgendecors.com\/es\/wp-json\/wp\/v2\/product"}],"about":[{"href":"https:\/\/nexgendecors.com\/es\/wp-json\/wp\/v2\/types\/product"}],"replies":[{"embeddable":true,"href":"https:\/\/nexgendecors.com\/es\/wp-json\/wp\/v2\/comments?post=174779"}],"version-history":[{"count":0,"href":"https:\/\/nexgendecors.com\/es\/wp-json\/wp\/v2\/product\/174779\/revisions"}],"wp:featuredmedia":[{"embeddable":true,"href":"https:\/\/nexgendecors.com\/es\/wp-json\/wp\/v2\/media\/174778"}],"wp:attachment":[{"href":"https:\/\/nexgendecors.com\/es\/wp-json\/wp\/v2\/media?parent=174779"}],"wp:term":[{"taxonomy":"product_brand","embeddable":true,"href":"https:\/\/nexgendecors.com\/es\/wp-json\/wp\/v2\/product_brand?post=174779"},{"taxonomy":"product_cat","embeddable":true,"href":"https:\/\/nexgendecors.com\/es\/wp-json\/wp\/v2\/product_cat?post=174779"},{"taxonomy":"product_tag","embeddable":true,"href":"https:\/\/nexgendecors.com\/es\/wp-json\/wp\/v2\/product_tag?post=174779"}],"curies":[{"name":"wp","href":"https:\/\/api.w.org\/{rel}","templated":true}]}}