{"id":174797,"date":"2025-02-25T16:25:01","date_gmt":"2025-02-25T16:25:01","guid":{"rendered":"https:\/\/nexgendecors.com\/en\/product\/100-cotton-16s-luxury-hotel-plain-weave-face-cloth-hand-bath-towels\/"},"modified":"2025-04-06T10:31:09","modified_gmt":"2025-04-06T10:31:09","slug":"100-cotton-16s-luxury-hotel-plain-weave-face-cloth-hand-bath-towels","status":"publish","type":"product","link":"https:\/\/nexgendecors.com\/es\/product\/100-cotton-16s-luxury-hotel-plain-weave-face-cloth-hand-bath-towels\/","title":{"rendered":"Toallas de ba\u00f1o de lujo para hotel, de algod\u00f3n 16S, 100%, de tejido liso, para la cara y las manos"},"content":{"rendered":"<ul>\n<li><strong>patr\u00f3n : <\/strong> Color s\u00f3lido<\/li>\n<li><strong>material : <\/strong> 100% Algod\u00f3n<\/li>\n<li><strong>estilo : <\/strong> Plano<\/li>\n<li><strong>tipo : <\/strong> Hand Towel<\/li>\n<li><strong>T\u00e9cnicas: <\/strong> tejido<\/li>\n<li><strong>forma : <\/strong> Rectangular<\/li>\n<li><strong>solicitud : <\/strong> Avi\u00f3n<\/li>\n<li><strong>caracter\u00edstica : <\/strong> Excelente capacidad de absorci\u00f3n y alta durabilidad.<\/li>\n<li><strong>nombre de marca: <\/strong> TEXTIL GENERAL<\/li>\n<li><strong>lugar de origen : <\/strong> Jiangsu, China<\/li>\n<li><strong>N\u00famero de modelo: <\/strong> JRC09291<\/li>\n<li><strong>Nombre del producto : <\/strong> hand towel<\/li>\n<li><strong>Tela : <\/strong> 100% Cotton Fabric<\/li>\n<li><strong>Hilo: <\/strong> 16S<\/li>\n<li><strong>Dise\u00f1o : <\/strong> plain weave<\/li>\n<li><strong>Tama\u00f1o : <\/strong> 35*75cm<\/li>\n<li><strong>Peso : <\/strong> 150g<\/li>\n<li><strong>Solicitud : <\/strong> hotel, home, promotion gift, etc<\/li>\n<li><strong>Cantidad m\u00ednima de pedido: <\/strong> 100 piezas<\/li>\n<li><strong>Tiempo de muestra: <\/strong> 3-7 days<\/li>\n<li><strong>Plazo de pago: <\/strong> 30% deposit by T\/T, L\/C, Ali trade assurance<\/li>\n<\/ul>","protected":false},"excerpt":{"rendered":"<p>Patr\u00f3n: Color s\u00f3lido Material: Algod\u00f3n 100% Estilo: Liso Tipo: Toalla de mano T\u00e9cnicas: Tejido Forma:<\/p>","protected":false},"featured_media":174796,"comment_status":"open","ping_status":"closed","template":"","meta":[],"product_brand":[],"product_cat":[30927,30937],"product_tag":[],"class_list":{"0":"post-174797","1":"product","2":"type-product","3":"status-publish","4":"has-post-thumbnail","6":"product_cat-bath","7":"product_cat-hotel-towels","9":"first","10":"instock","11":"taxable","12":"shipping-taxable","13":"purchasable","14":"product-type-variable"},"_links":{"self":[{"href":"https:\/\/nexgendecors.com\/es\/wp-json\/wp\/v2\/product\/174797","targetHints":{"allow":["GET"]}}],"collection":[{"href":"https:\/\/nexgendecors.com\/es\/wp-json\/wp\/v2\/product"}],"about":[{"href":"https:\/\/nexgendecors.com\/es\/wp-json\/wp\/v2\/types\/product"}],"replies":[{"embeddable":true,"href":"https:\/\/nexgendecors.com\/es\/wp-json\/wp\/v2\/comments?post=174797"}],"version-history":[{"count":0,"href":"https:\/\/nexgendecors.com\/es\/wp-json\/wp\/v2\/product\/174797\/revisions"}],"wp:featuredmedia":[{"embeddable":true,"href":"https:\/\/nexgendecors.com\/es\/wp-json\/wp\/v2\/media\/174796"}],"wp:attachment":[{"href":"https:\/\/nexgendecors.com\/es\/wp-json\/wp\/v2\/media?parent=174797"}],"wp:term":[{"taxonomy":"product_brand","embeddable":true,"href":"https:\/\/nexgendecors.com\/es\/wp-json\/wp\/v2\/product_brand?post=174797"},{"taxonomy":"product_cat","embeddable":true,"href":"https:\/\/nexgendecors.com\/es\/wp-json\/wp\/v2\/product_cat?post=174797"},{"taxonomy":"product_tag","embeddable":true,"href":"https:\/\/nexgendecors.com\/es\/wp-json\/wp\/v2\/product_tag?post=174797"}],"curies":[{"name":"wp","href":"https:\/\/api.w.org\/{rel}","templated":true}]}}