{"id":174805,"date":"2025-02-25T16:25:41","date_gmt":"2025-02-25T16:25:41","guid":{"rendered":"https:\/\/nexgendecors.com\/en\/product\/custom-bathroom-mat-100-cotton-jacquard-logo-bath-mat\/"},"modified":"2025-04-06T10:31:16","modified_gmt":"2025-04-06T10:31:16","slug":"custom-bathroom-mat-100-cotton-jacquard-logo-bath-mat","status":"publish","type":"product","link":"https:\/\/nexgendecors.com\/es\/product\/custom-bathroom-mat-100-cotton-jacquard-logo-bath-mat\/","title":{"rendered":"Alfombrilla de ba\u00f1o personalizada 100% de algod\u00f3n con logotipo en jacquard"},"content":{"rendered":"<ul>\n<li><strong>lugar de origen : <\/strong> Jiangsu, China<\/li>\n<li><strong>nombre de marca: <\/strong> General Textile<\/li>\n<li><strong>N\u00famero de modelo: <\/strong> JRES06<\/li>\n<li><strong>material : <\/strong> Algod\u00f3n<\/li>\n<li><strong>caracter\u00edstica : <\/strong> Water absorbant, confortable, washable and durability<\/li>\n<li><strong>T\u00e9cnicas: <\/strong> tejido<\/li>\n<li><strong>forma : <\/strong> Cuadrado<\/li>\n<li><strong>Usar : <\/strong> Hogar<\/li>\n<li><strong>patr\u00f3n : <\/strong> Color s\u00f3lido<\/li>\n<li><strong>Material : <\/strong> 100% Algod\u00f3n<\/li>\n<li><strong>Estilo : <\/strong> jacquard<\/li>\n<li><strong>Nombre del producto : <\/strong> hotel math mat<\/li>\n<li><strong>El tiempo de entrega : <\/strong> 10 days<\/li>\n<li><strong>Terms of Payment : <\/strong> Transferencia bancaria<\/li>\n<li><strong>Hilo: <\/strong> 32 S<\/li>\n<li><strong>Logotipo : <\/strong> Embroidered golden royal logo<\/li>\n<li><strong>Tama\u00f1o : <\/strong> 50X80<\/li>\n<li><strong>Peso : <\/strong> 400G<\/li>\n<\/ul>","protected":false},"excerpt":{"rendered":"<p>Lugar de origen: Jiangsu, China Nombre de la marca: General Textile N\u00famero de modelo: JRES06 Material: Algod\u00f3n Caracter\u00edstica:<\/p>","protected":false},"featured_media":174804,"comment_status":"open","ping_status":"closed","template":"","meta":[],"product_brand":[],"product_cat":[30927,30937],"product_tag":[],"class_list":{"0":"post-174805","1":"product","2":"type-product","3":"status-publish","4":"has-post-thumbnail","6":"product_cat-bath","7":"product_cat-hotel-towels","9":"first","10":"instock","11":"taxable","12":"shipping-taxable","13":"purchasable","14":"product-type-variable"},"_links":{"self":[{"href":"https:\/\/nexgendecors.com\/es\/wp-json\/wp\/v2\/product\/174805","targetHints":{"allow":["GET"]}}],"collection":[{"href":"https:\/\/nexgendecors.com\/es\/wp-json\/wp\/v2\/product"}],"about":[{"href":"https:\/\/nexgendecors.com\/es\/wp-json\/wp\/v2\/types\/product"}],"replies":[{"embeddable":true,"href":"https:\/\/nexgendecors.com\/es\/wp-json\/wp\/v2\/comments?post=174805"}],"version-history":[{"count":0,"href":"https:\/\/nexgendecors.com\/es\/wp-json\/wp\/v2\/product\/174805\/revisions"}],"wp:featuredmedia":[{"embeddable":true,"href":"https:\/\/nexgendecors.com\/es\/wp-json\/wp\/v2\/media\/174804"}],"wp:attachment":[{"href":"https:\/\/nexgendecors.com\/es\/wp-json\/wp\/v2\/media?parent=174805"}],"wp:term":[{"taxonomy":"product_brand","embeddable":true,"href":"https:\/\/nexgendecors.com\/es\/wp-json\/wp\/v2\/product_brand?post=174805"},{"taxonomy":"product_cat","embeddable":true,"href":"https:\/\/nexgendecors.com\/es\/wp-json\/wp\/v2\/product_cat?post=174805"},{"taxonomy":"product_tag","embeddable":true,"href":"https:\/\/nexgendecors.com\/es\/wp-json\/wp\/v2\/product_tag?post=174805"}],"curies":[{"name":"wp","href":"https:\/\/api.w.org\/{rel}","templated":true}]}}