{"id":174833,"date":"2025-02-25T16:27:45","date_gmt":"2025-02-25T16:27:45","guid":{"rendered":"https:\/\/nexgendecors.com\/en\/product\/luxury-600gsm-highly-absorbent-100-cotton-hotel-white-bath-towel\/"},"modified":"2025-04-06T10:31:38","modified_gmt":"2025-04-06T10:31:38","slug":"luxury-600gsm-highly-absorbent-100-cotton-hotel-white-bath-towel","status":"publish","type":"product","link":"https:\/\/nexgendecors.com\/es\/product\/luxury-600gsm-highly-absorbent-100-cotton-hotel-white-bath-towel\/","title":{"rendered":"Toalla de ba\u00f1o de lujo de algod\u00f3n 100% de 600 g\/m\u00b2, muy absorbente, color blanco para hotel"},"content":{"rendered":"<ul>\n<li><strong>lugar de origen : <\/strong> Jiangsu, China<\/li>\n<li><strong>nombre de marca: <\/strong> TEXTIL GENERAL<\/li>\n<li><strong>N\u00famero de modelo: <\/strong> JRES96<\/li>\n<li><strong>material : <\/strong> Algod\u00f3n<\/li>\n<li><strong>caracter\u00edstica : <\/strong> Excelente capacidad de absorci\u00f3n y alta durabilidad.<\/li>\n<li><strong>T\u00e9cnicas: <\/strong> tejido<\/li>\n<li><strong>forma : <\/strong> Cuadrado<\/li>\n<li><strong>solicitud : <\/strong> Hogar<\/li>\n<li><strong>patr\u00f3n : <\/strong> Color s\u00f3lido<\/li>\n<li><strong>grupo de edad: <\/strong> Adulto<\/li>\n<li><strong>Nombre del producto : <\/strong> Hotel Towel Sets<\/li>\n<li><strong>Hilo: <\/strong> 16S<\/li>\n<li><strong>Cantidad m\u00ednima de pedido: <\/strong> 100 juegos<\/li>\n<li><strong>Logotipo : <\/strong> Se aceptan Jacquard\/Bordado\/Personalizado<\/li>\n<li><strong>Embalaje: <\/strong> Bolsa de polietileno impermeable\/cart\u00f3n\/personalizado aceptado<\/li>\n<li><strong>Tiempo de producci\u00f3n : <\/strong> 7-30 d\u00edas<\/li>\n<li><strong>Tama\u00f1o : <\/strong> 80X160cm<\/li>\n<li><strong>Peso : <\/strong> 800G<\/li>\n<li><strong>Material : <\/strong> 100% Algod\u00f3n<\/li>\n<li><strong>Patr\u00f3n : <\/strong> Bordado<\/li>\n<\/ul>","protected":false},"excerpt":{"rendered":"<p>Lugar de origen: Jiangsu, China Nombre de la marca: GENERAL TEXTILE N\u00famero de modelo: JRES96 Material: Algod\u00f3n Caracter\u00edstica:<\/p>","protected":false},"featured_media":174832,"comment_status":"open","ping_status":"closed","template":"","meta":[],"product_brand":[],"product_cat":[30927,30937],"product_tag":[],"class_list":{"0":"post-174833","1":"product","2":"type-product","3":"status-publish","4":"has-post-thumbnail","6":"product_cat-bath","7":"product_cat-hotel-towels","9":"first","10":"instock","11":"taxable","12":"shipping-taxable","13":"purchasable","14":"product-type-variable"},"_links":{"self":[{"href":"https:\/\/nexgendecors.com\/es\/wp-json\/wp\/v2\/product\/174833","targetHints":{"allow":["GET"]}}],"collection":[{"href":"https:\/\/nexgendecors.com\/es\/wp-json\/wp\/v2\/product"}],"about":[{"href":"https:\/\/nexgendecors.com\/es\/wp-json\/wp\/v2\/types\/product"}],"replies":[{"embeddable":true,"href":"https:\/\/nexgendecors.com\/es\/wp-json\/wp\/v2\/comments?post=174833"}],"version-history":[{"count":0,"href":"https:\/\/nexgendecors.com\/es\/wp-json\/wp\/v2\/product\/174833\/revisions"}],"wp:featuredmedia":[{"embeddable":true,"href":"https:\/\/nexgendecors.com\/es\/wp-json\/wp\/v2\/media\/174832"}],"wp:attachment":[{"href":"https:\/\/nexgendecors.com\/es\/wp-json\/wp\/v2\/media?parent=174833"}],"wp:term":[{"taxonomy":"product_brand","embeddable":true,"href":"https:\/\/nexgendecors.com\/es\/wp-json\/wp\/v2\/product_brand?post=174833"},{"taxonomy":"product_cat","embeddable":true,"href":"https:\/\/nexgendecors.com\/es\/wp-json\/wp\/v2\/product_cat?post=174833"},{"taxonomy":"product_tag","embeddable":true,"href":"https:\/\/nexgendecors.com\/es\/wp-json\/wp\/v2\/product_tag?post=174833"}],"curies":[{"name":"wp","href":"https:\/\/api.w.org\/{rel}","templated":true}]}}