{"id":174842,"date":"2025-02-25T16:28:05","date_gmt":"2025-02-25T16:28:05","guid":{"rendered":"https:\/\/nexgendecors.com\/en\/product\/highly-absorbent-egyptian-cotton-600gsm-hotel-bath-towel-set-with-embroidery-logo\/"},"modified":"2025-04-06T10:31:48","modified_gmt":"2025-04-06T10:31:48","slug":"highly-absorbent-egyptian-cotton-600gsm-hotel-bath-towel-set-with-embroidery-logo","status":"publish","type":"product","link":"https:\/\/nexgendecors.com\/es\/product\/highly-absorbent-egyptian-cotton-600gsm-hotel-bath-towel-set-with-embroidery-logo\/","title":{"rendered":"Juego de toallas de ba\u00f1o para hotel de algod\u00f3n egipcio de 600 g\/m\u00b2, altamente absorbentes, con logotipo bordado."},"content":{"rendered":"<ul>\n<li><strong>lugar de origen : <\/strong> Jiangsu, China<\/li>\n<li><strong>nombre de marca: <\/strong> TEXTIL GENERAL<\/li>\n<li><strong>N\u00famero de modelo: <\/strong> JRES40<\/li>\n<li><strong>material : <\/strong> Algod\u00f3n 100%<\/li>\n<li><strong>caracter\u00edstica : <\/strong> more than 12 years textile experience<\/li>\n<li><strong>T\u00e9cnicas: <\/strong> tejido<\/li>\n<li><strong>forma : <\/strong> Rect\u00e1ngulo<\/li>\n<li><strong>solicitud : <\/strong> Hotel<\/li>\n<li><strong>patr\u00f3n : <\/strong> Color s\u00f3lido<\/li>\n<li><strong>grupo de edad: <\/strong> Adulto<\/li>\n<li><strong>Nombre del producto : <\/strong> Towel set<\/li>\n<li><strong>Tela : <\/strong> 100% Cotton Fabric<\/li>\n<li><strong>Logotipo : <\/strong> Logotipo del cliente<\/li>\n<li><strong>Tama\u00f1o : <\/strong> 32*32cm\/35*75cm\/70*140cm<\/li>\n<li><strong>Peso : <\/strong> 600 g\/m\u00b2<\/li>\n<li><strong>Cantidad m\u00ednima de pedido: <\/strong> 2 pcs<\/li>\n<li><strong>Embalaje: <\/strong> Waterproof Polybag<\/li>\n<li><strong>Plazo de pago: <\/strong> 30% Deposit \/ 70% Balance<\/li>\n<li><strong>Solicitud : <\/strong> Hotel Home Sport Airplain Spa<\/li>\n<\/ul>","protected":false},"excerpt":{"rendered":"<p>Lugar de origen: Jiangsu, China Nombre de la marca: GENERAL TEXTILE N\u00famero de modelo: JRES40 Material: Algod\u00f3n 100% Caracter\u00edstica<\/p>","protected":false},"featured_media":174841,"comment_status":"open","ping_status":"closed","template":"","meta":[],"product_brand":[],"product_cat":[30927,30937],"product_tag":[],"class_list":{"0":"post-174842","1":"product","2":"type-product","3":"status-publish","4":"has-post-thumbnail","6":"product_cat-bath","7":"product_cat-hotel-towels","9":"first","10":"instock","11":"taxable","12":"shipping-taxable","13":"purchasable","14":"product-type-variable"},"_links":{"self":[{"href":"https:\/\/nexgendecors.com\/es\/wp-json\/wp\/v2\/product\/174842","targetHints":{"allow":["GET"]}}],"collection":[{"href":"https:\/\/nexgendecors.com\/es\/wp-json\/wp\/v2\/product"}],"about":[{"href":"https:\/\/nexgendecors.com\/es\/wp-json\/wp\/v2\/types\/product"}],"replies":[{"embeddable":true,"href":"https:\/\/nexgendecors.com\/es\/wp-json\/wp\/v2\/comments?post=174842"}],"version-history":[{"count":0,"href":"https:\/\/nexgendecors.com\/es\/wp-json\/wp\/v2\/product\/174842\/revisions"}],"wp:featuredmedia":[{"embeddable":true,"href":"https:\/\/nexgendecors.com\/es\/wp-json\/wp\/v2\/media\/174841"}],"wp:attachment":[{"href":"https:\/\/nexgendecors.com\/es\/wp-json\/wp\/v2\/media?parent=174842"}],"wp:term":[{"taxonomy":"product_brand","embeddable":true,"href":"https:\/\/nexgendecors.com\/es\/wp-json\/wp\/v2\/product_brand?post=174842"},{"taxonomy":"product_cat","embeddable":true,"href":"https:\/\/nexgendecors.com\/es\/wp-json\/wp\/v2\/product_cat?post=174842"},{"taxonomy":"product_tag","embeddable":true,"href":"https:\/\/nexgendecors.com\/es\/wp-json\/wp\/v2\/product_tag?post=174842"}],"curies":[{"name":"wp","href":"https:\/\/api.w.org\/{rel}","templated":true}]}}