{"id":17488,"date":"2025-01-13T14:23:01","date_gmt":"2025-01-13T14:23:01","guid":{"rendered":"https:\/\/nexgendecors.com\/product\/yanasuo-pmma-artificial-stone-bathtub-household-independent-integrated-small-bathtub-rectangular-small-apartment-double-bathtub\/"},"modified":"2025-03-08T06:11:00","modified_gmt":"2025-03-08T06:11:00","slug":"banera-de-piedra-artificial-pmma-yanasuo-para-el-hogar-independiente-integrada-pequena-rectangular-para-apartamento-pequeno-doble","status":"publish","type":"product","link":"https:\/\/nexgendecors.com\/es\/product\/banera-de-piedra-artificial-pmma-yanasuo-para-el-hogar-independiente-integrada-pequena-rectangular-para-apartamento-pequeno-doble\/","title":{"rendered":"Ba\u00f1era doble de PMMA Yanasuo: dise\u00f1o elegante y compacto"},"content":{"rendered":"<ul>\n<li>\n<strong>marca<\/strong>:YANASO\/Yanaso (material principal de decoraci\u00f3n del hogar)<\/li>\n<li>\n<strong>modelo<\/strong>:YNS8607<\/li>\n<li>\n<strong>forma<\/strong>:Separado<\/li>\n<li>\n<strong>Origen<\/strong>:China continental<\/li>\n<li>\n<strong>provincia<\/strong>:Provincia de Guangdong<\/li>\n<li>\n<strong>ciudad<\/strong>:Jiangmen<\/li>\n<li>\n<strong>\u00bfTiene grifo?<\/strong>:No incluido<\/li>\n<li>\n<strong>longitud<\/strong>:1,2 m 1,3 m 1,4 m 1,5 m 1,6 m 1,7 m 1,8 m<\/li>\n<li>\n<strong>Material<\/strong>:roca hecha por el hombre<\/li>\n<li>\n<strong>\u00bfHay pasamanos?<\/strong>:No<\/li>\n<li>\n<strong>Servicio en la ciudad<\/strong>:Log\u00edstica intraurbana de entrega puerta a puerta<\/li>\n<li>\n<strong>ordenar por color<\/strong>:Piedra artificial est\u00e1ndar \u2013 blanco mate + accesorios de drenaje + rebosadero Piedra artificial est\u00e1ndar \u2013 blanco brillante + accesorios de drenaje + rebosadero Piedra artificial est\u00e1ndar \u2013 negro mate por fuera y blanco por dentro + accesorios de drenaje + rebosadero Piedra artificial est\u00e1ndar \u2013 negro mate + accesorios de drenaje + rebosadero Piedra artificial est\u00e1ndar \u2013 gris mate + accesorios de drenaje + rebosadero Piedra artificial est\u00e1ndar \u2013 rosa mate + accesorios de drenaje + rebosadero Piedra artificial est\u00e1ndar \u2013 caf\u00e9 con leche mate + accesorios de drenaje + rebosadero Piedra artificial PMMA \u2013 blanco mate + accesorios de drenaje + rebosadero Piedra artificial PMMA \u2013 blanco brillante + accesorios de drenaje + rebosadero Personalizaci\u00f3n de color Este modelo est\u00e1 disponible en 1,58 metros de tama\u00f1o. \u00a1Por favor, contacte con el servicio de atenci\u00f3n al cliente si lo necesita!<\/li>\n<\/ul>\n<p><img><\/p>","protected":false},"excerpt":{"rendered":"<p>Marca: YANASO\/Yanaso (material principal de decoraci\u00f3n del hogar) Modelo: YNS8607 Forma: Independiente Origen: China continental Provincia: Provincia de Guangdong Ciudad: Jiangmen \u00bfContiene grifo?: No incluido Longitud: 1,2 m 1,3 m<\/p>","protected":false},"featured_media":18956,"comment_status":"open","ping_status":"closed","template":"","meta":[],"product_brand":[],"product_cat":[30971,869],"product_tag":[],"class_list":{"0":"post-17488","1":"product","2":"type-product","3":"status-publish","4":"has-post-thumbnail","6":"product_cat-hp","7":"product_cat-wholesale-bathtub","9":"first","10":"instock","11":"taxable","12":"shipping-taxable","13":"purchasable","14":"product-type-variable"},"_links":{"self":[{"href":"https:\/\/nexgendecors.com\/es\/wp-json\/wp\/v2\/product\/17488","targetHints":{"allow":["GET"]}}],"collection":[{"href":"https:\/\/nexgendecors.com\/es\/wp-json\/wp\/v2\/product"}],"about":[{"href":"https:\/\/nexgendecors.com\/es\/wp-json\/wp\/v2\/types\/product"}],"replies":[{"embeddable":true,"href":"https:\/\/nexgendecors.com\/es\/wp-json\/wp\/v2\/comments?post=17488"}],"version-history":[{"count":0,"href":"https:\/\/nexgendecors.com\/es\/wp-json\/wp\/v2\/product\/17488\/revisions"}],"wp:featuredmedia":[{"embeddable":true,"href":"https:\/\/nexgendecors.com\/es\/wp-json\/wp\/v2\/media\/18956"}],"wp:attachment":[{"href":"https:\/\/nexgendecors.com\/es\/wp-json\/wp\/v2\/media?parent=17488"}],"wp:term":[{"taxonomy":"product_brand","embeddable":true,"href":"https:\/\/nexgendecors.com\/es\/wp-json\/wp\/v2\/product_brand?post=17488"},{"taxonomy":"product_cat","embeddable":true,"href":"https:\/\/nexgendecors.com\/es\/wp-json\/wp\/v2\/product_cat?post=17488"},{"taxonomy":"product_tag","embeddable":true,"href":"https:\/\/nexgendecors.com\/es\/wp-json\/wp\/v2\/product_tag?post=17488"}],"curies":[{"name":"wp","href":"https:\/\/api.w.org\/{rel}","templated":true}]}}