{"id":174912,"date":"2025-02-25T16:33:33","date_gmt":"2025-02-25T16:33:33","guid":{"rendered":"https:\/\/nexgendecors.com\/en\/product\/100-long-staple-cotton-yarn-dyed-jacquard-hotel-hand-face-bath-towel-set\/"},"modified":"2025-04-06T10:32:37","modified_gmt":"2025-04-06T10:32:37","slug":"juego-de-toallas-de-bano-para-hotel-100-algodon-de-fibra-larga-tenido-en-jacquard-para-manos-y-rostro","status":"publish","type":"product","link":"https:\/\/nexgendecors.com\/es\/product\/juego-de-toallas-de-bano-para-hotel-100-algodon-de-fibra-larga-tenido-en-jacquard-para-manos-y-rostro\/","title":{"rendered":"Juego de toallas de ba\u00f1o para hotel, de algod\u00f3n de fibra larga, te\u00f1ido en jacquard, 100%"},"content":{"rendered":"<ul>\n<li><strong>lugar de origen : <\/strong> Jiangsu, China<\/li>\n<li><strong>nombre de marca: <\/strong> TEXTIL GENERAL<\/li>\n<li><strong>N\u00famero de modelo: <\/strong> NM03<\/li>\n<li><strong>material : <\/strong> Algod\u00f3n<\/li>\n<li><strong>caracter\u00edstica : <\/strong> Excelente capacidad de absorci\u00f3n y alta durabilidad.<\/li>\n<li><strong>T\u00e9cnicas: <\/strong> tejido<\/li>\n<li><strong>forma : <\/strong> Rect\u00e1ngulo<\/li>\n<li><strong>solicitud : <\/strong> Avi\u00f3n<\/li>\n<li><strong>patr\u00f3n : <\/strong> Color s\u00f3lido<\/li>\n<li><strong>grupo de edad: <\/strong> Adulto<\/li>\n<li><strong>Nombre del producto : <\/strong> juego de toallas<\/li>\n<li><strong>Hilo: <\/strong> 16 a\u00f1os<\/li>\n<li><strong>Dise\u00f1o : <\/strong> hilo te\u00f1ido, jacquard<\/li>\n<li><strong>Uno contiene: <\/strong> 3 piezas<\/li>\n<li><strong>Tama\u00f1o : <\/strong> 33*35 cm\/ 40*80 cm\/ 80*160 cm<\/li>\n<li><strong>Peso : <\/strong> 65 g\/ 180 g\/ 800 g<\/li>\n<li><strong>Cantidad m\u00ednima de pedido: <\/strong> 1 juego<\/li>\n<li><strong>Embalaje: <\/strong> bolsa tejida<\/li>\n<li><strong>El tiempo de entrega : <\/strong> 5-7 d\u00edas<\/li>\n<li><strong>Plazo de pago: <\/strong> Dep\u00f3sito 30% de Ali Trade Assurance<\/li>\n<\/ul>","protected":false},"excerpt":{"rendered":"<p>Lugar de origen: Jiangsu, China Nombre de la marca: GENERAL TEXTILE N\u00famero de modelo: NM03 Material: Algod\u00f3n Caracter\u00edstica:<\/p>","protected":false},"featured_media":174911,"comment_status":"open","ping_status":"closed","template":"","meta":[],"product_brand":[],"product_cat":[30927,30937],"product_tag":[],"class_list":{"0":"post-174912","1":"product","2":"type-product","3":"status-publish","4":"has-post-thumbnail","6":"product_cat-bath","7":"product_cat-hotel-towels","9":"first","10":"instock","11":"taxable","12":"shipping-taxable","13":"purchasable","14":"product-type-variable"},"_links":{"self":[{"href":"https:\/\/nexgendecors.com\/es\/wp-json\/wp\/v2\/product\/174912","targetHints":{"allow":["GET"]}}],"collection":[{"href":"https:\/\/nexgendecors.com\/es\/wp-json\/wp\/v2\/product"}],"about":[{"href":"https:\/\/nexgendecors.com\/es\/wp-json\/wp\/v2\/types\/product"}],"replies":[{"embeddable":true,"href":"https:\/\/nexgendecors.com\/es\/wp-json\/wp\/v2\/comments?post=174912"}],"version-history":[{"count":0,"href":"https:\/\/nexgendecors.com\/es\/wp-json\/wp\/v2\/product\/174912\/revisions"}],"wp:featuredmedia":[{"embeddable":true,"href":"https:\/\/nexgendecors.com\/es\/wp-json\/wp\/v2\/media\/174911"}],"wp:attachment":[{"href":"https:\/\/nexgendecors.com\/es\/wp-json\/wp\/v2\/media?parent=174912"}],"wp:term":[{"taxonomy":"product_brand","embeddable":true,"href":"https:\/\/nexgendecors.com\/es\/wp-json\/wp\/v2\/product_brand?post=174912"},{"taxonomy":"product_cat","embeddable":true,"href":"https:\/\/nexgendecors.com\/es\/wp-json\/wp\/v2\/product_cat?post=174912"},{"taxonomy":"product_tag","embeddable":true,"href":"https:\/\/nexgendecors.com\/es\/wp-json\/wp\/v2\/product_tag?post=174912"}],"curies":[{"name":"wp","href":"https:\/\/api.w.org\/{rel}","templated":true}]}}