{"id":174927,"date":"2025-02-25T16:36:06","date_gmt":"2025-02-25T16:36:06","guid":{"rendered":"https:\/\/nexgendecors.com\/en\/product\/300tc-egyptian-cotton-sheets-bedding-set-with-embroidery-design\/"},"modified":"2025-04-06T10:32:48","modified_gmt":"2025-04-06T10:32:48","slug":"300tc-egyptian-cotton-sheets-bedding-set-with-embroidery-design","status":"publish","type":"product","link":"https:\/\/nexgendecors.com\/es\/product\/300tc-egyptian-cotton-sheets-bedding-set-with-embroidery-design\/","title":{"rendered":"Juego de s\u00e1banas de algod\u00f3n egipcio de 300 hilos con dise\u00f1o bordado"},"content":{"rendered":"<ul>\n<li><strong>lugar de origen : <\/strong> Jiangsu, China<\/li>\n<li><strong>nombre de marca: <\/strong> JR<\/li>\n<li><strong>N\u00famero de modelo: <\/strong> 18JREA237<\/li>\n<li><strong>material : <\/strong> 100% Algod\u00f3n<\/li>\n<li><strong>caracter\u00edstica : <\/strong> Anti-pilling, No desechable<\/li>\n<li><strong>T\u00e9cnicas: <\/strong> tejido<\/li>\n<li><strong>estilo : <\/strong> Plano<\/li>\n<li><strong>cantidad : <\/strong> 4 piezas<\/li>\n<li><strong>Relleno: <\/strong> Algod\u00f3n<\/li>\n<li><strong>patr\u00f3n : <\/strong> S\u00f3lido<\/li>\n<li><strong>solicitud : <\/strong> Hotel, casa, boda, hospital<\/li>\n<li><strong>est\u00e1_personalizado : <\/strong> S\u00ed<\/li>\n<li><strong>densidad de la tela: <\/strong> 173 * 118<\/li>\n<li><strong>recuento de tela: <\/strong> 60<\/li>\n<li><strong>Grado de solidez del color: <\/strong> 4<\/li>\n<li><strong>n\u00famero de hilos: <\/strong> 300 hilos<\/li>\n<li><strong>peso : <\/strong> 2,5-3 kilogramos<\/li>\n<li><strong>Tipo de patr\u00f3n: <\/strong> S\u00f3lido<\/li>\n<li><strong>Nombre del producto : <\/strong> Juegos de cama<\/li>\n<li><strong>Material : <\/strong> 100% algod\u00f3n peinado<\/li>\n<li><strong>N\u00famero de hilos: <\/strong> 300TC<\/li>\n<li><strong>Detallado : <\/strong> 1 x funda n\u00f3rdica, 1 x s\u00e1bana encimera, 2 x fundas de almohada<\/li>\n<li><strong>Tama\u00f1o : <\/strong> Tama\u00f1o king<\/li>\n<li><strong>Cantidad m\u00ednima de pedido: <\/strong> 50 juegos<\/li>\n<li><strong>Embalaje: <\/strong> Bolsa de polietileno impermeable\/cart\u00f3n\/personalizado aceptado<\/li>\n<li><strong>Tiempo de muestra: <\/strong> 3-7 d\u00edas<\/li>\n<li><strong>Condiciones de pago: <\/strong> Dep\u00f3sito 30% mediante transferencia bancaria, carta de cr\u00e9dito o Western Union<\/li>\n<\/ul>","protected":false},"excerpt":{"rendered":"<p>Lugar de origen: Jiangsu, China Nombre de marca: JR N\u00famero de modelo: 18JREA237 Material: Algod\u00f3n 100% Caracter\u00edstica:<\/p>","protected":false},"featured_media":174926,"comment_status":"open","ping_status":"closed","template":"","meta":[],"product_brand":[],"product_cat":[30926,30951,30953],"product_tag":[],"class_list":{"0":"post-174927","1":"product","2":"type-product","3":"status-publish","4":"has-post-thumbnail","6":"product_cat-bedding","7":"product_cat-hotel-bedding","8":"product_cat-hotel-sheet-linen","10":"first","11":"instock","12":"taxable","13":"shipping-taxable","14":"purchasable","15":"product-type-variable"},"_links":{"self":[{"href":"https:\/\/nexgendecors.com\/es\/wp-json\/wp\/v2\/product\/174927","targetHints":{"allow":["GET"]}}],"collection":[{"href":"https:\/\/nexgendecors.com\/es\/wp-json\/wp\/v2\/product"}],"about":[{"href":"https:\/\/nexgendecors.com\/es\/wp-json\/wp\/v2\/types\/product"}],"replies":[{"embeddable":true,"href":"https:\/\/nexgendecors.com\/es\/wp-json\/wp\/v2\/comments?post=174927"}],"version-history":[{"count":0,"href":"https:\/\/nexgendecors.com\/es\/wp-json\/wp\/v2\/product\/174927\/revisions"}],"wp:featuredmedia":[{"embeddable":true,"href":"https:\/\/nexgendecors.com\/es\/wp-json\/wp\/v2\/media\/174926"}],"wp:attachment":[{"href":"https:\/\/nexgendecors.com\/es\/wp-json\/wp\/v2\/media?parent=174927"}],"wp:term":[{"taxonomy":"product_brand","embeddable":true,"href":"https:\/\/nexgendecors.com\/es\/wp-json\/wp\/v2\/product_brand?post=174927"},{"taxonomy":"product_cat","embeddable":true,"href":"https:\/\/nexgendecors.com\/es\/wp-json\/wp\/v2\/product_cat?post=174927"},{"taxonomy":"product_tag","embeddable":true,"href":"https:\/\/nexgendecors.com\/es\/wp-json\/wp\/v2\/product_tag?post=174927"}],"curies":[{"name":"wp","href":"https:\/\/api.w.org\/{rel}","templated":true}]}}