{"id":174951,"date":"2025-02-25T16:37:44","date_gmt":"2025-02-25T16:37:44","guid":{"rendered":"https:\/\/nexgendecors.com\/en\/product\/100-bedding-set-customized-color-300tc-soft-hotel-bed-linen\/"},"modified":"2025-04-06T10:33:19","modified_gmt":"2025-04-06T10:33:19","slug":"100-bedding-set-customized-color-300tc-soft-hotel-bed-linen","status":"publish","type":"product","link":"https:\/\/nexgendecors.com\/es\/product\/100-bedding-set-customized-color-300tc-soft-hotel-bed-linen\/","title":{"rendered":"Juego de cama 100%, color personalizado, 300 hilos, suave, para hotel"},"content":{"rendered":"<ul>\n<li><strong>lugar de origen : <\/strong> Jiangsu, China<\/li>\n<li><strong>nombre de marca: <\/strong> GT<\/li>\n<li><strong>N\u00famero de modelo: <\/strong> 300T<\/li>\n<li><strong>material : <\/strong> 100% Algod\u00f3n<\/li>\n<li><strong>caracter\u00edstica : <\/strong> Anti-pilling, No desechable<\/li>\n<li><strong>T\u00e9cnicas: <\/strong> tejido<\/li>\n<li><strong>estilo : <\/strong> Estilo europeo y americano<\/li>\n<li><strong>cantidad : <\/strong> 4 piezas<\/li>\n<li><strong>Relleno: <\/strong> Algod\u00f3n<\/li>\n<li><strong>patr\u00f3n : <\/strong> S\u00f3lido<\/li>\n<li><strong>solicitud : <\/strong> Hotel, casa, boda, hospital<\/li>\n<li><strong>est\u00e1_personalizado : <\/strong> S\u00ed<\/li>\n<li><strong>densidad de la tela: <\/strong> 173 * 118<\/li>\n<li><strong>recuento de tela: <\/strong> 60<\/li>\n<li><strong>Grado de solidez del color: <\/strong> 3-4<\/li>\n<li><strong>n\u00famero de hilos: <\/strong> 300 hilos<\/li>\n<li><strong>peso : <\/strong> 3-3,5 kilogramos<\/li>\n<li><strong>Nombre del producto : <\/strong> Juegos de ropa de cama para hoteles<\/li>\n<li><strong>Tela : <\/strong> Algod\u00f3n 100%<\/li>\n<li><strong>Hilo : <\/strong> 300TC<\/li>\n<li><strong>Patr\u00f3n : <\/strong> Bordado<\/li>\n<li><strong>Tama\u00f1o de la aplicaci\u00f3n: <\/strong> 1,0 m 3,3 pies<\/li>\n<li><strong>Cantidad m\u00ednima de pedido: <\/strong> 100 juegos<\/li>\n<li><strong>Logotipo : <\/strong> Se aceptan Jacquard\/Bordado\/Personalizado<\/li>\n<li><strong>Embalaje: <\/strong> Bolsa de polietileno impermeable\/cart\u00f3n\/personalizado aceptado<\/li>\n<li><strong>Tiempo de producci\u00f3n : <\/strong> 7-30 d\u00edas<\/li>\n<li><strong>Comprador comercial: <\/strong> Hoteles<\/li>\n<\/ul>","protected":false},"excerpt":{"rendered":"<p>Lugar de origen: Jiangsu, China Nombre de marca: GT N\u00famero de modelo: 300T Material: Algod\u00f3n 100% Caracter\u00edstica:<\/p>","protected":false},"featured_media":174950,"comment_status":"open","ping_status":"closed","template":"","meta":[],"product_brand":[],"product_cat":[30926,30951,30953],"product_tag":[],"class_list":{"0":"post-174951","1":"product","2":"type-product","3":"status-publish","4":"has-post-thumbnail","6":"product_cat-bedding","7":"product_cat-hotel-bedding","8":"product_cat-hotel-sheet-linen","10":"first","11":"instock","12":"taxable","13":"shipping-taxable","14":"purchasable","15":"product-type-variable"},"_links":{"self":[{"href":"https:\/\/nexgendecors.com\/es\/wp-json\/wp\/v2\/product\/174951","targetHints":{"allow":["GET"]}}],"collection":[{"href":"https:\/\/nexgendecors.com\/es\/wp-json\/wp\/v2\/product"}],"about":[{"href":"https:\/\/nexgendecors.com\/es\/wp-json\/wp\/v2\/types\/product"}],"replies":[{"embeddable":true,"href":"https:\/\/nexgendecors.com\/es\/wp-json\/wp\/v2\/comments?post=174951"}],"version-history":[{"count":0,"href":"https:\/\/nexgendecors.com\/es\/wp-json\/wp\/v2\/product\/174951\/revisions"}],"wp:featuredmedia":[{"embeddable":true,"href":"https:\/\/nexgendecors.com\/es\/wp-json\/wp\/v2\/media\/174950"}],"wp:attachment":[{"href":"https:\/\/nexgendecors.com\/es\/wp-json\/wp\/v2\/media?parent=174951"}],"wp:term":[{"taxonomy":"product_brand","embeddable":true,"href":"https:\/\/nexgendecors.com\/es\/wp-json\/wp\/v2\/product_brand?post=174951"},{"taxonomy":"product_cat","embeddable":true,"href":"https:\/\/nexgendecors.com\/es\/wp-json\/wp\/v2\/product_cat?post=174951"},{"taxonomy":"product_tag","embeddable":true,"href":"https:\/\/nexgendecors.com\/es\/wp-json\/wp\/v2\/product_tag?post=174951"}],"curies":[{"name":"wp","href":"https:\/\/api.w.org\/{rel}","templated":true}]}}