{"id":174967,"date":"2025-02-25T16:38:24","date_gmt":"2025-02-25T16:38:24","guid":{"rendered":"https:\/\/nexgendecors.com\/en\/product\/200-thread-count-queen-size-striped-wrinkle-free-cvc-fabric-bed-sheet\/"},"modified":"2025-02-25T16:38:36","modified_gmt":"2025-02-25T16:38:36","slug":"sabana-de-tela-cvc-a-rayas-tamano-queen-de-200-hilos-antiarrugas","status":"publish","type":"product","link":"https:\/\/nexgendecors.com\/es\/product\/sabana-de-tela-cvc-a-rayas-tamano-queen-de-200-hilos-antiarrugas\/","title":{"rendered":"S\u00e1bana de tela CVC a rayas, tama\u00f1o Queen, de 200 hilos y antiarrugas"},"content":{"rendered":"<ul>\n<li><strong>lugar de origen : <\/strong> Jiangsu, China<\/li>\n<li><strong>nombre de marca: <\/strong> TEXTIL GENERAL<\/li>\n<li><strong>N\u00famero de modelo: <\/strong> JRC010<\/li>\n<li><strong>material : <\/strong> 100% Algod\u00f3n<\/li>\n<li><strong>caracter\u00edstica : <\/strong> Desechable, antiarrugas, duradero y lavable a m\u00e1quina.<\/li>\n<li><strong>T\u00e9cnicas: <\/strong> tejido<\/li>\n<li><strong>estilo : <\/strong> simple<\/li>\n<li><strong>Cantidad : <\/strong> 4 piezas<\/li>\n<li><strong>material de relleno: <\/strong> Ninguno<\/li>\n<li><strong>patr\u00f3n : <\/strong> A rayas<\/li>\n<li><strong>solicitud : <\/strong> Hotel, casa, boda, hospital<\/li>\n<li><strong>est\u00e1_personalizado : <\/strong> S\u00ed<\/li>\n<li><strong>densidad de la tela: <\/strong> 200 hilos<\/li>\n<li><strong>recuento de tela: <\/strong> 30\/40<\/li>\n<li><strong>Grado de solidez del color: <\/strong> 3-4<\/li>\n<li><strong>n\u00famero de hilos: <\/strong> 200TC<\/li>\n<li><strong>peso : <\/strong> 2-2,5 kilogramos<\/li>\n<li><strong>Tama\u00f1o de la aplicaci\u00f3n: <\/strong> 1,5 m 5 pies<\/li>\n<li><strong>Patr\u00f3n : <\/strong> Rayas<\/li>\n<li><strong>Nombre del producto : <\/strong> Juegos de cama<\/li>\n<li><strong>Hilo: <\/strong> 30S\/40s<\/li>\n<li><strong>Cantidad m\u00ednima de pedido: <\/strong> 100 juegos<\/li>\n<li><strong>Logotipo : <\/strong> Se aceptan Jacquard\/Bordado\/Personalizado<\/li>\n<li><strong>Embalaje: <\/strong> Bolsa de polietileno impermeable\/cart\u00f3n\/personalizado aceptado<\/li>\n<li><strong>Tela : <\/strong> CVC\/algod\u00f3n+poli\u00e9ster<\/li>\n<li><strong>Uso: <\/strong> hospital, hotel, casa, dormitorio, etc.<\/li>\n<li><strong>Superficie : <\/strong> Sensaci\u00f3n suave<\/li>\n<\/ul>","protected":false},"excerpt":{"rendered":"<p>Lugar de origen: Jiangsu, China Nombre de la marca: GENERAL TEXTILE N\u00famero de modelo: JRC010 Material: Algod\u00f3n 100% Caracter\u00edstica<\/p>","protected":false},"featured_media":174966,"comment_status":"open","ping_status":"closed","template":"","meta":[],"product_brand":[],"product_cat":[30926,30951,30953],"product_tag":[],"class_list":{"0":"post-174967","1":"product","2":"type-product","3":"status-publish","4":"has-post-thumbnail","6":"product_cat-bedding","7":"product_cat-hotel-bedding","8":"product_cat-hotel-sheet-linen","10":"first","11":"instock","12":"taxable","13":"shipping-taxable","14":"purchasable","15":"product-type-variable"},"_links":{"self":[{"href":"https:\/\/nexgendecors.com\/es\/wp-json\/wp\/v2\/product\/174967","targetHints":{"allow":["GET"]}}],"collection":[{"href":"https:\/\/nexgendecors.com\/es\/wp-json\/wp\/v2\/product"}],"about":[{"href":"https:\/\/nexgendecors.com\/es\/wp-json\/wp\/v2\/types\/product"}],"replies":[{"embeddable":true,"href":"https:\/\/nexgendecors.com\/es\/wp-json\/wp\/v2\/comments?post=174967"}],"version-history":[{"count":0,"href":"https:\/\/nexgendecors.com\/es\/wp-json\/wp\/v2\/product\/174967\/revisions"}],"wp:featuredmedia":[{"embeddable":true,"href":"https:\/\/nexgendecors.com\/es\/wp-json\/wp\/v2\/media\/174966"}],"wp:attachment":[{"href":"https:\/\/nexgendecors.com\/es\/wp-json\/wp\/v2\/media?parent=174967"}],"wp:term":[{"taxonomy":"product_brand","embeddable":true,"href":"https:\/\/nexgendecors.com\/es\/wp-json\/wp\/v2\/product_brand?post=174967"},{"taxonomy":"product_cat","embeddable":true,"href":"https:\/\/nexgendecors.com\/es\/wp-json\/wp\/v2\/product_cat?post=174967"},{"taxonomy":"product_tag","embeddable":true,"href":"https:\/\/nexgendecors.com\/es\/wp-json\/wp\/v2\/product_tag?post=174967"}],"curies":[{"name":"wp","href":"https:\/\/api.w.org\/{rel}","templated":true}]}}