{"id":174979,"date":"2025-02-25T16:38:45","date_gmt":"2025-02-25T16:38:45","guid":{"rendered":"https:\/\/nexgendecors.com\/en\/product\/white-plain-satin-fabric-260280cm-king-size-bed-sheet-hospital-hotel-cotton-bedsheet\/"},"modified":"2025-04-06T10:33:39","modified_gmt":"2025-04-06T10:33:39","slug":"white-plain-satin-fabric-260280cm-king-size-bed-sheet-hospital-hotel-cotton-bedsheet","status":"publish","type":"product","link":"https:\/\/nexgendecors.com\/es\/product\/white-plain-satin-fabric-260280cm-king-size-bed-sheet-hospital-hotel-cotton-bedsheet\/","title":{"rendered":"S\u00e1bana de algod\u00f3n para cama tama\u00f1o king, de sat\u00e9n blanco liso, 260 x 280 cm, para hospital y hotel."},"content":{"rendered":"<ul>\n<li><strong>lugar de origen : <\/strong> Jiangsu, China<\/li>\n<li><strong>nombre de marca: <\/strong> TEXTIL GENERAL<\/li>\n<li><strong>N\u00famero de modelo: <\/strong> 18JRRA223 60S*60S satin<\/li>\n<li><strong>material : <\/strong> 100% Algod\u00f3n<\/li>\n<li><strong>caracter\u00edstica : <\/strong> Anti-pilling, No desechable<\/li>\n<li><strong>T\u00e9cnicas: <\/strong> tejido<\/li>\n<li><strong>estilo : <\/strong> Plano<\/li>\n<li><strong>cantidad : <\/strong> 1<\/li>\n<li><strong>Relleno: <\/strong> Ninguno<\/li>\n<li><strong>patr\u00f3n : <\/strong> Solid, Satin<\/li>\n<li><strong>solicitud : <\/strong> Hotel, Home, Hospital<\/li>\n<li><strong>est\u00e1_personalizado : <\/strong> S\u00ed<\/li>\n<li><strong>densidad de la tela: <\/strong> 173 * 118<\/li>\n<li><strong>recuento de tela: <\/strong> 60<\/li>\n<li><strong>Grado de solidez del color: <\/strong> 3-4<\/li>\n<li><strong>n\u00famero de hilos: <\/strong> 300 hilos<\/li>\n<li><strong>sheet type : <\/strong> S\u00e1bana plana<\/li>\n<li><strong>peso : <\/strong> 1.5-2 Kg<\/li>\n<li><strong>Tama\u00f1o de la aplicaci\u00f3n: <\/strong> 1,8 m 6 pies<\/li>\n<li><strong>Tipo : <\/strong> tipo de hoja<\/li>\n<li><strong>Nombre del producto : <\/strong> bedsheet<\/li>\n<li><strong>Color : <\/strong> Blanco<\/li>\n<li><strong>Tela : <\/strong> 100%cotton<\/li>\n<li><strong>N\u00famero de hilos: <\/strong> 60S*60S\/173*156<\/li>\n<li><strong>Cantidad m\u00ednima de pedido: <\/strong> 50 piezas<\/li>\n<li><strong>Caracter\u00edstica : <\/strong> Washable<\/li>\n<li><strong>Dise\u00f1o : <\/strong> Aceptamos dise\u00f1os de juegos de cama personalizados<\/li>\n<li><strong>Embalaje: <\/strong> Waterproof Polybag<\/li>\n<li><strong>Estaci\u00f3n : <\/strong> Primavera<\/li>\n<li><strong>Espacio de la habitaci\u00f3n: <\/strong> Bedroom, Dorm Room<\/li>\n<\/ul>","protected":false},"excerpt":{"rendered":"<p>Lugar de origen: Jiangsu, China Nombre de la marca: GENERAL TEXTILE N\u00famero de modelo: 18JRRA223 60S*60S Material de sat\u00e9n: 100%<\/p>","protected":false},"featured_media":174978,"comment_status":"open","ping_status":"closed","template":"","meta":[],"product_brand":[],"product_cat":[30926,30951,30953],"product_tag":[],"class_list":{"0":"post-174979","1":"product","2":"type-product","3":"status-publish","4":"has-post-thumbnail","6":"product_cat-bedding","7":"product_cat-hotel-bedding","8":"product_cat-hotel-sheet-linen","10":"first","11":"instock","12":"taxable","13":"shipping-taxable","14":"purchasable","15":"product-type-variable"},"_links":{"self":[{"href":"https:\/\/nexgendecors.com\/es\/wp-json\/wp\/v2\/product\/174979","targetHints":{"allow":["GET"]}}],"collection":[{"href":"https:\/\/nexgendecors.com\/es\/wp-json\/wp\/v2\/product"}],"about":[{"href":"https:\/\/nexgendecors.com\/es\/wp-json\/wp\/v2\/types\/product"}],"replies":[{"embeddable":true,"href":"https:\/\/nexgendecors.com\/es\/wp-json\/wp\/v2\/comments?post=174979"}],"version-history":[{"count":0,"href":"https:\/\/nexgendecors.com\/es\/wp-json\/wp\/v2\/product\/174979\/revisions"}],"wp:featuredmedia":[{"embeddable":true,"href":"https:\/\/nexgendecors.com\/es\/wp-json\/wp\/v2\/media\/174978"}],"wp:attachment":[{"href":"https:\/\/nexgendecors.com\/es\/wp-json\/wp\/v2\/media?parent=174979"}],"wp:term":[{"taxonomy":"product_brand","embeddable":true,"href":"https:\/\/nexgendecors.com\/es\/wp-json\/wp\/v2\/product_brand?post=174979"},{"taxonomy":"product_cat","embeddable":true,"href":"https:\/\/nexgendecors.com\/es\/wp-json\/wp\/v2\/product_cat?post=174979"},{"taxonomy":"product_tag","embeddable":true,"href":"https:\/\/nexgendecors.com\/es\/wp-json\/wp\/v2\/product_tag?post=174979"}],"curies":[{"name":"wp","href":"https:\/\/api.w.org\/{rel}","templated":true}]}}