{"id":175024,"date":"2025-02-25T16:43:15","date_gmt":"2025-02-25T16:43:15","guid":{"rendered":"https:\/\/nexgendecors.com\/en\/product\/wholesale-hotel-hospital-fitted-bed-sheet-set-3cm-stripe-polyester-cotton-bedding-set\/"},"modified":"2025-02-25T16:43:26","modified_gmt":"2025-02-25T16:43:26","slug":"wholesale-hotel-hospital-fitted-bed-sheet-set-3cm-stripe-polyester-cotton-bedding-set","status":"publish","type":"product","link":"https:\/\/nexgendecors.com\/es\/product\/wholesale-hotel-hospital-fitted-bed-sheet-set-3cm-stripe-polyester-cotton-bedding-set\/","title":{"rendered":"Juego de s\u00e1banas ajustables para hotel y hospital, de 3 cm, de poli\u00e9ster y algod\u00f3n a rayas, venta al por mayor"},"content":{"rendered":"<ul>\n<li><strong>lugar de origen : <\/strong> Jiangsu, China<\/li>\n<li><strong>nombre de marca: <\/strong> General Textile<\/li>\n<li><strong>N\u00famero de modelo: <\/strong> IC02<\/li>\n<li><strong>material : <\/strong> 100% Polyester, 100% Cotton<\/li>\n<li><strong>caracter\u00edstica : <\/strong> Anti-pilling, Nondisposable, Air-permeable<\/li>\n<li><strong>T\u00e9cnicas: <\/strong> tejido<\/li>\n<li><strong>estilo : <\/strong> Plano<\/li>\n<li><strong>cantidad : <\/strong> 3 piezas<\/li>\n<li><strong>Relleno: <\/strong> Ninguno<\/li>\n<li><strong>patr\u00f3n : <\/strong> A rayas<\/li>\n<li><strong>solicitud : <\/strong> Hotel, casa, boda, hospital<\/li>\n<li><strong>est\u00e1_personalizado : <\/strong> S\u00ed<\/li>\n<li><strong>densidad de la tela: <\/strong> 144*80<\/li>\n<li><strong>recuento de tela: <\/strong> 40<\/li>\n<li><strong>Grado de solidez del color: <\/strong> 3-4<\/li>\n<li><strong>n\u00famero de hilos: <\/strong> 200TC<\/li>\n<li><strong>peso : <\/strong> 2-2,5 kilogramos<\/li>\n<li><strong>Nombre del producto : <\/strong> juego de cama<\/li>\n<li><strong>Tela : <\/strong> Polyester\/cotton<\/li>\n<li><strong>Dise\u00f1o : <\/strong> jacquard stripes<\/li>\n<li><strong>One set contains : <\/strong> 1x bed sheet, 1x quilt cover, 2x pillow cases<\/li>\n<li><strong>Est\u00e1ndar : <\/strong> 3 star<\/li>\n<li><strong>Cantidad m\u00ednima de pedido: <\/strong> 20 Sets<\/li>\n<li><strong>Condiciones de pago: <\/strong> 30% Deposit by T\/T, Ali trade assurance<\/li>\n<li><strong>Tama\u00f1o de la aplicaci\u00f3n: <\/strong> 1,5 m 5 pies<\/li>\n<li><strong>Comprador comercial: <\/strong> Hoteles<\/li>\n<\/ul>","protected":false},"excerpt":{"rendered":"<p>Lugar de origen: Jiangsu, China Nombre de la marca: General Textile N\u00famero de modelo: IC02 Material: 100% Poli\u00e9ster, 100%<\/p>","protected":false},"featured_media":175023,"comment_status":"open","ping_status":"closed","template":"","meta":[],"product_brand":[],"product_cat":[30926,30951,30953],"product_tag":[],"class_list":{"0":"post-175024","1":"product","2":"type-product","3":"status-publish","4":"has-post-thumbnail","6":"product_cat-bedding","7":"product_cat-hotel-bedding","8":"product_cat-hotel-sheet-linen","10":"first","11":"instock","12":"taxable","13":"shipping-taxable","14":"purchasable","15":"product-type-variable"},"_links":{"self":[{"href":"https:\/\/nexgendecors.com\/es\/wp-json\/wp\/v2\/product\/175024","targetHints":{"allow":["GET"]}}],"collection":[{"href":"https:\/\/nexgendecors.com\/es\/wp-json\/wp\/v2\/product"}],"about":[{"href":"https:\/\/nexgendecors.com\/es\/wp-json\/wp\/v2\/types\/product"}],"replies":[{"embeddable":true,"href":"https:\/\/nexgendecors.com\/es\/wp-json\/wp\/v2\/comments?post=175024"}],"version-history":[{"count":0,"href":"https:\/\/nexgendecors.com\/es\/wp-json\/wp\/v2\/product\/175024\/revisions"}],"wp:featuredmedia":[{"embeddable":true,"href":"https:\/\/nexgendecors.com\/es\/wp-json\/wp\/v2\/media\/175023"}],"wp:attachment":[{"href":"https:\/\/nexgendecors.com\/es\/wp-json\/wp\/v2\/media?parent=175024"}],"wp:term":[{"taxonomy":"product_brand","embeddable":true,"href":"https:\/\/nexgendecors.com\/es\/wp-json\/wp\/v2\/product_brand?post=175024"},{"taxonomy":"product_cat","embeddable":true,"href":"https:\/\/nexgendecors.com\/es\/wp-json\/wp\/v2\/product_cat?post=175024"},{"taxonomy":"product_tag","embeddable":true,"href":"https:\/\/nexgendecors.com\/es\/wp-json\/wp\/v2\/product_tag?post=175024"}],"curies":[{"name":"wp","href":"https:\/\/api.w.org\/{rel}","templated":true}]}}