{"id":175145,"date":"2025-02-25T16:53:26","date_gmt":"2025-02-25T16:53:26","guid":{"rendered":"https:\/\/nexgendecors.com\/en\/product\/wholesale-kids-spa-robes-boys-girls-animal-hooded-100-cotton-kids-children-bathrobe\/"},"modified":"2025-04-06T10:35:29","modified_gmt":"2025-04-06T10:35:29","slug":"albornoz-de-spa-para-ninos-y-ninas-100-algodon-con-capucha-de-animales-venta-al-por-mayor","status":"publish","type":"product","link":"https:\/\/nexgendecors.com\/es\/product\/albornoz-de-spa-para-ninos-y-ninas-100-algodon-con-capucha-de-animales-venta-al-por-mayor\/","title":{"rendered":"Albornoz de algod\u00f3n con capucha para ni\u00f1os y ni\u00f1as, talla 100%, venta al por mayor"},"content":{"rendered":"<ul>\n<li><strong>Lugar de origen: <\/strong> Jiangsu, China<\/li>\n<li><strong>Nombre de la marca: <\/strong> GT<\/li>\n<li><strong>Tipo de tela: <\/strong> Terry, terciopelo<\/li>\n<li><strong>Caracter\u00edstica : <\/strong> Transpirable, de secado r\u00e1pido<\/li>\n<li><strong>Tipo de suministro: <\/strong> ODM, servicio OEM, art\u00edculos en stock, servicio OEM<\/li>\n<li><strong>Cantidad disponible: <\/strong> 500<\/li>\n<li><strong>Material : <\/strong> 100% Algod\u00f3n<\/li>\n<li><strong>T\u00e9cnicas: <\/strong> Estampado, te\u00f1ido liso<\/li>\n<li><strong>Estaci\u00f3n : <\/strong> Toda la temporada<\/li>\n<li><strong>Tipo de art\u00edculo: <\/strong> T\u00fanicas, t\u00fanicas<\/li>\n<li><strong>Tipo de patr\u00f3n: <\/strong> S\u00f3lido<\/li>\n<li><strong>Plazo de entrega del pedido de muestra de 7 d\u00edas: <\/strong> Apoyo<\/li>\n<li><strong>Estilo de bata de ba\u00f1o para ni\u00f1os: <\/strong> personalizado<\/li>\n<li><strong>Servicio : <\/strong> OEM, marca privada<\/li>\n<li><strong>Tejido de albornoz infantil: <\/strong> Algod\u00f3n 100%<\/li>\n<li><strong>Grupo de edad: <\/strong> Ni\u00f1os y ni\u00f1os<\/li>\n<li><strong>Bata de ba\u00f1o para ni\u00f1os MOQ: <\/strong> 100 piezas<\/li>\n<li><strong>Superficie de la bata de ba\u00f1o para ni\u00f1os: <\/strong> Suave y c\u00f3modo<\/li>\n<\/ul>","protected":false},"excerpt":{"rendered":"<p>Place of Origin : Jiangsu, China Brand Name : GT Fabric Type : Terry, Velour Feature : Breathable, Quick Dry<\/p>","protected":false},"featured_media":175147,"comment_status":"open","ping_status":"closed","template":"","meta":[],"product_brand":[],"product_cat":[30927,30941],"product_tag":[],"class_list":{"0":"post-175145","1":"product","2":"type-product","3":"status-publish","4":"has-post-thumbnail","6":"product_cat-bath","7":"product_cat-hotel-robes-slippers","9":"first","10":"instock","11":"taxable","12":"shipping-taxable","13":"purchasable","14":"product-type-variable"},"_links":{"self":[{"href":"https:\/\/nexgendecors.com\/es\/wp-json\/wp\/v2\/product\/175145","targetHints":{"allow":["GET"]}}],"collection":[{"href":"https:\/\/nexgendecors.com\/es\/wp-json\/wp\/v2\/product"}],"about":[{"href":"https:\/\/nexgendecors.com\/es\/wp-json\/wp\/v2\/types\/product"}],"replies":[{"embeddable":true,"href":"https:\/\/nexgendecors.com\/es\/wp-json\/wp\/v2\/comments?post=175145"}],"version-history":[{"count":0,"href":"https:\/\/nexgendecors.com\/es\/wp-json\/wp\/v2\/product\/175145\/revisions"}],"wp:featuredmedia":[{"embeddable":true,"href":"https:\/\/nexgendecors.com\/es\/wp-json\/wp\/v2\/media\/175147"}],"wp:attachment":[{"href":"https:\/\/nexgendecors.com\/es\/wp-json\/wp\/v2\/media?parent=175145"}],"wp:term":[{"taxonomy":"product_brand","embeddable":true,"href":"https:\/\/nexgendecors.com\/es\/wp-json\/wp\/v2\/product_brand?post=175145"},{"taxonomy":"product_cat","embeddable":true,"href":"https:\/\/nexgendecors.com\/es\/wp-json\/wp\/v2\/product_cat?post=175145"},{"taxonomy":"product_tag","embeddable":true,"href":"https:\/\/nexgendecors.com\/es\/wp-json\/wp\/v2\/product_tag?post=175145"}],"curies":[{"name":"wp","href":"https:\/\/api.w.org\/{rel}","templated":true}]}}