{"id":175228,"date":"2025-02-25T16:57:32","date_gmt":"2025-02-25T16:57:32","guid":{"rendered":"https:\/\/nexgendecors.com\/en\/product\/breathable-hypoallergenic-100-cotton-unisex-women-bath-robe-luxury-waffle-bathrobe-with-custom-logo\/"},"modified":"2025-04-06T10:36:49","modified_gmt":"2025-04-06T10:36:49","slug":"breathable-hypoallergenic-100-cotton-unisex-women-bath-robe-luxury-waffle-bathrobe-with-custom-logo","status":"publish","type":"product","link":"https:\/\/nexgendecors.com\/es\/product\/breathable-hypoallergenic-100-cotton-unisex-women-bath-robe-luxury-waffle-bathrobe-with-custom-logo\/","title":{"rendered":"Albornoz unisex de algod\u00f3n 100%, transpirable, hipoalerg\u00e9nico, para mujer, de lujo, con dise\u00f1o de gofre y logotipo personalizado."},"content":{"rendered":"<ul>\n<li><strong>G\u00e9nero : <\/strong> Mujer<\/li>\n<li><strong>Patr\u00f3n : <\/strong> S\u00f3lido<\/li>\n<li><strong>Escote: <\/strong> Cuello en V<\/li>\n<li><strong>Longitud : <\/strong> Calf-Length Pants<\/li>\n<li><strong>Estaci\u00f3n : <\/strong> Summer, Spring, Autumn<\/li>\n<li><strong>Longitud de la manga : <\/strong> Completo<\/li>\n<li><strong>Plazo de entrega del pedido de muestra de 7 d\u00edas: <\/strong> Apoyo<\/li>\n<li><strong>M\u00e9todo de tejido: <\/strong> tejido<\/li>\n<li><strong>Tipo de suministro: <\/strong> Fabricante de equipos originales (ODM)<\/li>\n<li><strong>Material : <\/strong> 100% Algod\u00f3n<\/li>\n<li><strong>Tipo de tela: <\/strong> Gofre<\/li>\n<li><strong>T\u00e9cnica: <\/strong> bordado<\/li>\n<li><strong>Caracter\u00edstica : <\/strong> Quick Dry, Breathable<\/li>\n<li><strong>Lugar de origen: <\/strong> Jiangsu, China<\/li>\n<li><strong>Nombre de la marca: <\/strong> GT<\/li>\n<li><strong>Tipo de art\u00edculo: <\/strong> Nightgowns<\/li>\n<li><strong>Nombre del producto : <\/strong> Waffle bath robe<\/li>\n<li><strong>estilo : <\/strong> Casual<\/li>\n<li><strong>color : <\/strong> Blanco<\/li>\n<li><strong>tama\u00f1o : <\/strong> Tama\u00f1o personalizado<\/li>\n<li><strong>Palabras clave: <\/strong> Sexy Women Pajamas<\/li>\n<li><strong>Art\u00edculo : <\/strong> Adults Pijamas<\/li>\n<li><strong>fabric : <\/strong> 100%cotton<\/li>\n<li><strong>tipo : <\/strong> Hotel Bath Robe<\/li>\n<li><strong>Cantidad m\u00ednima de pedido: <\/strong> 50 piezas<\/li>\n<li><strong>Nombre : <\/strong> Hotel and Spa Bath Robe<\/li>\n<\/ul>","protected":false},"excerpt":{"rendered":"<p>Gender : Women Pattern : Solid Neckline : V-neck Length : Calf-Length Pants Season : Summer, Spring, Autumn Sleeve Length<\/p>","protected":false},"featured_media":175227,"comment_status":"open","ping_status":"closed","template":"","meta":[],"product_brand":[],"product_cat":[30927,30941],"product_tag":[],"class_list":{"0":"post-175228","1":"product","2":"type-product","3":"status-publish","4":"has-post-thumbnail","6":"product_cat-bath","7":"product_cat-hotel-robes-slippers","9":"first","10":"instock","11":"taxable","12":"shipping-taxable","13":"purchasable","14":"product-type-variable"},"_links":{"self":[{"href":"https:\/\/nexgendecors.com\/es\/wp-json\/wp\/v2\/product\/175228","targetHints":{"allow":["GET"]}}],"collection":[{"href":"https:\/\/nexgendecors.com\/es\/wp-json\/wp\/v2\/product"}],"about":[{"href":"https:\/\/nexgendecors.com\/es\/wp-json\/wp\/v2\/types\/product"}],"replies":[{"embeddable":true,"href":"https:\/\/nexgendecors.com\/es\/wp-json\/wp\/v2\/comments?post=175228"}],"version-history":[{"count":0,"href":"https:\/\/nexgendecors.com\/es\/wp-json\/wp\/v2\/product\/175228\/revisions"}],"wp:featuredmedia":[{"embeddable":true,"href":"https:\/\/nexgendecors.com\/es\/wp-json\/wp\/v2\/media\/175227"}],"wp:attachment":[{"href":"https:\/\/nexgendecors.com\/es\/wp-json\/wp\/v2\/media?parent=175228"}],"wp:term":[{"taxonomy":"product_brand","embeddable":true,"href":"https:\/\/nexgendecors.com\/es\/wp-json\/wp\/v2\/product_brand?post=175228"},{"taxonomy":"product_cat","embeddable":true,"href":"https:\/\/nexgendecors.com\/es\/wp-json\/wp\/v2\/product_cat?post=175228"},{"taxonomy":"product_tag","embeddable":true,"href":"https:\/\/nexgendecors.com\/es\/wp-json\/wp\/v2\/product_tag?post=175228"}],"curies":[{"name":"wp","href":"https:\/\/api.w.org\/{rel}","templated":true}]}}