{"id":175236,"date":"2025-02-25T16:58:08","date_gmt":"2025-02-25T16:58:08","guid":{"rendered":"https:\/\/nexgendecors.com\/en\/product\/100-cotton-luxury-hotel-spa-double-layer-silk-feeling-satin-fabric-bathrobe\/"},"modified":"2025-02-25T16:58:20","modified_gmt":"2025-02-25T16:58:20","slug":"albornoz-de-saten-de-seda-de-doble-capa-100-algodon-para-hotel-o-spa-de-lujo","status":"publish","type":"product","link":"https:\/\/nexgendecors.com\/es\/product\/albornoz-de-saten-de-seda-de-doble-capa-100-algodon-para-hotel-o-spa-de-lujo\/","title":{"rendered":"Albornoz de sat\u00e9n de seda de doble capa, de algod\u00f3n, 100%, para hotel de lujo y spa"},"content":{"rendered":"<ul>\n<li><strong>Lugar de origen: <\/strong> Jiangsu, China<\/li>\n<li><strong>Nombre de la marca: <\/strong> TEXTIL GENERAL<\/li>\n<li><strong>N\u00famero de modelo : <\/strong> YL02147<\/li>\n<li><strong>Tipo de tela: <\/strong> Sat\u00edn<\/li>\n<li><strong>Caracter\u00edstica : <\/strong> M\u00e1s de 12 a\u00f1os de experiencia, proveedor de garant\u00eda comercial.<\/li>\n<li><strong>Tipo de suministro: <\/strong> Servicio OEM<\/li>\n<li><strong>Material : <\/strong> Algod\u00f3n 100%, algod\u00f3n 100%<\/li>\n<li><strong>T\u00e9cnica: <\/strong> Te\u00f1ido liso o seg\u00fan sus requisitos.<\/li>\n<li><strong>G\u00e9nero : <\/strong> Hombres, Unisex<\/li>\n<li><strong>Plazo de entrega del pedido de muestra de 7 d\u00edas: <\/strong> Apoyo<\/li>\n<li><strong>M\u00e9todo de tejido: <\/strong> tejido<\/li>\n<li><strong>Tipo de art\u00edculo: <\/strong> T\u00fanicas<\/li>\n<li><strong>Patr\u00f3n : <\/strong> S\u00f3lido<\/li>\n<li><strong>Tipo de producto : <\/strong> Albornoz de doble capa<\/li>\n<li><strong>Grupo de edad: <\/strong> Adultos<\/li>\n<li><strong>Peso y tama\u00f1o: <\/strong> 1200 g\/unidad, tama\u00f1o M<\/li>\n<li><strong>C\u00f3digo HS: <\/strong> 6107910090<\/li>\n<li><strong>Garant\u00eda comercial: <\/strong> Protege tu pedido todo<\/li>\n<li><strong>Cantidad m\u00ednima de pedido: <\/strong> 50 piezas<\/li>\n<li><strong>Tiempo de muestra: <\/strong> 5-7 d\u00edas<\/li>\n<li><strong>Condiciones de pago: <\/strong> Dep\u00f3sito T\/T 30%<\/li>\n<\/ul>","protected":false},"excerpt":{"rendered":"<p>Lugar de origen: Jiangsu, China Nombre de la marca: GENERAL TEXTILE N\u00famero de modelo: YL02147 Tipo de tela: Sat\u00e9n Caracter\u00edstica<\/p>","protected":false},"featured_media":175235,"comment_status":"open","ping_status":"closed","template":"","meta":[],"product_brand":[],"product_cat":[30927,30941],"product_tag":[],"class_list":{"0":"post-175236","1":"product","2":"type-product","3":"status-publish","4":"has-post-thumbnail","6":"product_cat-bath","7":"product_cat-hotel-robes-slippers","9":"first","10":"instock","11":"taxable","12":"shipping-taxable","13":"purchasable","14":"product-type-variable"},"_links":{"self":[{"href":"https:\/\/nexgendecors.com\/es\/wp-json\/wp\/v2\/product\/175236","targetHints":{"allow":["GET"]}}],"collection":[{"href":"https:\/\/nexgendecors.com\/es\/wp-json\/wp\/v2\/product"}],"about":[{"href":"https:\/\/nexgendecors.com\/es\/wp-json\/wp\/v2\/types\/product"}],"replies":[{"embeddable":true,"href":"https:\/\/nexgendecors.com\/es\/wp-json\/wp\/v2\/comments?post=175236"}],"version-history":[{"count":0,"href":"https:\/\/nexgendecors.com\/es\/wp-json\/wp\/v2\/product\/175236\/revisions"}],"wp:featuredmedia":[{"embeddable":true,"href":"https:\/\/nexgendecors.com\/es\/wp-json\/wp\/v2\/media\/175235"}],"wp:attachment":[{"href":"https:\/\/nexgendecors.com\/es\/wp-json\/wp\/v2\/media?parent=175236"}],"wp:term":[{"taxonomy":"product_brand","embeddable":true,"href":"https:\/\/nexgendecors.com\/es\/wp-json\/wp\/v2\/product_brand?post=175236"},{"taxonomy":"product_cat","embeddable":true,"href":"https:\/\/nexgendecors.com\/es\/wp-json\/wp\/v2\/product_cat?post=175236"},{"taxonomy":"product_tag","embeddable":true,"href":"https:\/\/nexgendecors.com\/es\/wp-json\/wp\/v2\/product_tag?post=175236"}],"curies":[{"name":"wp","href":"https:\/\/api.w.org\/{rel}","templated":true}]}}