{"id":175340,"date":"2025-02-25T17:05:44","date_gmt":"2025-02-25T17:05:44","guid":{"rendered":"https:\/\/nexgendecors.com\/en\/product\/hotel-standard-queen-size-white-goose-down-feather-comforter\/"},"modified":"2025-04-06T10:38:07","modified_gmt":"2025-04-06T10:38:07","slug":"hotel-standard-queen-size-white-goose-down-feather-comforter","status":"publish","type":"product","link":"https:\/\/nexgendecors.com\/es\/product\/hotel-standard-queen-size-white-goose-down-feather-comforter\/","title":{"rendered":"Edred\u00f3n de plumas de ganso blancas tama\u00f1o queen est\u00e1ndar de hotel"},"content":{"rendered":"<ul>\n<li><strong>estaci\u00f3n : <\/strong> Para toda la temporada<\/li>\n<li><strong>material : <\/strong> 100% Algod\u00f3n<\/li>\n<li><strong>material de relleno: <\/strong> down, feather<\/li>\n<li><strong>patr\u00f3n : <\/strong> Patchwork<\/li>\n<li><strong>T\u00e9cnicas: <\/strong> Puntadas<\/li>\n<li><strong>usar : <\/strong> Inicio, Hotel<\/li>\n<li><strong>lugar de origen : <\/strong> Jiangsu, China<\/li>\n<li><strong>nombre de marca: <\/strong> TEXTIL GENERAL<\/li>\n<li><strong>N\u00famero de modelo: <\/strong> JR239<\/li>\n<li><strong>Nombre del producto : <\/strong> Hotel duvet<\/li>\n<li><strong>Hotel duvet fabric : <\/strong> 100%cotton<\/li>\n<li><strong>Hotel duvet MOQ : <\/strong> 1 Piece<\/li>\n<li><strong>Estaci\u00f3n : <\/strong> 4 Seasons<\/li>\n<li><strong>El tiempo de entrega : <\/strong> 7-15 Days<\/li>\n<li><strong>Tama\u00f1o : <\/strong> queen 200*220cm<\/li>\n<li><strong>Dise\u00f1o : <\/strong> quilted<\/li>\n<li><strong>Material de relleno: <\/strong> goose down and feather<\/li>\n<li><strong>Peso : <\/strong> 220gsm<\/li>\n<li><strong>Holiday : <\/strong> Christmas, Easter Day, Halloween, Eid holidays, Oktoberfest, Valentine&#8217;s Day<\/li>\n<li><strong>Espacio de la habitaci\u00f3n: <\/strong> Bedroom, Dorm Room, Kids Room<\/li>\n<li><strong>Grupo de edad: <\/strong> Adultos<\/li>\n<\/ul>","protected":false},"excerpt":{"rendered":"<p>Temporada: Para todas las estaciones Material: Algod\u00f3n 100% Material de relleno: plum\u00f3n, plumas Patr\u00f3n: T\u00e9cnicas de patchwork: Uso de costura:<\/p>","protected":false},"featured_media":175342,"comment_status":"open","ping_status":"closed","template":"","meta":[],"product_brand":[],"product_cat":[30926,30951,30952],"product_tag":[],"class_list":{"0":"post-175340","1":"product","2":"type-product","3":"status-publish","4":"has-post-thumbnail","6":"product_cat-bedding","7":"product_cat-hotel-bedding","8":"product_cat-hotel-blanket-cover","10":"first","11":"instock","12":"taxable","13":"shipping-taxable","14":"purchasable","15":"product-type-variable"},"_links":{"self":[{"href":"https:\/\/nexgendecors.com\/es\/wp-json\/wp\/v2\/product\/175340","targetHints":{"allow":["GET"]}}],"collection":[{"href":"https:\/\/nexgendecors.com\/es\/wp-json\/wp\/v2\/product"}],"about":[{"href":"https:\/\/nexgendecors.com\/es\/wp-json\/wp\/v2\/types\/product"}],"replies":[{"embeddable":true,"href":"https:\/\/nexgendecors.com\/es\/wp-json\/wp\/v2\/comments?post=175340"}],"version-history":[{"count":0,"href":"https:\/\/nexgendecors.com\/es\/wp-json\/wp\/v2\/product\/175340\/revisions"}],"wp:featuredmedia":[{"embeddable":true,"href":"https:\/\/nexgendecors.com\/es\/wp-json\/wp\/v2\/media\/175342"}],"wp:attachment":[{"href":"https:\/\/nexgendecors.com\/es\/wp-json\/wp\/v2\/media?parent=175340"}],"wp:term":[{"taxonomy":"product_brand","embeddable":true,"href":"https:\/\/nexgendecors.com\/es\/wp-json\/wp\/v2\/product_brand?post=175340"},{"taxonomy":"product_cat","embeddable":true,"href":"https:\/\/nexgendecors.com\/es\/wp-json\/wp\/v2\/product_cat?post=175340"},{"taxonomy":"product_tag","embeddable":true,"href":"https:\/\/nexgendecors.com\/es\/wp-json\/wp\/v2\/product_tag?post=175340"}],"curies":[{"name":"wp","href":"https:\/\/api.w.org\/{rel}","templated":true}]}}