{"id":175348,"date":"2025-02-25T17:06:07","date_gmt":"2025-02-25T17:06:07","guid":{"rendered":"https:\/\/nexgendecors.com\/en\/product\/cotton-microfibre-thick-warm-blanket-comforter-hotel-duvet-inner\/"},"modified":"2025-04-06T10:38:09","modified_gmt":"2025-04-06T10:38:09","slug":"cotton-microfibre-thick-warm-blanket-comforter-hotel-duvet-inner","status":"publish","type":"product","link":"https:\/\/nexgendecors.com\/es\/product\/cotton-microfibre-thick-warm-blanket-comforter-hotel-duvet-inner\/","title":{"rendered":"Algod\u00f3n Microfibra Gruesa C\u00e1lida Manta Consolador Hotel Edred\u00f3n Interior"},"content":{"rendered":"<ul>\n<li><strong>estaci\u00f3n : <\/strong> Cada d\u00eda<\/li>\n<li><strong>material : <\/strong> 100% Algod\u00f3n<\/li>\n<li><strong>material de relleno: <\/strong> 350gsm microfibre<\/li>\n<li><strong>patr\u00f3n : <\/strong> Patchwork<\/li>\n<li><strong>T\u00e9cnicas: <\/strong> Puntadas<\/li>\n<li><strong>usar : <\/strong> Inicio, Hotel<\/li>\n<li><strong>lugar de origen : <\/strong> Jiangsu, China<\/li>\n<li><strong>nombre de marca: <\/strong> TEXTIL GENERAL<\/li>\n<li><strong>N\u00famero de modelo: <\/strong> 18JR<\/li>\n<li><strong>caracter\u00edstica : <\/strong> Hipoalerg\u00e9nico<\/li>\n<li><strong>Nombre del producto : <\/strong> Hotel duvet<\/li>\n<li><strong>fabric : <\/strong> Algod\u00f3n 100%<\/li>\n<li><strong>Material de relleno: <\/strong> 350gsm microfibre<\/li>\n<li><strong>Technique : <\/strong> quilted<\/li>\n<li><strong>Tama\u00f1o : <\/strong> 200*220cm<\/li>\n<li><strong>color : <\/strong> blanco<\/li>\n<li><strong>Cantidad m\u00ednima de pedido: <\/strong> 10 piezas<\/li>\n<li><strong>Uso: <\/strong> Inicio, Hotel<\/li>\n<li><strong>Estaci\u00f3n : <\/strong> 4 Seasons<\/li>\n<li><strong>Nombre : <\/strong> Cotton Patchwork Quilt<\/li>\n<\/ul>","protected":false},"excerpt":{"rendered":"<p>temporada : Todos los d\u00edas material : 100% Algod\u00f3n material de relleno : 350gsm microfibra patr\u00f3n : Patchwork t\u00e9cnicas : Costura uso :<\/p>","protected":false},"featured_media":175347,"comment_status":"open","ping_status":"closed","template":"","meta":[],"product_brand":[],"product_cat":[30926,30951,30952],"product_tag":[],"class_list":{"0":"post-175348","1":"product","2":"type-product","3":"status-publish","4":"has-post-thumbnail","6":"product_cat-bedding","7":"product_cat-hotel-bedding","8":"product_cat-hotel-blanket-cover","10":"first","11":"instock","12":"taxable","13":"shipping-taxable","14":"purchasable","15":"product-type-variable"},"_links":{"self":[{"href":"https:\/\/nexgendecors.com\/es\/wp-json\/wp\/v2\/product\/175348","targetHints":{"allow":["GET"]}}],"collection":[{"href":"https:\/\/nexgendecors.com\/es\/wp-json\/wp\/v2\/product"}],"about":[{"href":"https:\/\/nexgendecors.com\/es\/wp-json\/wp\/v2\/types\/product"}],"replies":[{"embeddable":true,"href":"https:\/\/nexgendecors.com\/es\/wp-json\/wp\/v2\/comments?post=175348"}],"version-history":[{"count":0,"href":"https:\/\/nexgendecors.com\/es\/wp-json\/wp\/v2\/product\/175348\/revisions"}],"wp:featuredmedia":[{"embeddable":true,"href":"https:\/\/nexgendecors.com\/es\/wp-json\/wp\/v2\/media\/175347"}],"wp:attachment":[{"href":"https:\/\/nexgendecors.com\/es\/wp-json\/wp\/v2\/media?parent=175348"}],"wp:term":[{"taxonomy":"product_brand","embeddable":true,"href":"https:\/\/nexgendecors.com\/es\/wp-json\/wp\/v2\/product_brand?post=175348"},{"taxonomy":"product_cat","embeddable":true,"href":"https:\/\/nexgendecors.com\/es\/wp-json\/wp\/v2\/product_cat?post=175348"},{"taxonomy":"product_tag","embeddable":true,"href":"https:\/\/nexgendecors.com\/es\/wp-json\/wp\/v2\/product_tag?post=175348"}],"curies":[{"name":"wp","href":"https:\/\/api.w.org\/{rel}","templated":true}]}}