{"id":175360,"date":"2025-02-25T17:06:52","date_gmt":"2025-02-25T17:06:52","guid":{"rendered":"https:\/\/nexgendecors.com\/en\/product\/hotel-bed-quilt-cotton-cover-down-alternative-polyester-comforter\/"},"modified":"2025-04-06T10:38:11","modified_gmt":"2025-04-06T10:38:11","slug":"hotel-bed-quilt-cotton-cover-down-alternative-polyester-comforter","status":"publish","type":"product","link":"https:\/\/nexgendecors.com\/es\/product\/hotel-bed-quilt-cotton-cover-down-alternative-polyester-comforter\/","title":{"rendered":"Hotel Cama Colcha Funda Algod\u00f3n Alternativa al Plum\u00f3n Edred\u00f3n Poli\u00e9ster"},"content":{"rendered":"<ul>\n<li><strong>estaci\u00f3n : <\/strong> Cada d\u00eda<\/li>\n<li><strong>material : <\/strong> 100% Algod\u00f3n<\/li>\n<li><strong>material de relleno: <\/strong> Poli\u00e9ster<\/li>\n<li><strong>patr\u00f3n : <\/strong> Acolchado<\/li>\n<li><strong>T\u00e9cnicas: <\/strong> Puntadas<\/li>\n<li><strong>usar : <\/strong> Inicio, Hotel<\/li>\n<li><strong>lugar de origen : <\/strong> Jiangsu, China<\/li>\n<li><strong>nombre de marca: <\/strong> TEXTIL GENERAL<\/li>\n<li><strong>N\u00famero de modelo: <\/strong> RDF51<\/li>\n<li><strong>Nombre del producto : <\/strong> polyester duvet<\/li>\n<li><strong>Tela : <\/strong> 100% Algod\u00f3n<\/li>\n<li><strong>Relleno: <\/strong> 350gsm polyester<\/li>\n<li><strong>T\u00e9cnica: <\/strong> quilted box\/ double stitches<\/li>\n<li><strong>Tama\u00f1o : <\/strong> 230*220<\/li>\n<li><strong>Estaci\u00f3n : <\/strong> Four Seasons<\/li>\n<li><strong>Cantidad m\u00ednima de pedido: <\/strong> 1 pc<\/li>\n<li><strong>El tiempo de entrega : <\/strong> 5-7 d\u00edas<\/li>\n<li><strong>Plazo de pago: <\/strong> 100% deposit by Ali Trade Assurance<\/li>\n<\/ul>","protected":false},"excerpt":{"rendered":"<p>temporada : Todos los d\u00edas material : 100% Algod\u00f3n material de relleno : Poli\u00e9ster dibujo : T\u00e9cnicas de acolchado : Costura Uso : Hogar,<\/p>","protected":false},"featured_media":175359,"comment_status":"open","ping_status":"closed","template":"","meta":[],"product_brand":[],"product_cat":[30926,30951,30952],"product_tag":[],"class_list":{"0":"post-175360","1":"product","2":"type-product","3":"status-publish","4":"has-post-thumbnail","6":"product_cat-bedding","7":"product_cat-hotel-bedding","8":"product_cat-hotel-blanket-cover","10":"first","11":"instock","12":"taxable","13":"shipping-taxable","14":"purchasable","15":"product-type-variable"},"_links":{"self":[{"href":"https:\/\/nexgendecors.com\/es\/wp-json\/wp\/v2\/product\/175360","targetHints":{"allow":["GET"]}}],"collection":[{"href":"https:\/\/nexgendecors.com\/es\/wp-json\/wp\/v2\/product"}],"about":[{"href":"https:\/\/nexgendecors.com\/es\/wp-json\/wp\/v2\/types\/product"}],"replies":[{"embeddable":true,"href":"https:\/\/nexgendecors.com\/es\/wp-json\/wp\/v2\/comments?post=175360"}],"version-history":[{"count":0,"href":"https:\/\/nexgendecors.com\/es\/wp-json\/wp\/v2\/product\/175360\/revisions"}],"wp:featuredmedia":[{"embeddable":true,"href":"https:\/\/nexgendecors.com\/es\/wp-json\/wp\/v2\/media\/175359"}],"wp:attachment":[{"href":"https:\/\/nexgendecors.com\/es\/wp-json\/wp\/v2\/media?parent=175360"}],"wp:term":[{"taxonomy":"product_brand","embeddable":true,"href":"https:\/\/nexgendecors.com\/es\/wp-json\/wp\/v2\/product_brand?post=175360"},{"taxonomy":"product_cat","embeddable":true,"href":"https:\/\/nexgendecors.com\/es\/wp-json\/wp\/v2\/product_cat?post=175360"},{"taxonomy":"product_tag","embeddable":true,"href":"https:\/\/nexgendecors.com\/es\/wp-json\/wp\/v2\/product_tag?post=175360"}],"curies":[{"name":"wp","href":"https:\/\/api.w.org\/{rel}","templated":true}]}}