{"id":175403,"date":"2025-02-25T17:08:26","date_gmt":"2025-02-25T17:08:26","guid":{"rendered":"https:\/\/nexgendecors.com\/en\/product\/100-cotton-fabric-40s-233tc-polyester-microfiber-down-alternative-easy-clean-hotel-bed-pillow\/"},"modified":"2025-04-06T10:38:24","modified_gmt":"2025-04-06T10:38:24","slug":"almohada-de-hotel-de-facil-limpieza-con-tejido-100-algodon-40-hilos-poliester-microfibra-alternativa-al-plumon-233-hilos","status":"publish","type":"product","link":"https:\/\/nexgendecors.com\/es\/product\/almohada-de-hotel-de-facil-limpieza-con-tejido-100-algodon-40-hilos-poliester-microfibra-alternativa-al-plumon-233-hilos\/","title":{"rendered":"Almohada de hotel de f\u00e1cil limpieza, tela de algod\u00f3n 100%, 40S, 233 hilos, poli\u00e9ster, microfibra, alternativa al plum\u00f3n"},"content":{"rendered":"<ul>\n<li><strong>lugar de origen : <\/strong> Jiangsu, China<\/li>\n<li><strong>nombre de marca: <\/strong> JR<\/li>\n<li><strong>N\u00famero de modelo: <\/strong> JRP01<\/li>\n<li><strong>Material de la cubierta: <\/strong> 100% Algod\u00f3n<\/li>\n<li><strong>material de relleno: <\/strong> Microfibra<\/li>\n<li><strong>forma : <\/strong> Rect\u00e1ngulo<\/li>\n<li><strong>patr\u00f3n : <\/strong> S\u00f3lido<\/li>\n<li><strong>parte : <\/strong> CUELLO<\/li>\n<li><strong>est\u00e1_personalizado : <\/strong> S\u00ed<\/li>\n<li><strong>Recuento de tela: <\/strong> 40<\/li>\n<li><strong>N\u00famero de hilos: <\/strong> 200TC<\/li>\n<li><strong>peso : <\/strong> 1-1,5 kilogramos<\/li>\n<li><strong>Nombre : <\/strong> Almohada de microfibra<\/li>\n<li><strong>Tela : <\/strong> Algod\u00f3n 100% de 233 hilos<\/li>\n<li><strong>Material de relleno: <\/strong> Microfibra de poli\u00e9ster de primera calidad<\/li>\n<li><strong>Tama\u00f1o : <\/strong> 45*75 cm<\/li>\n<li><strong>Peso : <\/strong> 1200 gramos<\/li>\n<li><strong>T\u00e9cnicas: <\/strong> puntadas<\/li>\n<li><strong>Cantidad m\u00ednima de pedido: <\/strong> 50 piezas<\/li>\n<li><strong>Embalaje: <\/strong> bolsa de polietileno impermeable<\/li>\n<li><strong>Tiempo de muestra: <\/strong> 3-7 d\u00edas<\/li>\n<li><strong>Condiciones de pago: <\/strong> Dep\u00f3sito 30% + Saldo 70%<\/li>\n<\/ul>","protected":false},"excerpt":{"rendered":"<p>Lugar de origen: Jiangsu, China Nombre de la marca: JR N\u00famero de modelo: JRP01 Material de la cubierta: Relleno de algod\u00f3n 100%<\/p>","protected":false},"featured_media":175402,"comment_status":"open","ping_status":"closed","template":"","meta":[],"product_brand":[],"product_cat":[30926,30951,30954],"product_tag":[],"class_list":{"0":"post-175403","1":"product","2":"type-product","3":"status-publish","4":"has-post-thumbnail","6":"product_cat-bedding","7":"product_cat-hotel-bedding","8":"product_cat-hotel-pillows-and-covers","10":"first","11":"instock","12":"taxable","13":"shipping-taxable","14":"purchasable","15":"product-type-variable"},"_links":{"self":[{"href":"https:\/\/nexgendecors.com\/es\/wp-json\/wp\/v2\/product\/175403","targetHints":{"allow":["GET"]}}],"collection":[{"href":"https:\/\/nexgendecors.com\/es\/wp-json\/wp\/v2\/product"}],"about":[{"href":"https:\/\/nexgendecors.com\/es\/wp-json\/wp\/v2\/types\/product"}],"replies":[{"embeddable":true,"href":"https:\/\/nexgendecors.com\/es\/wp-json\/wp\/v2\/comments?post=175403"}],"version-history":[{"count":0,"href":"https:\/\/nexgendecors.com\/es\/wp-json\/wp\/v2\/product\/175403\/revisions"}],"wp:featuredmedia":[{"embeddable":true,"href":"https:\/\/nexgendecors.com\/es\/wp-json\/wp\/v2\/media\/175402"}],"wp:attachment":[{"href":"https:\/\/nexgendecors.com\/es\/wp-json\/wp\/v2\/media?parent=175403"}],"wp:term":[{"taxonomy":"product_brand","embeddable":true,"href":"https:\/\/nexgendecors.com\/es\/wp-json\/wp\/v2\/product_brand?post=175403"},{"taxonomy":"product_cat","embeddable":true,"href":"https:\/\/nexgendecors.com\/es\/wp-json\/wp\/v2\/product_cat?post=175403"},{"taxonomy":"product_tag","embeddable":true,"href":"https:\/\/nexgendecors.com\/es\/wp-json\/wp\/v2\/product_tag?post=175403"}],"curies":[{"name":"wp","href":"https:\/\/api.w.org\/{rel}","templated":true}]}}