{"id":175411,"date":"2025-02-25T17:08:56","date_gmt":"2025-02-25T17:08:56","guid":{"rendered":"https:\/\/nexgendecors.com\/en\/product\/wholesale-100-cotton-down-proof-fabric-pillow-polyester-filler-hotel-collection-bed-pillows-for-sleeping\/"},"modified":"2025-04-06T10:38:26","modified_gmt":"2025-04-06T10:38:26","slug":"wholesale-100-cotton-down-proof-fabric-pillow-polyester-filler-hotel-collection-bed-pillows-for-sleeping","status":"publish","type":"product","link":"https:\/\/nexgendecors.com\/es\/product\/wholesale-100-cotton-down-proof-fabric-pillow-polyester-filler-hotel-collection-bed-pillows-for-sleeping\/","title":{"rendered":"Venta al por mayor 100%, almohada de tela a prueba de plum\u00f3n de algod\u00f3n con relleno de poli\u00e9ster, colecci\u00f3n de hotel, almohadas para dormir"},"content":{"rendered":"<ul>\n<li><strong>lugar de origen : <\/strong> Jiangsu, China<\/li>\n<li><strong>nombre de marca: <\/strong> JR<\/li>\n<li><strong>N\u00famero de modelo: <\/strong> JRP01<\/li>\n<li><strong>Material de la cubierta: <\/strong> 100% Algod\u00f3n<\/li>\n<li><strong>material de relleno: <\/strong> Microfibra<\/li>\n<li><strong>forma : <\/strong> Rect\u00e1ngulo<\/li>\n<li><strong>parte : <\/strong> CUELLO<\/li>\n<li><strong>est\u00e1_personalizado : <\/strong> S\u00ed<\/li>\n<li><strong>Recuento de tela: <\/strong> 40, 40<\/li>\n<li><strong>N\u00famero de hilos: <\/strong> 200TC<\/li>\n<li><strong>peso : <\/strong> 1-1,5 kilogramos<\/li>\n<li><strong>Hotel Pillow Usage : <\/strong> Hotel Bed Sleeping<\/li>\n<li><strong>Color : <\/strong> Blanco<\/li>\n<li><strong>Hotel Pillow Function : <\/strong> Relieve Pressure<\/li>\n<li><strong>Hotel Pillow Size : <\/strong> 45*75cm\/50*80cm\/60*90cm<\/li>\n<li><strong>Logotipo : <\/strong> Custom Logo Accepted<\/li>\n<li><strong>Hotel Pillow Material : <\/strong> 100% cotton fabric+microfiber filling<\/li>\n<li><strong>Hotel Pillow Fabric : <\/strong> 40S*40S\/133*100<\/li>\n<li><strong>Hotel Pillow Technics : <\/strong> puntadas<\/li>\n<li><strong>Hotel Pillow Style : <\/strong> Plano<\/li>\n<\/ul>","protected":false},"excerpt":{"rendered":"<p>Lugar de origen: Jiangsu, China Nombre de la marca: JR N\u00famero de modelo: JRP01 Material de la cubierta: Relleno de algod\u00f3n 100%<\/p>","protected":false},"featured_media":175410,"comment_status":"open","ping_status":"closed","template":"","meta":[],"product_brand":[],"product_cat":[30926,30951,30954],"product_tag":[],"class_list":{"0":"post-175411","1":"product","2":"type-product","3":"status-publish","4":"has-post-thumbnail","6":"product_cat-bedding","7":"product_cat-hotel-bedding","8":"product_cat-hotel-pillows-and-covers","10":"first","11":"instock","12":"taxable","13":"shipping-taxable","14":"purchasable","15":"product-type-variable"},"_links":{"self":[{"href":"https:\/\/nexgendecors.com\/es\/wp-json\/wp\/v2\/product\/175411","targetHints":{"allow":["GET"]}}],"collection":[{"href":"https:\/\/nexgendecors.com\/es\/wp-json\/wp\/v2\/product"}],"about":[{"href":"https:\/\/nexgendecors.com\/es\/wp-json\/wp\/v2\/types\/product"}],"replies":[{"embeddable":true,"href":"https:\/\/nexgendecors.com\/es\/wp-json\/wp\/v2\/comments?post=175411"}],"version-history":[{"count":0,"href":"https:\/\/nexgendecors.com\/es\/wp-json\/wp\/v2\/product\/175411\/revisions"}],"wp:featuredmedia":[{"embeddable":true,"href":"https:\/\/nexgendecors.com\/es\/wp-json\/wp\/v2\/media\/175410"}],"wp:attachment":[{"href":"https:\/\/nexgendecors.com\/es\/wp-json\/wp\/v2\/media?parent=175411"}],"wp:term":[{"taxonomy":"product_brand","embeddable":true,"href":"https:\/\/nexgendecors.com\/es\/wp-json\/wp\/v2\/product_brand?post=175411"},{"taxonomy":"product_cat","embeddable":true,"href":"https:\/\/nexgendecors.com\/es\/wp-json\/wp\/v2\/product_cat?post=175411"},{"taxonomy":"product_tag","embeddable":true,"href":"https:\/\/nexgendecors.com\/es\/wp-json\/wp\/v2\/product_tag?post=175411"}],"curies":[{"name":"wp","href":"https:\/\/api.w.org\/{rel}","templated":true}]}}