{"id":175434,"date":"2025-02-25T17:13:40","date_gmt":"2025-02-25T17:13:40","guid":{"rendered":"https:\/\/nexgendecors.com\/en\/product\/high-quality-5-star-set-disposable-amenities-include-shampoo-shower-gel-dental-kit-hotel-toiletries-hotel-accessories\/"},"modified":"2025-04-06T10:38:41","modified_gmt":"2025-04-06T10:38:41","slug":"high-quality-5-star-set-disposable-amenities-include-shampoo-shower-gel-dental-kit-hotel-toiletries-hotel-accessories","status":"publish","type":"product","link":"https:\/\/nexgendecors.com\/es\/product\/high-quality-5-star-set-disposable-amenities-include-shampoo-shower-gel-dental-kit-hotel-toiletries-hotel-accessories\/","title":{"rendered":"Set de 5 estrellas de alta calidad, art\u00edculos de tocador desechables, champ\u00fa, gel de ducha, kit dental, art\u00edculos de tocador para hotel, accesorios para hotel."},"content":{"rendered":"<ul>\n<li><strong>lugar de origen : <\/strong> Jiangsu, China<\/li>\n<li><strong>nombre de marca: <\/strong> TEXTIL GENERAL<\/li>\n<li><strong>N\u00famero de modelo: <\/strong> JR230104<\/li>\n<li><strong>tipo : <\/strong> Cepillo de dientes<\/li>\n<li><strong>Nombre del producto : <\/strong> Servicios del hotel<\/li>\n<li><strong>Cantidad m\u00ednima de pedido: <\/strong> 2000 PCS<\/li>\n<li><strong>Tiempo de muestra: <\/strong> 3-7 d\u00edas<\/li>\n<li><strong>Plazo de pago: <\/strong> Dep\u00f3sito 30%, saldo 70%<\/li>\n<li><strong>Usar : <\/strong> hotel, casa, hospital, spa<\/li>\n<li><strong>Fabricante de equipos originales (OEM) y fabricante de dise\u00f1os originales (ODM): <\/strong> Aceptable<\/li>\n<li><strong>Logotipo : <\/strong> Aceptar logotipo personalizado<\/li>\n<li><strong>Muestra : <\/strong> Muestra ofrecida<\/li>\n<li><strong>Paquete : <\/strong> Paquete de cart\u00f3n<\/li>\n<li><strong>Estilo : <\/strong> Moderno<\/li>\n<\/ul>","protected":false},"excerpt":{"rendered":"<p>Lugar de origen: Jiangsu, China Nombre de la marca: GENERAL TEXTILE N\u00famero de modelo: JR230104 Tipo: Cepillo de dientes Nombre del producto<\/p>","protected":false},"featured_media":175433,"comment_status":"open","ping_status":"closed","template":"","meta":[],"product_brand":[],"product_cat":[30927,30939],"product_tag":[],"class_list":{"0":"post-175434","1":"product","2":"type-product","3":"status-publish","4":"has-post-thumbnail","6":"product_cat-bath","7":"product_cat-hotel-soaps-amenities","9":"first","10":"instock","11":"taxable","12":"shipping-taxable","13":"purchasable","14":"product-type-simple"},"_links":{"self":[{"href":"https:\/\/nexgendecors.com\/es\/wp-json\/wp\/v2\/product\/175434","targetHints":{"allow":["GET"]}}],"collection":[{"href":"https:\/\/nexgendecors.com\/es\/wp-json\/wp\/v2\/product"}],"about":[{"href":"https:\/\/nexgendecors.com\/es\/wp-json\/wp\/v2\/types\/product"}],"replies":[{"embeddable":true,"href":"https:\/\/nexgendecors.com\/es\/wp-json\/wp\/v2\/comments?post=175434"}],"version-history":[{"count":0,"href":"https:\/\/nexgendecors.com\/es\/wp-json\/wp\/v2\/product\/175434\/revisions"}],"wp:featuredmedia":[{"embeddable":true,"href":"https:\/\/nexgendecors.com\/es\/wp-json\/wp\/v2\/media\/175433"}],"wp:attachment":[{"href":"https:\/\/nexgendecors.com\/es\/wp-json\/wp\/v2\/media?parent=175434"}],"wp:term":[{"taxonomy":"product_brand","embeddable":true,"href":"https:\/\/nexgendecors.com\/es\/wp-json\/wp\/v2\/product_brand?post=175434"},{"taxonomy":"product_cat","embeddable":true,"href":"https:\/\/nexgendecors.com\/es\/wp-json\/wp\/v2\/product_cat?post=175434"},{"taxonomy":"product_tag","embeddable":true,"href":"https:\/\/nexgendecors.com\/es\/wp-json\/wp\/v2\/product_tag?post=175434"}],"curies":[{"name":"wp","href":"https:\/\/api.w.org\/{rel}","templated":true}]}}