{"id":175449,"date":"2025-02-26T03:31:20","date_gmt":"2025-02-26T03:31:20","guid":{"rendered":"https:\/\/nexgendecors.com\/en\/product\/massage-sheet-100-cotton-stripe-material-solid-color-spa-bed-sheet-beauty-salon-bed-linen-washable-flat-bed-sheet\/"},"modified":"2025-04-06T10:38:51","modified_gmt":"2025-04-06T10:38:51","slug":"massage-sheet-100-cotton-stripe-material-solid-color-spa-bed-sheet-beauty-salon-bed-linen-washable-flat-bed-sheet","status":"publish","type":"product","link":"https:\/\/nexgendecors.com\/es\/product\/massage-sheet-100-cotton-stripe-material-solid-color-spa-bed-sheet-beauty-salon-bed-linen-washable-flat-bed-sheet\/","title":{"rendered":"S\u00e1bana de masaje 100%, de algod\u00f3n a rayas, color liso, para spa, sal\u00f3n de belleza, lavable, plana"},"content":{"rendered":"<ul>\n<li><strong>tipo de patr\u00f3n: <\/strong> S\u00f3lido<\/li>\n<li><strong>est\u00e1_personalizado : <\/strong> S\u00ed<\/li>\n<li><strong>densidad de la tela: <\/strong> 130 * 70<\/li>\n<li><strong>recuento de tela: <\/strong> 40<\/li>\n<li><strong>Grado de solidez del color: <\/strong> Normas nacionales<\/li>\n<li><strong>n\u00famero de hilos: <\/strong> 200TC<\/li>\n<li><strong>Calificaci\u00f3n : <\/strong> Grado A<\/li>\n<li><strong>Tama\u00f1o de la aplicaci\u00f3n: <\/strong> 1.0m 3.3 feet, 1.2m 4 feet, 1.5m 5 feet<\/li>\n<li><strong>estaci\u00f3n : <\/strong> Para toda la temporada<\/li>\n<li><strong>tipo : <\/strong> Sheet Type<\/li>\n<li><strong>usar : <\/strong> SPA\/Salon<\/li>\n<li><strong>material : <\/strong> 100% Algod\u00f3n<\/li>\n<li><strong>patr\u00f3n : <\/strong> Rayas<\/li>\n<li><strong>estilo : <\/strong> Moderno<\/li>\n<li><strong>Cantidad : <\/strong> 1 pc<\/li>\n<li><strong>T\u00e9cnicas: <\/strong> tejido<\/li>\n<li><strong>caracter\u00edstica : <\/strong> No desechable<\/li>\n<li><strong>lugar de origen : <\/strong> Guangdong, China<\/li>\n<li><strong>nombre de marca: <\/strong> YUDO<\/li>\n<li><strong>Nombre del producto : <\/strong> SPA Flat Sheet<\/li>\n<li><strong>Materail Fabric : <\/strong> 100% Algod\u00f3n<\/li>\n<li><strong>N\u00famero de hilos: <\/strong> 200TC<\/li>\n<li><strong>Color : <\/strong> Multicolores<\/li>\n<li><strong>Avaliable Size : <\/strong> 80x200cm bed<\/li>\n<li><strong>Tipo : <\/strong> flat sheet<\/li>\n<li><strong>Cantidad m\u00ednima de pedido: <\/strong> 50 piezas<\/li>\n<li><strong>Useage : <\/strong> Massage , SPA , Beauty Salon<\/li>\n<li><strong>Servicio : <\/strong> OEM ,ODM and Sample Processing<\/li>\n<li><strong>Paquete : <\/strong> opp+carton<\/li>\n<li><strong>Espacio de la habitaci\u00f3n: <\/strong> Bedroom, Living Room<\/li>\n<li><strong>Certificaci\u00f3n : <\/strong> CTI<\/li>\n<\/ul>","protected":false},"excerpt":{"rendered":"<p>Tipo de patr\u00f3n: S\u00f3lido Se puede personalizar: S\u00ed Densidad de la tela: 130 * 70 Cantidad de tela: 40 Grado de solidez del color<\/p>","protected":false},"featured_media":175448,"comment_status":"open","ping_status":"closed","template":"","meta":[],"product_brand":[],"product_cat":[30960],"product_tag":[],"class_list":{"0":"post-175449","1":"product","2":"type-product","3":"status-publish","4":"has-post-thumbnail","6":"product_cat-spa-supplies","8":"first","9":"instock","10":"taxable","11":"shipping-taxable","12":"purchasable","13":"product-type-variable"},"_links":{"self":[{"href":"https:\/\/nexgendecors.com\/es\/wp-json\/wp\/v2\/product\/175449","targetHints":{"allow":["GET"]}}],"collection":[{"href":"https:\/\/nexgendecors.com\/es\/wp-json\/wp\/v2\/product"}],"about":[{"href":"https:\/\/nexgendecors.com\/es\/wp-json\/wp\/v2\/types\/product"}],"replies":[{"embeddable":true,"href":"https:\/\/nexgendecors.com\/es\/wp-json\/wp\/v2\/comments?post=175449"}],"version-history":[{"count":0,"href":"https:\/\/nexgendecors.com\/es\/wp-json\/wp\/v2\/product\/175449\/revisions"}],"wp:featuredmedia":[{"embeddable":true,"href":"https:\/\/nexgendecors.com\/es\/wp-json\/wp\/v2\/media\/175448"}],"wp:attachment":[{"href":"https:\/\/nexgendecors.com\/es\/wp-json\/wp\/v2\/media?parent=175449"}],"wp:term":[{"taxonomy":"product_brand","embeddable":true,"href":"https:\/\/nexgendecors.com\/es\/wp-json\/wp\/v2\/product_brand?post=175449"},{"taxonomy":"product_cat","embeddable":true,"href":"https:\/\/nexgendecors.com\/es\/wp-json\/wp\/v2\/product_cat?post=175449"},{"taxonomy":"product_tag","embeddable":true,"href":"https:\/\/nexgendecors.com\/es\/wp-json\/wp\/v2\/product_tag?post=175449"}],"curies":[{"name":"wp","href":"https:\/\/api.w.org\/{rel}","templated":true}]}}