{"id":175694,"date":"2025-02-26T03:36:38","date_gmt":"2025-02-26T03:36:38","guid":{"rendered":"https:\/\/nexgendecors.com\/en\/product\/wholesale-absorb-quick-dry-microfiber-bath-towel-set-headband-hair-towel-spa-body-wrap-salon-towels-custom-logo-2\/"},"modified":"2025-04-06T10:39:25","modified_gmt":"2025-04-06T10:39:25","slug":"wholesale-absorb-quick-dry-microfiber-bath-towel-set-headband-hair-towel-spa-body-wrap-salon-towels-custom-logo-2","status":"publish","type":"product","link":"https:\/\/nexgendecors.com\/es\/product\/wholesale-absorb-quick-dry-microfiber-bath-towel-set-headband-hair-towel-spa-body-wrap-salon-towels-custom-logo-2\/","title":{"rendered":"Juego de toallas de ba\u00f1o de microfibra de secado r\u00e1pido con diadema, toalla para el cabello, toalla para spa, envoltura corporal, toallas de sal\u00f3n, logotipo personalizado, venta al por mayor"},"content":{"rendered":"<ul>\n<li><strong>patr\u00f3n : <\/strong> Color s\u00f3lido<\/li>\n<li><strong>T\u00e9cnicas: <\/strong> tejido<\/li>\n<li><strong>forma : <\/strong> Rect\u00e1ngulo<\/li>\n<li><strong>solicitud : <\/strong> Spa\/Sal\u00f3n\/Playa\/Hotel\/Hogar<\/li>\n<li><strong>caracter\u00edstica : <\/strong> Sostenible, SECADO R\u00c1PIDO, Antimicrobiano, Absorbente de agua<\/li>\n<li><strong>nombre de marca: <\/strong> DPF<\/li>\n<li><strong>lugar de origen : <\/strong> Hebei, China<\/li>\n<li><strong>N\u00famero de modelo: <\/strong> MT0514<\/li>\n<li><strong>material : <\/strong> Microfibra<\/li>\n<li><strong>grupo de edad: <\/strong> Adulto<\/li>\n<li><strong>Nombre del producto : <\/strong> Juego de toallas<\/li>\n<li><strong>Tama\u00f1o : <\/strong> 20x70cm \/ 35x75cm \/ 40x80cm \/ 70x140cm \/ 80x190cm \/ 80*140cm<\/li>\n<li><strong>Color : <\/strong> S\u00f3lido<\/li>\n<li><strong>Peso : <\/strong> 400 g\/m\u00b2<\/li>\n<li><strong>Dise\u00f1o : <\/strong> Tuber\u00eda alrededor<\/li>\n<li><strong>Uso: <\/strong> Spa Playa Viajes Gimnasio Deporte Casa Hotel Ect<\/li>\n<li><strong>Embalaje: <\/strong> Bolsas tejidas<\/li>\n<li><strong>Etiqueta : <\/strong> Aceptar etiquetas personalizadas<\/li>\n<li><strong>Logotipo : <\/strong> Impresi\u00f3n o bordado de logotipos personalizados<\/li>\n<\/ul>","protected":false},"excerpt":{"rendered":"<p>Patr\u00f3n: Color s\u00f3lido T\u00e9cnicas: Tejido Forma: Rect\u00e1ngulo Aplicaci\u00f3n: Spa\/Sal\u00f3n\/Playa\/Hotel\/Hogar Caracter\u00edstica: Sostenible, SECADO R\u00c1PIDO, Antimicrobiano, Absorbencia de agua<\/p>","protected":false},"featured_media":175693,"comment_status":"open","ping_status":"closed","template":"","meta":[],"product_brand":[],"product_cat":[30960],"product_tag":[],"class_list":{"0":"post-175694","1":"product","2":"type-product","3":"status-publish","4":"has-post-thumbnail","6":"product_cat-spa-supplies","8":"first","9":"instock","10":"taxable","11":"shipping-taxable","12":"purchasable","13":"product-type-variable"},"_links":{"self":[{"href":"https:\/\/nexgendecors.com\/es\/wp-json\/wp\/v2\/product\/175694","targetHints":{"allow":["GET"]}}],"collection":[{"href":"https:\/\/nexgendecors.com\/es\/wp-json\/wp\/v2\/product"}],"about":[{"href":"https:\/\/nexgendecors.com\/es\/wp-json\/wp\/v2\/types\/product"}],"replies":[{"embeddable":true,"href":"https:\/\/nexgendecors.com\/es\/wp-json\/wp\/v2\/comments?post=175694"}],"version-history":[{"count":0,"href":"https:\/\/nexgendecors.com\/es\/wp-json\/wp\/v2\/product\/175694\/revisions"}],"wp:featuredmedia":[{"embeddable":true,"href":"https:\/\/nexgendecors.com\/es\/wp-json\/wp\/v2\/media\/175693"}],"wp:attachment":[{"href":"https:\/\/nexgendecors.com\/es\/wp-json\/wp\/v2\/media?parent=175694"}],"wp:term":[{"taxonomy":"product_brand","embeddable":true,"href":"https:\/\/nexgendecors.com\/es\/wp-json\/wp\/v2\/product_brand?post=175694"},{"taxonomy":"product_cat","embeddable":true,"href":"https:\/\/nexgendecors.com\/es\/wp-json\/wp\/v2\/product_cat?post=175694"},{"taxonomy":"product_tag","embeddable":true,"href":"https:\/\/nexgendecors.com\/es\/wp-json\/wp\/v2\/product_tag?post=175694"}],"curies":[{"name":"wp","href":"https:\/\/api.w.org\/{rel}","templated":true}]}}