{"id":175929,"date":"2025-02-26T03:38:09","date_gmt":"2025-02-26T03:38:09","guid":{"rendered":"https:\/\/nexgendecors.com\/en\/product\/adult-spa-massage-table-fitted-bed-sheet-cover-set-220115cm-flat-bed-sheet-soft-polyester-solid-plain-style-custom-size\/"},"modified":"2025-04-06T10:40:12","modified_gmt":"2025-04-06T10:40:12","slug":"juego-de-sabanas-ajustables-para-camilla-de-masaje-de-spa-para-adultos-sabana-plana-de-220-x-115-cm-suave-poliester-estilo-liso-tamano-personalizado","status":"publish","type":"product","link":"https:\/\/nexgendecors.com\/es\/product\/juego-de-sabanas-ajustables-para-camilla-de-masaje-de-spa-para-adultos-sabana-plana-de-220-x-115-cm-suave-poliester-estilo-liso-tamano-personalizado\/","title":{"rendered":"Adulto Spa Mesa de Masaje S\u00e1bana Ajustable Set 220*115cm S\u00e1bana Plana Suave Poli\u00e9ster S\u00f3lido Estilo Liso Tama\u00f1o Personalizado"},"content":{"rendered":"<ul>\n<li><strong>tipo de patr\u00f3n: <\/strong> S\u00f3lido<\/li>\n<li><strong>recuento de tela: <\/strong> 40<\/li>\n<li><strong>n\u00famero de hilos: <\/strong> 200TC<\/li>\n<li><strong>peso : <\/strong> 0,3 kilogramos<\/li>\n<li><strong>Calificaci\u00f3n : <\/strong> Calificado<\/li>\n<li><strong>estaci\u00f3n : <\/strong> Para toda la temporada<\/li>\n<li><strong>material : <\/strong> 100% Poli\u00e9ster<\/li>\n<li><strong>estilo : <\/strong> Plano<\/li>\n<li><strong>patr\u00f3n : <\/strong> te\u00f1ido liso<\/li>\n<li><strong>tipo : <\/strong> S\u00c1BANA PLANA<\/li>\n<li><strong>grupo de edad: <\/strong> Adultos<\/li>\n<li><strong>usar : <\/strong> Masaje<\/li>\n<li><strong>recuento de hilos: <\/strong> A\u00f1os 40*40<\/li>\n<li><strong>caracter\u00edstica : <\/strong> suave, duradero<\/li>\n<li><strong>lugar de origen : <\/strong> Shangh\u00e1i, China<\/li>\n<li><strong>nombre de marca: <\/strong> DPF<\/li>\n<li><strong>N\u00famero de modelo: <\/strong> BS2587<\/li>\n<li><strong>Nombre del producto : <\/strong> S\u00e1bana de spa<\/li>\n<li><strong>Tela : <\/strong> Poli\u00e9ster<\/li>\n<li><strong>Estilo : <\/strong> con o sin agujero para la cabeza<\/li>\n<li><strong>Color : <\/strong> Imagen<\/li>\n<li><strong>Tama\u00f1o : <\/strong> 220*115 cm<\/li>\n<\/ul>","protected":false},"excerpt":{"rendered":"<p>Tipo de patr\u00f3n : Tejido s\u00f3lido : 40 hilos : 200TC peso : 0,3kg Calidad : Calificado temporada :<\/p>","protected":false},"featured_media":175927,"comment_status":"open","ping_status":"closed","template":"","meta":[],"product_brand":[],"product_cat":[30960],"product_tag":[],"class_list":{"0":"post-175929","1":"product","2":"type-product","3":"status-publish","4":"has-post-thumbnail","6":"product_cat-spa-supplies","8":"first","9":"instock","10":"taxable","11":"shipping-taxable","12":"purchasable","13":"product-type-variable"},"_links":{"self":[{"href":"https:\/\/nexgendecors.com\/es\/wp-json\/wp\/v2\/product\/175929","targetHints":{"allow":["GET"]}}],"collection":[{"href":"https:\/\/nexgendecors.com\/es\/wp-json\/wp\/v2\/product"}],"about":[{"href":"https:\/\/nexgendecors.com\/es\/wp-json\/wp\/v2\/types\/product"}],"replies":[{"embeddable":true,"href":"https:\/\/nexgendecors.com\/es\/wp-json\/wp\/v2\/comments?post=175929"}],"version-history":[{"count":0,"href":"https:\/\/nexgendecors.com\/es\/wp-json\/wp\/v2\/product\/175929\/revisions"}],"wp:featuredmedia":[{"embeddable":true,"href":"https:\/\/nexgendecors.com\/es\/wp-json\/wp\/v2\/media\/175927"}],"wp:attachment":[{"href":"https:\/\/nexgendecors.com\/es\/wp-json\/wp\/v2\/media?parent=175929"}],"wp:term":[{"taxonomy":"product_brand","embeddable":true,"href":"https:\/\/nexgendecors.com\/es\/wp-json\/wp\/v2\/product_brand?post=175929"},{"taxonomy":"product_cat","embeddable":true,"href":"https:\/\/nexgendecors.com\/es\/wp-json\/wp\/v2\/product_cat?post=175929"},{"taxonomy":"product_tag","embeddable":true,"href":"https:\/\/nexgendecors.com\/es\/wp-json\/wp\/v2\/product_tag?post=175929"}],"curies":[{"name":"wp","href":"https:\/\/api.w.org\/{rel}","templated":true}]}}