{"id":176002,"date":"2025-02-26T03:39:17","date_gmt":"2025-02-26T03:39:17","guid":{"rendered":"https:\/\/nexgendecors.com\/en\/product\/100pcs-disposable-bed-sheets-massage-table-sheet-non-woven-fabric-quality-customize-trade-assurance-100-polyester-polyester-bag\/"},"modified":"2025-04-06T10:40:44","modified_gmt":"2025-04-06T10:40:44","slug":"100pcs-disposable-bed-sheets-massage-table-sheet-non-woven-fabric-quality-customize-trade-assurance-100-polyester-polyester-bag","status":"publish","type":"product","link":"https:\/\/nexgendecors.com\/es\/product\/100pcs-disposable-bed-sheets-massage-table-sheet-non-woven-fabric-quality-customize-trade-assurance-100-polyester-polyester-bag\/","title":{"rendered":"100pcs S\u00e1banas Desechables S\u00e1bana de Mesa de Masaje Tejido No Tejido Calidad Personalizada Garant\u00eda Comercial 100% Poli\u00e9ster Bolsa"},"content":{"rendered":"<ul>\n<li><strong>tipo de patr\u00f3n: <\/strong> S\u00f3lido<\/li>\n<li><strong>recuento de tela: <\/strong> 40<\/li>\n<li><strong>n\u00famero de hilos: <\/strong> 200TC<\/li>\n<li><strong>peso : <\/strong> 90g<\/li>\n<li><strong>Calificaci\u00f3n : <\/strong> Calidad<\/li>\n<li><strong>estaci\u00f3n : <\/strong> Para toda la temporada<\/li>\n<li><strong>material : <\/strong> 100% Poli\u00e9ster<\/li>\n<li><strong>estilo : <\/strong> Plano<\/li>\n<li><strong>patr\u00f3n : <\/strong> te\u00f1ido liso<\/li>\n<li><strong>tipo : <\/strong> S\u00c1BANA PLANA<\/li>\n<li><strong>grupo de edad: <\/strong> Adultos<\/li>\n<li><strong>usar : <\/strong> massage<\/li>\n<li><strong>recuento de hilos: <\/strong> a\u00f1os 40<\/li>\n<li><strong>caracter\u00edstica : <\/strong> Desechable<\/li>\n<li><strong>lugar de origen : <\/strong> Jiangsu, China<\/li>\n<li><strong>nombre de marca: <\/strong> DPF<\/li>\n<li><strong>N\u00famero de modelo: <\/strong> DPFHBS22005<\/li>\n<li><strong>Color : <\/strong> White\/Pink\/purple\/brown\/light yellow<\/li>\n<li><strong>Tama\u00f1o : <\/strong> 90x190cm\/Single<\/li>\n<li><strong>Tela : <\/strong> non woven<\/li>\n<li><strong>Dise\u00f1o : <\/strong> color s\u00f3lido<\/li>\n<li><strong>Peso : <\/strong> 15gsm<\/li>\n<li><strong>Condiciones de pago: <\/strong> trade assurance<\/li>\n<li><strong>Cantidad m\u00ednima de pedido: <\/strong> 100 packs<\/li>\n<li><strong>Paquete : <\/strong> bolsa de poli\u00e9ster<\/li>\n<li><strong>Uso: <\/strong> massage table<\/li>\n<li><strong>Logotipo : <\/strong> personalizar<\/li>\n<\/ul>","protected":false},"excerpt":{"rendered":"<p>Tipo de patr\u00f3n : Tejido liso : 40 hilos : 200TC gramaje : 90g calidad : Calidad temporada :<\/p>","protected":false},"featured_media":176001,"comment_status":"open","ping_status":"closed","template":"","meta":[],"product_brand":[],"product_cat":[30960],"product_tag":[],"class_list":{"0":"post-176002","1":"product","2":"type-product","3":"status-publish","4":"has-post-thumbnail","6":"product_cat-spa-supplies","8":"first","9":"instock","10":"taxable","11":"shipping-taxable","12":"purchasable","13":"product-type-variable"},"_links":{"self":[{"href":"https:\/\/nexgendecors.com\/es\/wp-json\/wp\/v2\/product\/176002","targetHints":{"allow":["GET"]}}],"collection":[{"href":"https:\/\/nexgendecors.com\/es\/wp-json\/wp\/v2\/product"}],"about":[{"href":"https:\/\/nexgendecors.com\/es\/wp-json\/wp\/v2\/types\/product"}],"replies":[{"embeddable":true,"href":"https:\/\/nexgendecors.com\/es\/wp-json\/wp\/v2\/comments?post=176002"}],"version-history":[{"count":0,"href":"https:\/\/nexgendecors.com\/es\/wp-json\/wp\/v2\/product\/176002\/revisions"}],"wp:featuredmedia":[{"embeddable":true,"href":"https:\/\/nexgendecors.com\/es\/wp-json\/wp\/v2\/media\/176001"}],"wp:attachment":[{"href":"https:\/\/nexgendecors.com\/es\/wp-json\/wp\/v2\/media?parent=176002"}],"wp:term":[{"taxonomy":"product_brand","embeddable":true,"href":"https:\/\/nexgendecors.com\/es\/wp-json\/wp\/v2\/product_brand?post=176002"},{"taxonomy":"product_cat","embeddable":true,"href":"https:\/\/nexgendecors.com\/es\/wp-json\/wp\/v2\/product_cat?post=176002"},{"taxonomy":"product_tag","embeddable":true,"href":"https:\/\/nexgendecors.com\/es\/wp-json\/wp\/v2\/product_tag?post=176002"}],"curies":[{"name":"wp","href":"https:\/\/api.w.org\/{rel}","templated":true}]}}