{"id":176024,"date":"2025-02-26T03:40:11","date_gmt":"2025-02-26T03:40:11","guid":{"rendered":"https:\/\/nexgendecors.com\/en\/product\/super-soft-durable-white-hotel-pillow\/"},"modified":"2025-04-06T10:40:54","modified_gmt":"2025-04-06T10:40:54","slug":"super-soft-durable-white-hotel-pillow","status":"publish","type":"product","link":"https:\/\/nexgendecors.com\/es\/product\/super-soft-durable-white-hotel-pillow\/","title":{"rendered":"Almohada de hotel blanca, s\u00faper suave y duradera"},"content":{"rendered":"<ul>\n<li><strong>lugar de origen : <\/strong> Jiangsu, China<\/li>\n<li><strong>nombre de marca: <\/strong> DPF<\/li>\n<li><strong>N\u00famero de modelo: <\/strong> 56887<\/li>\n<li><strong>Material de la cubierta: <\/strong> 100% Algod\u00f3n<\/li>\n<li><strong>caracter\u00edstica : <\/strong> Soft, Durable<\/li>\n<li><strong>material de relleno: <\/strong> Microfibra<\/li>\n<li><strong>forma : <\/strong> Rect\u00e1ngulo<\/li>\n<li><strong>patr\u00f3n : <\/strong> S\u00f3lido<\/li>\n<li><strong>parte : <\/strong> CUELLO<\/li>\n<li><strong>est\u00e1_personalizado : <\/strong> S\u00ed<\/li>\n<li><strong>Recuento de tela: <\/strong> 40<\/li>\n<li><strong>N\u00famero de hilos: <\/strong> 200TC, 40s<\/li>\n<li><strong>peso : <\/strong> 1-1,5 kilogramos<\/li>\n<li><strong>Nombre del producto : <\/strong> Pillow<\/li>\n<li><strong>Tama\u00f1o : <\/strong> 45*75 cm<\/li>\n<li><strong>Tela : <\/strong> algod\u00f3n<\/li>\n<li><strong>Material de relleno: <\/strong> Microfibra<\/li>\n<li><strong>Peso : <\/strong> 1000g<\/li>\n<li><strong>Paquete : <\/strong> Vacuum Package<\/li>\n<li><strong>Uso: <\/strong> Home\/Hotel<\/li>\n<li><strong>Muestra : <\/strong> Avalible<\/li>\n<li><strong>Espacio de la habitaci\u00f3n: <\/strong> Dormitorio<\/li>\n<\/ul>","protected":false},"excerpt":{"rendered":"<p>Lugar de origen: Jiangsu, China Nombre de la marca: DPF N\u00famero de modelo: 56887 Material de la cubierta: Algod\u00f3n 100% Caracter\u00edstica<\/p>","protected":false},"featured_media":176023,"comment_status":"open","ping_status":"closed","template":"","meta":[],"product_brand":[],"product_cat":[30954],"product_tag":[],"class_list":{"0":"post-176024","1":"product","2":"type-product","3":"status-publish","4":"has-post-thumbnail","6":"product_cat-hotel-pillows-and-covers","8":"first","9":"instock","10":"taxable","11":"shipping-taxable","12":"purchasable","13":"product-type-variable"},"_links":{"self":[{"href":"https:\/\/nexgendecors.com\/es\/wp-json\/wp\/v2\/product\/176024","targetHints":{"allow":["GET"]}}],"collection":[{"href":"https:\/\/nexgendecors.com\/es\/wp-json\/wp\/v2\/product"}],"about":[{"href":"https:\/\/nexgendecors.com\/es\/wp-json\/wp\/v2\/types\/product"}],"replies":[{"embeddable":true,"href":"https:\/\/nexgendecors.com\/es\/wp-json\/wp\/v2\/comments?post=176024"}],"version-history":[{"count":0,"href":"https:\/\/nexgendecors.com\/es\/wp-json\/wp\/v2\/product\/176024\/revisions"}],"wp:featuredmedia":[{"embeddable":true,"href":"https:\/\/nexgendecors.com\/es\/wp-json\/wp\/v2\/media\/176023"}],"wp:attachment":[{"href":"https:\/\/nexgendecors.com\/es\/wp-json\/wp\/v2\/media?parent=176024"}],"wp:term":[{"taxonomy":"product_brand","embeddable":true,"href":"https:\/\/nexgendecors.com\/es\/wp-json\/wp\/v2\/product_brand?post=176024"},{"taxonomy":"product_cat","embeddable":true,"href":"https:\/\/nexgendecors.com\/es\/wp-json\/wp\/v2\/product_cat?post=176024"},{"taxonomy":"product_tag","embeddable":true,"href":"https:\/\/nexgendecors.com\/es\/wp-json\/wp\/v2\/product_tag?post=176024"}],"curies":[{"name":"wp","href":"https:\/\/api.w.org\/{rel}","templated":true}]}}