{"id":176040,"date":"2025-02-26T03:52:54","date_gmt":"2025-02-26T03:52:54","guid":{"rendered":"https:\/\/nexgendecors.com\/en\/product\/wholesale-high-quality-super-absorbent-shower-hair-towel-long-wet-hair-bath-shower-elastic-hair-drying-cap-for-home\/"},"modified":"2025-04-06T10:41:13","modified_gmt":"2025-04-06T10:41:13","slug":"wholesale-high-quality-super-absorbent-shower-hair-towel-long-wet-hair-bath-shower-elastic-hair-drying-cap-for-home","status":"publish","type":"product","link":"https:\/\/nexgendecors.com\/es\/product\/wholesale-high-quality-super-absorbent-shower-hair-towel-long-wet-hair-bath-shower-elastic-hair-drying-cap-for-home\/","title":{"rendered":"Toalla de ducha s\u00faper absorbente de alta calidad al por mayor para cabello largo y h\u00famedo, gorro el\u00e1stico para secar el cabello en casa."},"content":{"rendered":"<ul>\n<li><strong>material : <\/strong> weave<\/li>\n<li><strong>usar : <\/strong> Thermal<\/li>\n<li><strong>lugar de origen : <\/strong> Jiangsu, China<\/li>\n<li><strong>nombre de marca: <\/strong> YALAN or OEM<\/li>\n<li><strong>Nombre del producto : <\/strong> Hair Drying Cap<\/li>\n<li><strong>Material : <\/strong> Coral fleece, 280\/\u33a1 polycotton<\/li>\n<li><strong>Tama\u00f1o : <\/strong> 60*100 cm<\/li>\n<li><strong>Funci\u00f3n : <\/strong> Bathroom Supplies. Waterproof. Protect Hair<\/li>\n<li><strong>Estilo : <\/strong> Normal<\/li>\n<li><strong>Logotipo : <\/strong> Aceptar logotipo personalizado<\/li>\n<li><strong>Color : <\/strong> Pink or customized color<\/li>\n<li><strong>Cantidad m\u00ednima de pedido: <\/strong> 500pcs<\/li>\n<li><strong>Muestra : <\/strong> Samples Avaliable<\/li>\n<li><strong>Embalaje: <\/strong> Inner Opp bag + Outer carton<\/li>\n<\/ul>","protected":false},"excerpt":{"rendered":"<p>Material: tejido Uso: t\u00e9rmico Lugar de origen: Jiangsu, China Nombre de marca: YALAN o OEM Nombre del producto<\/p>","protected":false},"featured_media":176039,"comment_status":"open","ping_status":"closed","template":"","meta":[],"product_brand":[],"product_cat":[30941,30937,30960],"product_tag":[],"class_list":{"0":"post-176040","1":"product","2":"type-product","3":"status-publish","4":"has-post-thumbnail","6":"product_cat-hotel-robes-slippers","7":"product_cat-hotel-towels","8":"product_cat-spa-supplies","10":"first","11":"instock","12":"taxable","13":"shipping-taxable","14":"purchasable","15":"product-type-variable"},"_links":{"self":[{"href":"https:\/\/nexgendecors.com\/es\/wp-json\/wp\/v2\/product\/176040","targetHints":{"allow":["GET"]}}],"collection":[{"href":"https:\/\/nexgendecors.com\/es\/wp-json\/wp\/v2\/product"}],"about":[{"href":"https:\/\/nexgendecors.com\/es\/wp-json\/wp\/v2\/types\/product"}],"replies":[{"embeddable":true,"href":"https:\/\/nexgendecors.com\/es\/wp-json\/wp\/v2\/comments?post=176040"}],"version-history":[{"count":0,"href":"https:\/\/nexgendecors.com\/es\/wp-json\/wp\/v2\/product\/176040\/revisions"}],"wp:featuredmedia":[{"embeddable":true,"href":"https:\/\/nexgendecors.com\/es\/wp-json\/wp\/v2\/media\/176039"}],"wp:attachment":[{"href":"https:\/\/nexgendecors.com\/es\/wp-json\/wp\/v2\/media?parent=176040"}],"wp:term":[{"taxonomy":"product_brand","embeddable":true,"href":"https:\/\/nexgendecors.com\/es\/wp-json\/wp\/v2\/product_brand?post=176040"},{"taxonomy":"product_cat","embeddable":true,"href":"https:\/\/nexgendecors.com\/es\/wp-json\/wp\/v2\/product_cat?post=176040"},{"taxonomy":"product_tag","embeddable":true,"href":"https:\/\/nexgendecors.com\/es\/wp-json\/wp\/v2\/product_tag?post=176040"}],"curies":[{"name":"wp","href":"https:\/\/api.w.org\/{rel}","templated":true}]}}