{"id":176049,"date":"2025-02-26T03:53:23","date_gmt":"2025-02-26T03:53:23","guid":{"rendered":"https:\/\/nexgendecors.com\/en\/product\/wholesale-super-absorbent-quick-dry-hair-towel-wrap-85-polyester-15-cotton-coral-fleece-hair-drying-hat-for-women\/"},"modified":"2025-04-06T10:41:24","modified_gmt":"2025-04-06T10:41:24","slug":"wholesale-super-absorbent-quick-dry-hair-towel-wrap-85-polyester-15-cotton-coral-fleece-hair-drying-hat-for-women","status":"publish","type":"product","link":"https:\/\/nexgendecors.com\/es\/product\/wholesale-super-absorbent-quick-dry-hair-towel-wrap-85-polyester-15-cotton-coral-fleece-hair-drying-hat-for-women\/","title":{"rendered":"Toalla para el cabello s\u00faper absorbente de secado r\u00e1pido, 85%, poli\u00e9ster 15%, algod\u00f3n coral, gorro para secar el cabello para mujer."},"content":{"rendered":"<ul>\n<li><strong>material : <\/strong> weave<\/li>\n<li><strong>usar : <\/strong> Thermal<\/li>\n<li><strong>lugar de origen : <\/strong> Jiangsu, China<\/li>\n<li><strong>nombre de marca: <\/strong> YALAN or OEM<\/li>\n<li><strong>Nombre del producto : <\/strong> Hair Drying Cap<\/li>\n<li><strong>Material : <\/strong> 85% polyester 15% cotton, coral fleece<\/li>\n<li><strong>Tama\u00f1o : <\/strong> 60*110cm<\/li>\n<li><strong>Funci\u00f3n : <\/strong> Bathroom Supplies. Waterproof. Protect Hair<\/li>\n<li><strong>Estilo : <\/strong> Normal<\/li>\n<li><strong>Logotipo : <\/strong> Aceptar logotipo personalizado<\/li>\n<li><strong>Color : <\/strong> Pink or customized color<\/li>\n<li><strong>Cantidad m\u00ednima de pedido: <\/strong> 500pcs<\/li>\n<li><strong>Muestra : <\/strong> Samples Avaliable<\/li>\n<li><strong>Embalaje: <\/strong> Inner Opp bag + Outer carton<\/li>\n<\/ul>","protected":false},"excerpt":{"rendered":"<p>Material: tejido Uso: t\u00e9rmico Lugar de origen: Jiangsu, China Nombre de marca: YALAN o OEM Nombre del producto<\/p>","protected":false},"featured_media":176048,"comment_status":"open","ping_status":"closed","template":"","meta":[],"product_brand":[],"product_cat":[30941,30937,30960],"product_tag":[],"class_list":{"0":"post-176049","1":"product","2":"type-product","3":"status-publish","4":"has-post-thumbnail","6":"product_cat-hotel-robes-slippers","7":"product_cat-hotel-towels","8":"product_cat-spa-supplies","10":"first","11":"instock","12":"taxable","13":"shipping-taxable","14":"purchasable","15":"product-type-variable"},"_links":{"self":[{"href":"https:\/\/nexgendecors.com\/es\/wp-json\/wp\/v2\/product\/176049","targetHints":{"allow":["GET"]}}],"collection":[{"href":"https:\/\/nexgendecors.com\/es\/wp-json\/wp\/v2\/product"}],"about":[{"href":"https:\/\/nexgendecors.com\/es\/wp-json\/wp\/v2\/types\/product"}],"replies":[{"embeddable":true,"href":"https:\/\/nexgendecors.com\/es\/wp-json\/wp\/v2\/comments?post=176049"}],"version-history":[{"count":0,"href":"https:\/\/nexgendecors.com\/es\/wp-json\/wp\/v2\/product\/176049\/revisions"}],"wp:featuredmedia":[{"embeddable":true,"href":"https:\/\/nexgendecors.com\/es\/wp-json\/wp\/v2\/media\/176048"}],"wp:attachment":[{"href":"https:\/\/nexgendecors.com\/es\/wp-json\/wp\/v2\/media?parent=176049"}],"wp:term":[{"taxonomy":"product_brand","embeddable":true,"href":"https:\/\/nexgendecors.com\/es\/wp-json\/wp\/v2\/product_brand?post=176049"},{"taxonomy":"product_cat","embeddable":true,"href":"https:\/\/nexgendecors.com\/es\/wp-json\/wp\/v2\/product_cat?post=176049"},{"taxonomy":"product_tag","embeddable":true,"href":"https:\/\/nexgendecors.com\/es\/wp-json\/wp\/v2\/product_tag?post=176049"}],"curies":[{"name":"wp","href":"https:\/\/api.w.org\/{rel}","templated":true}]}}