{"id":176138,"date":"2025-02-26T03:59:38","date_gmt":"2025-02-26T03:59:38","guid":{"rendered":"https:\/\/nexgendecors.com\/en\/product\/king-size-sequin-bed-runner-for-hotel\/"},"modified":"2025-04-06T10:41:47","modified_gmt":"2025-04-06T10:41:47","slug":"camino-de-cama-con-lentejuelas-tamano-king-para-hotel","status":"publish","type":"product","link":"https:\/\/nexgendecors.com\/es\/product\/camino-de-cama-con-lentejuelas-tamano-king-para-hotel\/","title":{"rendered":"Camino de cama de lentejuelas para hotel"},"content":{"rendered":"<ul>\n<li><strong>tipo de patr\u00f3n: <\/strong> Sin fin<\/li>\n<li><strong>est\u00e1_personalizado : <\/strong> S\u00ed<\/li>\n<li><strong>densidad de la tela: <\/strong> 128&#215;68<\/li>\n<li><strong>recuento de tela: <\/strong> 40<\/li>\n<li><strong>Grado de solidez del color: <\/strong> 4<\/li>\n<li><strong>n\u00famero de hilos: <\/strong> 200TC<\/li>\n<li><strong>Calificaci\u00f3n : <\/strong> Grado A<\/li>\n<li><strong>estaci\u00f3n : <\/strong> Para toda la temporada<\/li>\n<li><strong>tipo : <\/strong> Juegos de cubrecamas y colchas<\/li>\n<li><strong>usar : <\/strong> Hotel<\/li>\n<li><strong>material : <\/strong> Fibra de poli\u00e9ster 100%<\/li>\n<li><strong>relleno: <\/strong> Poli\u00e9ster<\/li>\n<li><strong>patr\u00f3n : <\/strong> bordado<\/li>\n<li><strong>estilo : <\/strong> Estilo europeo y americano, Jacquard<\/li>\n<li><strong>Cantidad : <\/strong> 3 piezas<\/li>\n<li><strong>T\u00e9cnicas: <\/strong> tejido<\/li>\n<li><strong>caracter\u00edstica : <\/strong> No desechable, sostenible<\/li>\n<li><strong>lugar de origen : <\/strong> Jiangsu, China<\/li>\n<li><strong>nombre de marca: <\/strong> Yalan<\/li>\n<li><strong>N\u00famero de modelo: <\/strong> YLBR-001<\/li>\n<li><strong>Nombre del producto : <\/strong> Corredores de cama de hotel<\/li>\n<li><strong>Material : <\/strong> 100%PFibra de poli\u00e9ster<\/li>\n<li><strong>Tama\u00f1o de la aplicaci\u00f3n: <\/strong> 50*180cm<\/li>\n<li><strong>peso : <\/strong> 0-0,5 kg<\/li>\n<li><strong>logotipo : <\/strong> Aceptar logotipo personalizado<\/li>\n<li><strong>Dise\u00f1o : <\/strong> Aceptar dise\u00f1os personalizados<\/li>\n<li><strong>Color : <\/strong> Marr\u00f3n\/Azul o Personalizado<\/li>\n<li><strong>Uso: <\/strong> toalla de ba\u00f1o<\/li>\n<li><strong>Tiempo de muestra: <\/strong> 3-5 d\u00edas laborables<\/li>\n<\/ul>","protected":false},"excerpt":{"rendered":"<p>tipo de patr\u00f3n : Endless is_customized : S\u00ed densidad del tejido : 128\u00d768 n\u00famero de tejidos : 40 grado de solidez del color : 4<\/p>","protected":false},"featured_media":176137,"comment_status":"open","ping_status":"closed","template":"","meta":[],"product_brand":[],"product_cat":[30955],"product_tag":[],"class_list":{"0":"post-176138","1":"product","2":"type-product","3":"status-publish","4":"has-post-thumbnail","6":"product_cat-hotel-coverlet","8":"first","9":"instock","10":"taxable","11":"shipping-taxable","12":"purchasable","13":"product-type-variable"},"_links":{"self":[{"href":"https:\/\/nexgendecors.com\/es\/wp-json\/wp\/v2\/product\/176138","targetHints":{"allow":["GET"]}}],"collection":[{"href":"https:\/\/nexgendecors.com\/es\/wp-json\/wp\/v2\/product"}],"about":[{"href":"https:\/\/nexgendecors.com\/es\/wp-json\/wp\/v2\/types\/product"}],"replies":[{"embeddable":true,"href":"https:\/\/nexgendecors.com\/es\/wp-json\/wp\/v2\/comments?post=176138"}],"version-history":[{"count":0,"href":"https:\/\/nexgendecors.com\/es\/wp-json\/wp\/v2\/product\/176138\/revisions"}],"wp:featuredmedia":[{"embeddable":true,"href":"https:\/\/nexgendecors.com\/es\/wp-json\/wp\/v2\/media\/176137"}],"wp:attachment":[{"href":"https:\/\/nexgendecors.com\/es\/wp-json\/wp\/v2\/media?parent=176138"}],"wp:term":[{"taxonomy":"product_brand","embeddable":true,"href":"https:\/\/nexgendecors.com\/es\/wp-json\/wp\/v2\/product_brand?post=176138"},{"taxonomy":"product_cat","embeddable":true,"href":"https:\/\/nexgendecors.com\/es\/wp-json\/wp\/v2\/product_cat?post=176138"},{"taxonomy":"product_tag","embeddable":true,"href":"https:\/\/nexgendecors.com\/es\/wp-json\/wp\/v2\/product_tag?post=176138"}],"curies":[{"name":"wp","href":"https:\/\/api.w.org\/{rel}","templated":true}]}}