{"id":176233,"date":"2025-02-26T04:28:26","date_gmt":"2025-02-26T04:28:26","guid":{"rendered":"https:\/\/nexgendecors.com\/en\/product\/wholesale-luxury-hotel-jacquard-bed-runner-and-cushions-cover-2\/"},"modified":"2025-04-10T15:48:33","modified_gmt":"2025-04-10T15:48:33","slug":"wholesale-luxury-hotel-jacquard-bed-runner-and-cushions-cover-2","status":"publish","type":"product","link":"https:\/\/nexgendecors.com\/es\/product\/wholesale-luxury-hotel-jacquard-bed-runner-and-cushions-cover-2\/","title":{"rendered":"Camino de cama y funda de coj\u00edn de jacquard para hotel de lujo al por mayor"},"content":{"rendered":"<ul>\n<li><strong>tipo de patr\u00f3n: <\/strong> S\u00f3lido<\/li>\n<li><strong>est\u00e1_personalizado : <\/strong> S\u00ed<\/li>\n<li><strong>densidad de la tela: <\/strong> 173 * 118<\/li>\n<li><strong>recuento de tela: <\/strong> 60<\/li>\n<li><strong>estaci\u00f3n : <\/strong> Para toda la temporada<\/li>\n<li><strong>usar : <\/strong> Hotel<\/li>\n<li><strong>material : <\/strong> poli\u00e9ster \/ algod\u00f3n<\/li>\n<li><strong>relleno: <\/strong> Poli\u00e9ster<\/li>\n<li><strong>patr\u00f3n : <\/strong> Impreso<\/li>\n<li><strong>Cantidad : <\/strong> 3 piezas<\/li>\n<li><strong>lugar de origen : <\/strong> Jiangsu, China<\/li>\n<li><strong>nombre de marca: <\/strong> Yalan<\/li>\n<li><strong>N\u00famero de modelo: <\/strong> YLK0030<\/li>\n<li><strong>Nombre del producto : <\/strong> Luxury Solid Plain Bed Runner Set<\/li>\n<li><strong>Dise\u00f1o : <\/strong> Customize design<\/li>\n<li><strong>Tela : <\/strong> polyester material<\/li>\n<li><strong>Tama\u00f1o : <\/strong> Accept Custmomized<\/li>\n<li><strong>Cantidad m\u00ednima de pedido: <\/strong> 50 juegos<\/li>\n<li><strong>Patr\u00f3n : <\/strong> Luxury<\/li>\n<li><strong>Caracter\u00edstica : <\/strong> Washable Comfortable Durable<\/li>\n<\/ul>","protected":false},"excerpt":{"rendered":"<p>Tipo de patr\u00f3n: S\u00f3lido Se puede personalizar: S\u00ed Densidad de la tela: 173 * 118 Cantidad de telas: 60 Temporada: Para todas las estaciones<\/p>","protected":false},"featured_media":176238,"comment_status":"open","ping_status":"closed","template":"","meta":[],"product_brand":[],"product_cat":[30955],"product_tag":[],"class_list":{"0":"post-176233","1":"product","2":"type-product","3":"status-publish","4":"has-post-thumbnail","6":"product_cat-hotel-coverlet","8":"first","9":"outofstock","10":"taxable","11":"shipping-taxable","12":"product-type-variable"},"_links":{"self":[{"href":"https:\/\/nexgendecors.com\/es\/wp-json\/wp\/v2\/product\/176233","targetHints":{"allow":["GET"]}}],"collection":[{"href":"https:\/\/nexgendecors.com\/es\/wp-json\/wp\/v2\/product"}],"about":[{"href":"https:\/\/nexgendecors.com\/es\/wp-json\/wp\/v2\/types\/product"}],"replies":[{"embeddable":true,"href":"https:\/\/nexgendecors.com\/es\/wp-json\/wp\/v2\/comments?post=176233"}],"version-history":[{"count":0,"href":"https:\/\/nexgendecors.com\/es\/wp-json\/wp\/v2\/product\/176233\/revisions"}],"wp:featuredmedia":[{"embeddable":true,"href":"https:\/\/nexgendecors.com\/es\/wp-json\/wp\/v2\/media\/176238"}],"wp:attachment":[{"href":"https:\/\/nexgendecors.com\/es\/wp-json\/wp\/v2\/media?parent=176233"}],"wp:term":[{"taxonomy":"product_brand","embeddable":true,"href":"https:\/\/nexgendecors.com\/es\/wp-json\/wp\/v2\/product_brand?post=176233"},{"taxonomy":"product_cat","embeddable":true,"href":"https:\/\/nexgendecors.com\/es\/wp-json\/wp\/v2\/product_cat?post=176233"},{"taxonomy":"product_tag","embeddable":true,"href":"https:\/\/nexgendecors.com\/es\/wp-json\/wp\/v2\/product_tag?post=176233"}],"curies":[{"name":"wp","href":"https:\/\/api.w.org\/{rel}","templated":true}]}}