{"id":176382,"date":"2025-02-26T04:35:13","date_gmt":"2025-02-26T04:35:13","guid":{"rendered":"https:\/\/nexgendecors.com\/en\/product\/wholesale-luxury-queen-king-size-customize-logo-bed-runner-and-cushion-cover-sets-for-hotel\/"},"modified":"2025-04-06T10:43:32","modified_gmt":"2025-04-06T10:43:32","slug":"wholesale-luxury-queen-king-size-customize-logo-bed-runner-and-cushion-cover-sets-for-hotel","status":"publish","type":"product","link":"https:\/\/nexgendecors.com\/es\/product\/wholesale-luxury-queen-king-size-customize-logo-bed-runner-and-cushion-cover-sets-for-hotel\/","title":{"rendered":"Juego de camino de cama y funda de coj\u00edn de lujo tama\u00f1o queen y king con logotipo personalizado para hotel, venta al por mayor"},"content":{"rendered":"<ul>\n<li><strong>tipo de patr\u00f3n: <\/strong> Print<\/li>\n<li><strong>recuento de tela: <\/strong> 40<\/li>\n<li><strong>n\u00famero de hilos: <\/strong> 300 hilos<\/li>\n<li><strong>material : <\/strong> poli\u00e9ster \/ algod\u00f3n<\/li>\n<li><strong>estilo : <\/strong> jacquard<\/li>\n<li><strong>patr\u00f3n : <\/strong> te\u00f1ido liso<\/li>\n<li><strong>T\u00e9cnicas: <\/strong> Diagonal Printing<\/li>\n<li><strong>usar : <\/strong> Inicio, Hotel<\/li>\n<li><strong>peso : <\/strong> 1.5<\/li>\n<li><strong>lugar de origen : <\/strong> Jiangsu, China<\/li>\n<li><strong>nombre de marca: <\/strong> Yalan<\/li>\n<li><strong>N\u00famero de modelo: <\/strong> YLK0129<\/li>\n<li><strong>Nombre del producto : <\/strong> Bed Runner and Cushion Cover<\/li>\n<li><strong>Tela : <\/strong> polyester\/cotton<\/li>\n<li><strong>Uso: <\/strong> Home Hotel Hospital<\/li>\n<li><strong>Estilo : <\/strong> Luxury<\/li>\n<\/ul>","protected":false},"excerpt":{"rendered":"<p>Tipo de patr\u00f3n: Estampado N\u00famero de tela: 40 N\u00famero de hilos: 300tc Material: Poli\u00e9ster \/ Algod\u00f3n Estilo: Jacquard<\/p>","protected":false},"featured_media":176380,"comment_status":"open","ping_status":"closed","template":"","meta":[],"product_brand":[],"product_cat":[30955],"product_tag":[],"class_list":{"0":"post-176382","1":"product","2":"type-product","3":"status-publish","4":"has-post-thumbnail","6":"product_cat-hotel-coverlet","8":"first","9":"instock","10":"taxable","11":"shipping-taxable","12":"purchasable","13":"product-type-variable"},"_links":{"self":[{"href":"https:\/\/nexgendecors.com\/es\/wp-json\/wp\/v2\/product\/176382","targetHints":{"allow":["GET"]}}],"collection":[{"href":"https:\/\/nexgendecors.com\/es\/wp-json\/wp\/v2\/product"}],"about":[{"href":"https:\/\/nexgendecors.com\/es\/wp-json\/wp\/v2\/types\/product"}],"replies":[{"embeddable":true,"href":"https:\/\/nexgendecors.com\/es\/wp-json\/wp\/v2\/comments?post=176382"}],"version-history":[{"count":0,"href":"https:\/\/nexgendecors.com\/es\/wp-json\/wp\/v2\/product\/176382\/revisions"}],"wp:featuredmedia":[{"embeddable":true,"href":"https:\/\/nexgendecors.com\/es\/wp-json\/wp\/v2\/media\/176380"}],"wp:attachment":[{"href":"https:\/\/nexgendecors.com\/es\/wp-json\/wp\/v2\/media?parent=176382"}],"wp:term":[{"taxonomy":"product_brand","embeddable":true,"href":"https:\/\/nexgendecors.com\/es\/wp-json\/wp\/v2\/product_brand?post=176382"},{"taxonomy":"product_cat","embeddable":true,"href":"https:\/\/nexgendecors.com\/es\/wp-json\/wp\/v2\/product_cat?post=176382"},{"taxonomy":"product_tag","embeddable":true,"href":"https:\/\/nexgendecors.com\/es\/wp-json\/wp\/v2\/product_tag?post=176382"}],"curies":[{"name":"wp","href":"https:\/\/api.w.org\/{rel}","templated":true}]}}