{"id":176466,"date":"2025-02-26T04:41:39","date_gmt":"2025-02-26T04:41:39","guid":{"rendered":"https:\/\/nexgendecors.com\/en\/product\/woven-hotel-cushion-and-bed-runners-for-sale\/"},"modified":"2025-03-31T17:27:56","modified_gmt":"2025-03-31T17:27:56","slug":"woven-hotel-cushion-and-bed-runners-for-sale","status":"publish","type":"product","link":"https:\/\/nexgendecors.com\/es\/product\/woven-hotel-cushion-and-bed-runners-for-sale\/","title":{"rendered":"Venta de cojines y alfombrillas de cama de hotel tejidas"},"content":{"rendered":"<ul>\n<li><strong>lugar de origen : <\/strong> Porcelana<\/li>\n<li><strong>nombre de marca: <\/strong> Shaanxi Yalan Textile<\/li>\n<li><strong>N\u00famero de modelo: <\/strong> YLYY0213<\/li>\n<li><strong>material : <\/strong> 100% Poli\u00e9ster<\/li>\n<li><strong>caracter\u00edstica : <\/strong> No desechable<\/li>\n<li><strong>T\u00e9cnicas: <\/strong> tejido<\/li>\n<li><strong>estilo : <\/strong> Estilo europeo y americano<\/li>\n<li><strong>cantidad : <\/strong> 3 piezas<\/li>\n<li><strong>Relleno: <\/strong> non<\/li>\n<li><strong>patr\u00f3n : <\/strong> Impreso<\/li>\n<li><strong>solicitud : <\/strong> Hotel<\/li>\n<li><strong>est\u00e1_personalizado : <\/strong> S\u00ed<\/li>\n<li><strong>densidad de la tela: <\/strong> 128&#215;68<\/li>\n<li><strong>recuento de tela: <\/strong> 40<\/li>\n<li><strong>Grado de solidez del color: <\/strong> 4<\/li>\n<li><strong>n\u00famero de hilos: <\/strong> 200TC<\/li>\n<li><strong>Tama\u00f1o de la aplicaci\u00f3n: <\/strong> 2.0m 6.6 feet<\/li>\n<li><strong>Calificaci\u00f3n : <\/strong> Grado A<\/li>\n<li><strong>Tipo de patr\u00f3n: <\/strong> Scenic<\/li>\n<li><strong>Tipo : <\/strong> Juegos de cubrecamas y colchas<\/li>\n<li><strong>Grupo de edad: <\/strong> Adulto<\/li>\n<li><strong>Material : <\/strong> poli\u00e9ster 100%<\/li>\n<li><strong>Calidad : <\/strong> International standards<\/li>\n<li><strong>Tiempo de muestra: <\/strong> 3-5 d\u00edas<\/li>\n<li><strong>Cantidad m\u00ednima de pedido: <\/strong> accept small moq<\/li>\n<li><strong>Characteristics : <\/strong> Environment Friendly<\/li>\n<li><strong>Estilo : <\/strong> luxury<\/li>\n<li><strong>Certificaci\u00f3n : <\/strong> ISO 9001:2008 Certificate<\/li>\n<li><strong>Shipping : <\/strong> Express for sample, by sea for bulk<\/li>\n<li><strong>Factory Address : <\/strong> Nantong City, 2 hours to Shanghai Port<\/li>\n<li><strong>Nombre del art\u00edculo : <\/strong> cushion and bed runners<\/li>\n<\/ul>","protected":false},"excerpt":{"rendered":"<p>lugar de origen : China marca : Shaanxi Yalan Textil n\u00famero de modelo : YLYY0213 material : 100% Poli\u00e9ster caracter\u00edstica<\/p>","protected":false},"featured_media":176465,"comment_status":"open","ping_status":"closed","template":"","meta":[],"product_brand":[],"product_cat":[30955],"product_tag":[],"class_list":{"0":"post-176466","1":"product","2":"type-product","3":"status-publish","4":"has-post-thumbnail","6":"product_cat-hotel-coverlet","8":"first","9":"outofstock","10":"taxable","11":"shipping-taxable","12":"product-type-variable"},"_links":{"self":[{"href":"https:\/\/nexgendecors.com\/es\/wp-json\/wp\/v2\/product\/176466","targetHints":{"allow":["GET"]}}],"collection":[{"href":"https:\/\/nexgendecors.com\/es\/wp-json\/wp\/v2\/product"}],"about":[{"href":"https:\/\/nexgendecors.com\/es\/wp-json\/wp\/v2\/types\/product"}],"replies":[{"embeddable":true,"href":"https:\/\/nexgendecors.com\/es\/wp-json\/wp\/v2\/comments?post=176466"}],"version-history":[{"count":0,"href":"https:\/\/nexgendecors.com\/es\/wp-json\/wp\/v2\/product\/176466\/revisions"}],"wp:featuredmedia":[{"embeddable":true,"href":"https:\/\/nexgendecors.com\/es\/wp-json\/wp\/v2\/media\/176465"}],"wp:attachment":[{"href":"https:\/\/nexgendecors.com\/es\/wp-json\/wp\/v2\/media?parent=176466"}],"wp:term":[{"taxonomy":"product_brand","embeddable":true,"href":"https:\/\/nexgendecors.com\/es\/wp-json\/wp\/v2\/product_brand?post=176466"},{"taxonomy":"product_cat","embeddable":true,"href":"https:\/\/nexgendecors.com\/es\/wp-json\/wp\/v2\/product_cat?post=176466"},{"taxonomy":"product_tag","embeddable":true,"href":"https:\/\/nexgendecors.com\/es\/wp-json\/wp\/v2\/product_tag?post=176466"}],"curies":[{"name":"wp","href":"https:\/\/api.w.org\/{rel}","templated":true}]}}