{"id":176478,"date":"2025-02-26T05:44:52","date_gmt":"2025-02-26T05:44:52","guid":{"rendered":"https:\/\/nexgendecors.com\/en\/product\/wholesale-twin-size-100-polyester-knitted-fabric-mattress-pad-modern-waterproof-mattress-protector-for-home-hotel-use\/"},"modified":"2025-04-06T10:44:30","modified_gmt":"2025-04-06T10:44:30","slug":"wholesale-twin-size-100-polyester-knitted-fabric-mattress-pad-modern-waterproof-mattress-protector-for-home-hotel-use","status":"publish","type":"product","link":"https:\/\/nexgendecors.com\/es\/product\/wholesale-twin-size-100-polyester-knitted-fabric-mattress-pad-modern-waterproof-mattress-protector-for-home-hotel-use\/","title":{"rendered":"Venta al por mayor, protector de colch\u00f3n de tejido de poli\u00e9ster 100% tama\u00f1o individual, moderno e impermeable, para uso dom\u00e9stico y hotelero."},"content":{"rendered":"<ul>\n<li><strong>lugar de origen : <\/strong> Shaanxi, China<\/li>\n<li><strong>nombre de marca: <\/strong> YALAN or OEM<\/li>\n<li><strong>material : <\/strong> Polycotton<\/li>\n<li><strong>caracter\u00edstica : <\/strong> Folded, Sustainable, Anti-pilling, Non-Toxic, Nondisposable, Air-permeable<\/li>\n<li><strong>T\u00e9cnicas: <\/strong> tejido<\/li>\n<li><strong>estilo : <\/strong> Moderno<\/li>\n<li><strong>cantidad : <\/strong> 4 piezas<\/li>\n<li><strong>patr\u00f3n : <\/strong> S\u00f3lido<\/li>\n<li><strong>solicitud : <\/strong> Hotel, Home, Wedding, Hospital, Wedding Seven-piece Kit, Wedding Six-piece Kit, Wedding Eight-piece Kit, Wedding Quilt Cover, Wedding Four-piece Kit, Wedding Pillow\/Pillowcase<\/li>\n<li><strong>est\u00e1_personalizado : <\/strong> S\u00ed<\/li>\n<li><strong>densidad de la tela: <\/strong> 110*90<\/li>\n<li><strong>recuento de tela: <\/strong> 40*40<\/li>\n<li><strong>Grado de solidez del color: <\/strong> 4<\/li>\n<li><strong>n\u00famero de hilos: <\/strong> 200TC<\/li>\n<li><strong>peso : <\/strong> 1.5-2 Kg<\/li>\n<li><strong>Nombre del producto : <\/strong> Bed mattress protector<\/li>\n<li><strong>Uso: <\/strong> Home Hotel Hospital Wedding  School<\/li>\n<li><strong>Material : <\/strong> 100% polyester knitted fabric + 0.02mm TPU<\/li>\n<li><strong>Color : <\/strong> Blanco<\/li>\n<li><strong>Tama\u00f1o : <\/strong> Twin Queen King Super King<\/li>\n<li><strong>T\u00e9cnica: <\/strong> fitted sheet style or 4 elastic bands at corners<\/li>\n<li><strong>Tipo : <\/strong> Modern Bedroom Sets<\/li>\n<li><strong>Cantidad m\u00ednima de pedido: <\/strong> 50 juegos<\/li>\n<li><strong>Dise\u00f1o : <\/strong> Dise\u00f1os personalizados<\/li>\n<li><strong>Embalaje: <\/strong> Vacuum packing per piece + outer export carton<\/li>\n<\/ul>","protected":false},"excerpt":{"rendered":"<p>Lugar de origen: Shaanxi, China Nombre de la marca: YALAN o OEM Material: Polialgod\u00f3n Caracter\u00edstica: Doblado, Sostenible, Anti-pilling,<\/p>","protected":false},"featured_media":176477,"comment_status":"open","ping_status":"closed","template":"","meta":[],"product_brand":[],"product_cat":[30953,30956],"product_tag":[],"class_list":{"0":"post-176478","1":"product","2":"type-product","3":"status-publish","4":"has-post-thumbnail","6":"product_cat-hotel-sheet-linen","7":"product_cat-mattress-cover","9":"first","10":"instock","11":"taxable","12":"shipping-taxable","13":"purchasable","14":"product-type-variable"},"_links":{"self":[{"href":"https:\/\/nexgendecors.com\/es\/wp-json\/wp\/v2\/product\/176478","targetHints":{"allow":["GET"]}}],"collection":[{"href":"https:\/\/nexgendecors.com\/es\/wp-json\/wp\/v2\/product"}],"about":[{"href":"https:\/\/nexgendecors.com\/es\/wp-json\/wp\/v2\/types\/product"}],"replies":[{"embeddable":true,"href":"https:\/\/nexgendecors.com\/es\/wp-json\/wp\/v2\/comments?post=176478"}],"version-history":[{"count":0,"href":"https:\/\/nexgendecors.com\/es\/wp-json\/wp\/v2\/product\/176478\/revisions"}],"wp:featuredmedia":[{"embeddable":true,"href":"https:\/\/nexgendecors.com\/es\/wp-json\/wp\/v2\/media\/176477"}],"wp:attachment":[{"href":"https:\/\/nexgendecors.com\/es\/wp-json\/wp\/v2\/media?parent=176478"}],"wp:term":[{"taxonomy":"product_brand","embeddable":true,"href":"https:\/\/nexgendecors.com\/es\/wp-json\/wp\/v2\/product_brand?post=176478"},{"taxonomy":"product_cat","embeddable":true,"href":"https:\/\/nexgendecors.com\/es\/wp-json\/wp\/v2\/product_cat?post=176478"},{"taxonomy":"product_tag","embeddable":true,"href":"https:\/\/nexgendecors.com\/es\/wp-json\/wp\/v2\/product_tag?post=176478"}],"curies":[{"name":"wp","href":"https:\/\/api.w.org\/{rel}","templated":true}]}}