{"id":176502,"date":"2025-02-26T05:46:15","date_gmt":"2025-02-26T05:46:15","guid":{"rendered":"https:\/\/nexgendecors.com\/en\/product\/custom-modern-hotel-bed-runner-cushion-cover\/"},"modified":"2025-04-10T16:01:48","modified_gmt":"2025-04-10T16:01:48","slug":"custom-modern-hotel-bed-runner-cushion-cover","status":"publish","type":"product","link":"https:\/\/nexgendecors.com\/es\/product\/custom-modern-hotel-bed-runner-cushion-cover\/","title":{"rendered":"Funda de coj\u00edn personalizada para camino de cama de hotel moderno"},"content":{"rendered":"<ul>\n<li><strong>lugar de origen : <\/strong> Porcelana<\/li>\n<li><strong>nombre de marca: <\/strong> Shaanxi Yalan Textile<\/li>\n<li><strong>N\u00famero de modelo: <\/strong> YLYY0256<\/li>\n<li><strong>material : <\/strong> 100% Poli\u00e9ster<\/li>\n<li><strong>caracter\u00edstica : <\/strong> No desechable<\/li>\n<li><strong>T\u00e9cnicas: <\/strong> tejido<\/li>\n<li><strong>estilo : <\/strong> Estilo europeo y americano<\/li>\n<li><strong>cantidad : <\/strong> 3 piezas<\/li>\n<li><strong>Relleno: <\/strong> non<\/li>\n<li><strong>solicitud : <\/strong> Hotel<\/li>\n<li><strong>est\u00e1_personalizado : <\/strong> S\u00ed<\/li>\n<li><strong>densidad de la tela: <\/strong> 128&#215;68<\/li>\n<li><strong>recuento de tela: <\/strong> 40<\/li>\n<li><strong>Grado de solidez del color: <\/strong> 4<\/li>\n<li><strong>n\u00famero de hilos: <\/strong> 200TC<\/li>\n<li><strong>Tama\u00f1o de la aplicaci\u00f3n: <\/strong> 1.0m 3.3 feet, 1.2m 4 feet, 1.35m 4.5 feet, 1.5m 5 feet, 1.8m 6 feet, 2.0m 6.6 feet<\/li>\n<li><strong>Calificaci\u00f3n : <\/strong> Grado A<\/li>\n<li><strong>Tipo de patr\u00f3n: <\/strong> SCENIC<\/li>\n<li><strong>Tipo : <\/strong> Juegos de cubrecamas y colchas<\/li>\n<li><strong>Grupo de edad: <\/strong> ADULT<\/li>\n<li><strong>Patr\u00f3n : <\/strong> printed<\/li>\n<li><strong>Material : <\/strong> poli\u00e9ster 100%<\/li>\n<li><strong>Calidad : <\/strong> International standards<\/li>\n<li><strong>Tiempo de muestra: <\/strong> 3-5 d\u00edas<\/li>\n<li><strong>Cantidad m\u00ednima de pedido: <\/strong> accept small moq<\/li>\n<li><strong>Characteristics : <\/strong> Environment Friendly<\/li>\n<li><strong>Estilo : <\/strong> luxury<\/li>\n<li><strong>Certificaci\u00f3n : <\/strong> ISO 9001:2008 Certificate<\/li>\n<li><strong>Factory Address : <\/strong> Nantong City, 2 hours to Shanghai Port<\/li>\n<li><strong>Shipping : <\/strong> Express for sample, by sea for bulk<\/li>\n<li><strong>Nombre del art\u00edculo : <\/strong> modern bed runner hotel<\/li>\n<\/ul>","protected":false},"excerpt":{"rendered":"<p>Lugar de origen: China Nombre de la marca: Shaanxi Yalan N\u00famero de modelo textil: YLYY0256 Material: Poli\u00e9ster 100% Caracter\u00edstica<\/p>","protected":false},"featured_media":176513,"comment_status":"open","ping_status":"closed","template":"","meta":[],"product_brand":[],"product_cat":[30955],"product_tag":[],"class_list":{"0":"post-176502","1":"product","2":"type-product","3":"status-publish","4":"has-post-thumbnail","6":"product_cat-hotel-coverlet","8":"first","9":"instock","10":"taxable","11":"shipping-taxable","12":"purchasable","13":"product-type-variable"},"_links":{"self":[{"href":"https:\/\/nexgendecors.com\/es\/wp-json\/wp\/v2\/product\/176502","targetHints":{"allow":["GET"]}}],"collection":[{"href":"https:\/\/nexgendecors.com\/es\/wp-json\/wp\/v2\/product"}],"about":[{"href":"https:\/\/nexgendecors.com\/es\/wp-json\/wp\/v2\/types\/product"}],"replies":[{"embeddable":true,"href":"https:\/\/nexgendecors.com\/es\/wp-json\/wp\/v2\/comments?post=176502"}],"version-history":[{"count":0,"href":"https:\/\/nexgendecors.com\/es\/wp-json\/wp\/v2\/product\/176502\/revisions"}],"wp:featuredmedia":[{"embeddable":true,"href":"https:\/\/nexgendecors.com\/es\/wp-json\/wp\/v2\/media\/176513"}],"wp:attachment":[{"href":"https:\/\/nexgendecors.com\/es\/wp-json\/wp\/v2\/media?parent=176502"}],"wp:term":[{"taxonomy":"product_brand","embeddable":true,"href":"https:\/\/nexgendecors.com\/es\/wp-json\/wp\/v2\/product_brand?post=176502"},{"taxonomy":"product_cat","embeddable":true,"href":"https:\/\/nexgendecors.com\/es\/wp-json\/wp\/v2\/product_cat?post=176502"},{"taxonomy":"product_tag","embeddable":true,"href":"https:\/\/nexgendecors.com\/es\/wp-json\/wp\/v2\/product_tag?post=176502"}],"curies":[{"name":"wp","href":"https:\/\/api.w.org\/{rel}","templated":true}]}}