{"id":176523,"date":"2025-02-26T05:54:02","date_gmt":"2025-02-26T05:54:02","guid":{"rendered":"https:\/\/nexgendecors.com\/en\/product\/wholesale-five-star-4piece-hotels-bedding-set-100-cotton-satin-queen-king-size-quilt-cover-flat-sheet-pillowcase\/"},"modified":"2025-04-06T10:45:07","modified_gmt":"2025-04-06T10:45:07","slug":"wholesale-five-star-4piece-hotels-bedding-set-100-cotton-satin-queen-king-size-quilt-cover-flat-sheet-pillowcase","status":"publish","type":"product","link":"https:\/\/nexgendecors.com\/es\/product\/wholesale-five-star-4piece-hotels-bedding-set-100-cotton-satin-queen-king-size-quilt-cover-flat-sheet-pillowcase\/","title":{"rendered":"Wholesale Five-star 4piece Hotels Bedding Set 100% Cotton Satin Queen King Size Quilt Cover Flat Sheet Pillowcase"},"content":{"rendered":"<ul>\n<li><strong>lugar de origen : <\/strong> Shaanxi, China<\/li>\n<li><strong>nombre de marca: <\/strong> YALAN<\/li>\n<li><strong>material : <\/strong> 100% Algod\u00f3n<\/li>\n<li><strong>caracter\u00edstica : <\/strong> Anti-static, Anti Dust Mite, Anti-Bacteria, Anti-Pull, Sustainable, Anti-pilling<\/li>\n<li><strong>T\u00e9cnicas: <\/strong> tejido<\/li>\n<li><strong>estilo : <\/strong> Moderno<\/li>\n<li><strong>cantidad : <\/strong> 4 piezas<\/li>\n<li><strong>patr\u00f3n : <\/strong> Celebrities, Festival, Solid<\/li>\n<li><strong>solicitud : <\/strong> Hotel, Home, Wedding, Hospital, SCHOOL<\/li>\n<li><strong>est\u00e1_personalizado : <\/strong> S\u00ed<\/li>\n<li><strong>densidad de la tela: <\/strong> 173 * 118<\/li>\n<li><strong>recuento de tela: <\/strong> 60*40<\/li>\n<li><strong>Grado de solidez del color: <\/strong> 4<\/li>\n<li><strong>n\u00famero de hilos: <\/strong> 300<\/li>\n<li><strong>peso : <\/strong> 1-1,5 kilogramos<\/li>\n<li><strong>Nombre del producto : <\/strong> Bed Sheet set<\/li>\n<li><strong>Uso: <\/strong> Home Hotel Hospital Wedding  School<\/li>\n<li><strong>Tela : <\/strong> 100 %cotton<\/li>\n<li><strong>Color : <\/strong> White \/ Customized Color<\/li>\n<li><strong>Tama\u00f1o : <\/strong> Twin  Full  Queen  King  SUPER KING<\/li>\n<li><strong>T\u00e9cnica: <\/strong> Stitching hemming<\/li>\n<li><strong>Cantidad m\u00ednima de pedido: <\/strong> 100 juegos<\/li>\n<li><strong>Logotipo : <\/strong> Logotipo personalizado<\/li>\n<li><strong>Certificaci\u00f3n : <\/strong> OEKO-TEX   ISO9001<\/li>\n<li><strong>Embalaje: <\/strong> inner opp bag+outer export carton<\/li>\n<\/ul>","protected":false},"excerpt":{"rendered":"<p>Lugar de origen : Shaanxi, China Marca : YALAN Material : 100% Algod\u00f3n Caracter\u00edstica : Antiest\u00e1tico, Anti\u00e1caros,<\/p>","protected":false},"featured_media":176522,"comment_status":"open","ping_status":"closed","template":"","meta":[],"product_brand":[],"product_cat":[30953,30956],"product_tag":[],"class_list":{"0":"post-176523","1":"product","2":"type-product","3":"status-publish","4":"has-post-thumbnail","6":"product_cat-hotel-sheet-linen","7":"product_cat-mattress-cover","9":"first","10":"instock","11":"taxable","12":"shipping-taxable","13":"purchasable","14":"product-type-variable"},"_links":{"self":[{"href":"https:\/\/nexgendecors.com\/es\/wp-json\/wp\/v2\/product\/176523","targetHints":{"allow":["GET"]}}],"collection":[{"href":"https:\/\/nexgendecors.com\/es\/wp-json\/wp\/v2\/product"}],"about":[{"href":"https:\/\/nexgendecors.com\/es\/wp-json\/wp\/v2\/types\/product"}],"replies":[{"embeddable":true,"href":"https:\/\/nexgendecors.com\/es\/wp-json\/wp\/v2\/comments?post=176523"}],"version-history":[{"count":0,"href":"https:\/\/nexgendecors.com\/es\/wp-json\/wp\/v2\/product\/176523\/revisions"}],"wp:featuredmedia":[{"embeddable":true,"href":"https:\/\/nexgendecors.com\/es\/wp-json\/wp\/v2\/media\/176522"}],"wp:attachment":[{"href":"https:\/\/nexgendecors.com\/es\/wp-json\/wp\/v2\/media?parent=176523"}],"wp:term":[{"taxonomy":"product_brand","embeddable":true,"href":"https:\/\/nexgendecors.com\/es\/wp-json\/wp\/v2\/product_brand?post=176523"},{"taxonomy":"product_cat","embeddable":true,"href":"https:\/\/nexgendecors.com\/es\/wp-json\/wp\/v2\/product_cat?post=176523"},{"taxonomy":"product_tag","embeddable":true,"href":"https:\/\/nexgendecors.com\/es\/wp-json\/wp\/v2\/product_tag?post=176523"}],"curies":[{"name":"wp","href":"https:\/\/api.w.org\/{rel}","templated":true}]}}