{"id":176614,"date":"2025-02-26T05:56:49","date_gmt":"2025-02-26T05:56:49","guid":{"rendered":"https:\/\/nexgendecors.com\/en\/product\/wholesale-hotel-linen-supplier-luxury-flat-sheet-pillowcase-duvet-cover100-white-cotton-3cm-stripe-fabric-bedding-set\/"},"modified":"2025-04-06T10:46:27","modified_gmt":"2025-04-06T10:46:27","slug":"wholesale-hotel-linen-supplier-luxury-flat-sheet-pillowcase-duvet-cover100-white-cotton-3cm-stripe-fabric-bedding-set","status":"publish","type":"product","link":"https:\/\/nexgendecors.com\/es\/product\/wholesale-hotel-linen-supplier-luxury-flat-sheet-pillowcase-duvet-cover100-white-cotton-3cm-stripe-fabric-bedding-set\/","title":{"rendered":"Proveedor mayorista de ropa de cama de hotel, s\u00e1bana plana de lujo, funda de almohada, funda n\u00f3rdica 100%, juego de cama de tela a rayas de 3 cm de algod\u00f3n blanco"},"content":{"rendered":"<ul>\n<li><strong>lugar de origen : <\/strong> Shaanxi, China<\/li>\n<li><strong>nombre de marca: <\/strong> YALAN<\/li>\n<li><strong>material : <\/strong> 100% Algod\u00f3n<\/li>\n<li><strong>caracter\u00edstica : <\/strong> Anti-static, Anti Dust Mite, Anti-Bacteria, Anti-Pull, Sustainable, Anti-pilling<\/li>\n<li><strong>T\u00e9cnicas: <\/strong> tejido<\/li>\n<li><strong>estilo : <\/strong> Moderno<\/li>\n<li><strong>cantidad : <\/strong> 4 piezas<\/li>\n<li><strong>patr\u00f3n : <\/strong> Celebrities, Festival, Solid<\/li>\n<li><strong>solicitud : <\/strong> Hotel, Home, Wedding, Hospital, SCHOOL<\/li>\n<li><strong>est\u00e1_personalizado : <\/strong> S\u00ed<\/li>\n<li><strong>densidad de la tela: <\/strong> 200*92+92<\/li>\n<li><strong>recuento de tela: <\/strong> 60*80<\/li>\n<li><strong>Grado de solidez del color: <\/strong> 4<\/li>\n<li><strong>n\u00famero de hilos: <\/strong> 400TC<\/li>\n<li><strong>peso : <\/strong> 1-1,5 kilogramos<\/li>\n<li><strong>Nombre del producto : <\/strong> Bed Sheet set<\/li>\n<li><strong>Uso: <\/strong> Home Hotel Hospital Wedding  School<\/li>\n<li><strong>Tela : <\/strong> 100 %cotton<\/li>\n<li><strong>Color : <\/strong> White \/ Customized Color<\/li>\n<li><strong>Tama\u00f1o : <\/strong> Twin  Full  Queen  King  SUPER KING<\/li>\n<li><strong>T\u00e9cnica: <\/strong> stitching hemming<\/li>\n<li><strong>Cantidad m\u00ednima de pedido: <\/strong> 100 juegos<\/li>\n<li><strong>Logotipo : <\/strong> Logotipo personalizado<\/li>\n<li><strong>Certificaci\u00f3n : <\/strong> OEKO-TEX   ISO9001<\/li>\n<li><strong>Embalaje: <\/strong> inner opp bag+outer export carton<\/li>\n<\/ul>","protected":false},"excerpt":{"rendered":"<p>Lugar de origen : Shaanxi, China Marca : YALAN Material : 100% Algod\u00f3n Caracter\u00edstica : Antiest\u00e1tico, Anti\u00e1caros,<\/p>","protected":false},"featured_media":176613,"comment_status":"open","ping_status":"closed","template":"","meta":[],"product_brand":[],"product_cat":[30953,30956],"product_tag":[],"class_list":{"0":"post-176614","1":"product","2":"type-product","3":"status-publish","4":"has-post-thumbnail","6":"product_cat-hotel-sheet-linen","7":"product_cat-mattress-cover","9":"first","10":"instock","11":"taxable","12":"shipping-taxable","13":"purchasable","14":"product-type-variable"},"_links":{"self":[{"href":"https:\/\/nexgendecors.com\/es\/wp-json\/wp\/v2\/product\/176614","targetHints":{"allow":["GET"]}}],"collection":[{"href":"https:\/\/nexgendecors.com\/es\/wp-json\/wp\/v2\/product"}],"about":[{"href":"https:\/\/nexgendecors.com\/es\/wp-json\/wp\/v2\/types\/product"}],"replies":[{"embeddable":true,"href":"https:\/\/nexgendecors.com\/es\/wp-json\/wp\/v2\/comments?post=176614"}],"version-history":[{"count":0,"href":"https:\/\/nexgendecors.com\/es\/wp-json\/wp\/v2\/product\/176614\/revisions"}],"wp:featuredmedia":[{"embeddable":true,"href":"https:\/\/nexgendecors.com\/es\/wp-json\/wp\/v2\/media\/176613"}],"wp:attachment":[{"href":"https:\/\/nexgendecors.com\/es\/wp-json\/wp\/v2\/media?parent=176614"}],"wp:term":[{"taxonomy":"product_brand","embeddable":true,"href":"https:\/\/nexgendecors.com\/es\/wp-json\/wp\/v2\/product_brand?post=176614"},{"taxonomy":"product_cat","embeddable":true,"href":"https:\/\/nexgendecors.com\/es\/wp-json\/wp\/v2\/product_cat?post=176614"},{"taxonomy":"product_tag","embeddable":true,"href":"https:\/\/nexgendecors.com\/es\/wp-json\/wp\/v2\/product_tag?post=176614"}],"curies":[{"name":"wp","href":"https:\/\/api.w.org\/{rel}","templated":true}]}}