{"id":176643,"date":"2025-02-26T06:04:15","date_gmt":"2025-02-26T06:04:15","guid":{"rendered":"https:\/\/nexgendecors.com\/en\/product\/custom-printed-white-100-cotton-linen-napkins-for-luxury-hotel\/"},"modified":"2025-02-26T06:04:28","modified_gmt":"2025-02-26T06:04:28","slug":"custom-printed-white-100-cotton-linen-napkins-for-luxury-hotel","status":"publish","type":"product","link":"https:\/\/nexgendecors.com\/es\/product\/custom-printed-white-100-cotton-linen-napkins-for-luxury-hotel\/","title":{"rendered":"Servilletas de lino y algod\u00f3n 100% blancas con impresi\u00f3n personalizada para hoteles de lujo"},"content":{"rendered":"<ul>\n<li><strong>est\u00e1_personalizado : <\/strong> S\u00ed<\/li>\n<li><strong>Especificaci\u00f3n: <\/strong> 60*60cm<\/li>\n<li><strong>material : <\/strong> 100% Algod\u00f3n<\/li>\n<li><strong>estilo : <\/strong> jacquard<\/li>\n<li><strong>patr\u00f3n : <\/strong> te\u00f1ido liso<\/li>\n<li><strong>T\u00e9cnicas: <\/strong> tejido a ganchillo<\/li>\n<li><strong>caracter\u00edstica : <\/strong> Desechable<\/li>\n<li><strong>solicitud : <\/strong> Casa, Avi\u00f3n, Restaurante<\/li>\n<li><strong>tama\u00f1o : <\/strong> 56*56cm<\/li>\n<li><strong>lugar de origen : <\/strong> Jiangsu, China<\/li>\n<li><strong>nombre de marca: <\/strong> Yalan<\/li>\n<li><strong>N\u00famero de modelo: <\/strong> YLTN-01<\/li>\n<li><strong>Nombre del producto : <\/strong> 100% cotton  napkins<\/li>\n<li><strong>Color : <\/strong> White \/Customized Color<\/li>\n<li><strong>Ventaja : <\/strong> Eco-friendly Soft Comfortable<\/li>\n<li><strong>Embalaje: <\/strong> Bolsa de OPP + cart\u00f3n<\/li>\n<li><strong>Cantidad m\u00ednima de pedido: <\/strong> 1000 piezas<\/li>\n<li><strong>Tama\u00f1o : <\/strong> 56*56cm<\/li>\n<li><strong>GSM: <\/strong> 220\/230\/550 GSM<\/li>\n<li><strong>Certificaci\u00f3n : <\/strong> EST\u00c1NDAR OEKO-TEX 100<\/li>\n<li><strong>M\u00e9todo de tejido: <\/strong> Plain\/jacquard\/embroidery\/sateen<\/li>\n<li><strong>Logotipo : <\/strong> Customzied LOGO<\/li>\n<\/ul>","protected":false},"excerpt":{"rendered":"<p>is_customized: S\u00ed Especificaci\u00f3n: 60*60cm Material: Algod\u00f3n 100% Estilo: Jacquard Patr\u00f3n: Te\u00f1ido liso T\u00e9cnicas: Crochetado<\/p>","protected":false},"featured_media":176642,"comment_status":"open","ping_status":"closed","template":"","meta":[],"product_brand":[],"product_cat":[30961],"product_tag":[],"class_list":{"0":"post-176643","1":"product","2":"type-product","3":"status-publish","4":"has-post-thumbnail","6":"product_cat-napkins-dining-covers","8":"first","9":"instock","10":"taxable","11":"shipping-taxable","12":"purchasable","13":"product-type-variable"},"_links":{"self":[{"href":"https:\/\/nexgendecors.com\/es\/wp-json\/wp\/v2\/product\/176643","targetHints":{"allow":["GET"]}}],"collection":[{"href":"https:\/\/nexgendecors.com\/es\/wp-json\/wp\/v2\/product"}],"about":[{"href":"https:\/\/nexgendecors.com\/es\/wp-json\/wp\/v2\/types\/product"}],"replies":[{"embeddable":true,"href":"https:\/\/nexgendecors.com\/es\/wp-json\/wp\/v2\/comments?post=176643"}],"version-history":[{"count":0,"href":"https:\/\/nexgendecors.com\/es\/wp-json\/wp\/v2\/product\/176643\/revisions"}],"wp:featuredmedia":[{"embeddable":true,"href":"https:\/\/nexgendecors.com\/es\/wp-json\/wp\/v2\/media\/176642"}],"wp:attachment":[{"href":"https:\/\/nexgendecors.com\/es\/wp-json\/wp\/v2\/media?parent=176643"}],"wp:term":[{"taxonomy":"product_brand","embeddable":true,"href":"https:\/\/nexgendecors.com\/es\/wp-json\/wp\/v2\/product_brand?post=176643"},{"taxonomy":"product_cat","embeddable":true,"href":"https:\/\/nexgendecors.com\/es\/wp-json\/wp\/v2\/product_cat?post=176643"},{"taxonomy":"product_tag","embeddable":true,"href":"https:\/\/nexgendecors.com\/es\/wp-json\/wp\/v2\/product_tag?post=176643"}],"curies":[{"name":"wp","href":"https:\/\/api.w.org\/{rel}","templated":true}]}}